{"id":16418,"date":"2019-05-05T08:54:08","date_gmt":"2019-05-05T08:54:08","guid":{"rendered":"https:\/\/www.teamogy.com\/odhlaseni\/"},"modified":"2025-09-12T09:20:28","modified_gmt":"2025-09-12T09:20:28","slug":"unsubscribe","status":"publish","type":"page","link":"https:\/\/www.teamogy.com\/cs\/unsubscribe\/","title":{"rendered":"Odhl\u00e1\u0161en\u00ed"},"content":{"rendered":"<p>[et_pb_section fb_built=&#8220;1&#8243; _builder_version=&#8220;4.16&#8243; background_color=&#8220;#3a3a3a&#8220; global_colors_info=&#8220;{}&#8220;][et_pb_row _builder_version=&#8220;4.16&#8243; global_colors_info=&#8220;{}&#8220;][et_pb_column type=&#8220;4_4&#8243; _builder_version=&#8220;4.16&#8243; custom_padding=&#8220;|||&#8220; global_colors_info=&#8220;{}&#8220; custom_padding__hover=&#8220;|||&#8220;][et_pb_text _builder_version=&#8220;4.16&#8243; _module_preset=&#8220;default&#8220; header_text_color=&#8220;#FFFFFF&#8220; header_font_size=&#8220;40px&#8220; global_colors_info=&#8220;{}&#8220;]<\/p>\n<h1 style=\"text-align: center;\">Odhl\u00e1\u0161en\u00ed<\/h1>\n<p>[\/et_pb_text][et_pb_text _builder_version=&#8220;4.16&#8243; _module_preset=&#8220;default&#8220; text_text_color=&#8220;#FFFFFF&#8220; text_orientation=&#8220;center&#8220; global_colors_info=&#8220;{}&#8220;]<\/p>\n<p>Je n\u00e1m l\u00edto \u017ee se odhla\u0161ujete. Jestli\u017ee se odhl\u00e1s\u00edte, nebudete nad\u00e1le dost\u00e1vat nejnov\u011bj\u0161\u00ed informace a novinky o Teamogy.<\/p>\n<p>Toto odhl\u00e1\u0161en\u00ed se nevztahuje na transak\u010dn\u00ed emaily. Jestli\u017ee jste registrovan\u00fd u\u017eivatel, st\u00e1le bude mo\u017en\u00e9 v\u00e1m odes\u00edlat transka\u010dn\u00ed emaily.<\/p>\n<p>[\/et_pb_text][et_pb_code _builder_version=&#8220;4.27.4&#8243; _module_preset=&#8220;default&#8220; hover_enabled=&#8220;0&#8243; global_colors_info=&#8220;{}&#8220; sticky_enabled=&#8220;0&#8243;]<\/p>\n<form id=\"regForm\" action=\"https:\/\/aio.teamogy.team\/flow\/data\/public\/unsubscribe?form=unsubscribe\" method=\"post\" autocomplete=\"off\"><!-- [et_pb_line_break_holder] -->  <\/p>\n<div class=\"form-body\" style=\"\"><!-- [et_pb_line_break_holder] -->        <!-- [et_pb_line_break_holder] -->        <!-- [et_pb_line_break_holder] -->        <\/p>\n<div class=\"row\"><!-- [et_pb_line_break_holder] -->            <\/p>\n<div class=\"twelve f-columns\"><!-- [et_pb_line_break_holder] -->                <\/p>\n<div class=\"input-group\"><!-- [et_pb_line_break_holder] -->                    <input class=\"input-labelled input-dark\" name=\"email\" id=\"email\" required=\"\"><!-- [et_pb_line_break_holder] -->                    <label-input>V\u00e1\u0161 email<\/label-input><!-- [et_pb_line_break_holder] -->                <\/div>\n<p><!-- [et_pb_line_break_holder] -->            <\/div>\n<p>   <!-- [et_pb_line_break_holder] -->        <\/div>\n<p> <!-- [et_pb_line_break_holder] -->    <!-- [et_pb_line_break_holder] -->    <!-- [et_pb_line_break_holder] -->        <!-- Buttons --><!-- [et_pb_line_break_holder] -->        <\/p>\n<div class=\"buttons\"><!-- [et_pb_line_break_holder] -->              <button type=\"button\" id=\"subBtn\" class=\"form-button g-recaptcha\" data-sitekey=\"6LeZVc8UAAAAAGjJ7c66O_wP4TGfqm5_JiehpoRT\" data-callback=\"onSubmit\" data-action=\"submit\">Odeslat<\/button><!-- [et_pb_line_break_holder] -->        <\/div>\n<p><!-- [et_pb_line_break_holder] -->    <\/div>\n<p><!-- [et_pb_line_break_holder] --><\/form>\n<p><!-- [et_pb_line_break_holder] -->[\/et_pb_code][et_pb_code _builder_version=&#8220;4.16&#8243; global_colors_info=&#8220;{}&#8220;]<script><!-- [et_pb_line_break_holder] -->  function getCookie(name) {<!-- [et_pb_line_break_holder] -->    var nameEQ = name + \"=\";<!-- [et_pb_line_break_holder] -->    var ca = document.cookie.split(';');<!-- [et_pb_line_break_holder] -->    for(var i=0;i <ca.length;i++) {<!-- [et_pb_line_break_holder] -->        var c = ca[i];<!-- [et_pb_line_break_holder] -->        while (c.charAt(0)==' ') c = c.substring(1,c.length);<!-- [et_pb_line_break_holder] -->        if (c.indexOf(nameEQ) == 0) return c.substring(nameEQ.length,c.length);<!-- [et_pb_line_break_holder] -->    }<!-- [et_pb_line_break_holder] -->    return null;<!-- [et_pb_line_break_holder] -->}<!-- [et_pb_line_break_holder] -->  <!-- [et_pb_line_break_holder] -->window.addEventListener(\"load\", function() {<!-- [et_pb_line_break_holder] -->  document.getElementById('et_pb_contact_form_0').addEventListener(\"submit\", function(e) {<!-- [et_pb_line_break_holder] -->    \/\/e.preventDefault();<!-- [et_pb_line_break_holder] -->    const list = document.getElementsByTagName(\"input\"); \/\/ get all input elements<!-- [et_pb_line_break_holder] -->    \/\/console.log(list[0]);<!-- [et_pb_line_break_holder] -->    <!-- [et_pb_line_break_holder] -->    var formData = {};<!-- [et_pb_line_break_holder] -->\t\tvar i;<!-- [et_pb_line_break_holder] -->    for (i = 0; i <list.length; i++) { <!-- [et_pb_line_break_holder] -->      var xinput = list[i];<!-- [et_pb_line_break_holder] -->      var xname = xinput.getAttribute(\"data-original_id\");<!-- [et_pb_line_break_holder] -->      if (xname =='') {<!-- [et_pb_line_break_holder] -->        var xname = xinput.getAttribute(\"id\");<!-- [et_pb_line_break_holder] -->      }<!-- [et_pb_line_break_holder] -->      var xvalue = xinput.value; <!-- [et_pb_line_break_holder] -->      if (xname && xvalue) {<!-- [et_pb_line_break_holder] -->        formData[xname] = xvalue;<!-- [et_pb_line_break_holder] -->      }<!-- [et_pb_line_break_holder] -->    }<!-- [et_pb_line_break_holder] -->    <!-- [et_pb_line_break_holder] -->    var webData = {};<!-- [et_pb_line_break_holder] -->    var ipAddressElement = document.getElementById('IP_address')<!-- [et_pb_line_break_holder] -->    if (ipAddressElement) webData['ip'] = ipAddressElement.value<!-- [et_pb_line_break_holder] -->    webData['hostname'] = window.location.hostname;<!-- [et_pb_line_break_holder] -->    webData['pathname'] = window.location.pathname;<!-- [et_pb_line_break_holder] -->    webData['languagePreferred'] = navigator.language || navigator.userLanguage;<!-- [et_pb_line_break_holder] -->    webData['languageCurrent'] = getCookie('_icl_current_language');<!-- [et_pb_line_break_holder] -->    webData['platform'] = window.navigator.platform;<!-- [et_pb_line_break_holder] -->    webData['timeOffset'] = -(new Date().getTimezoneOffset() \/ 60)<!-- [et_pb_line_break_holder] -->    webData['timeZone'] = Intl.DateTimeFormat().resolvedOptions().timeZone<!-- [et_pb_line_break_holder] -->    webData['screenHeight'] = window.screen.height;<!-- [et_pb_line_break_holder] -->    webData['screenWidth'] = window.screen.width;<!-- [et_pb_line_break_holder] -->    <!-- [et_pb_line_break_holder] -->    <!-- [et_pb_line_break_holder] -->    \/\/ browser detection<!-- [et_pb_line_break_holder] -->    var ua = navigator.userAgent.match(\/(opera|chrome|safari|firefox|msie)\\\/?\\s*(\\.?\\d+(\\.\\d+)*)\/i),<!-- [et_pb_line_break_holder] -->      browser;<!-- [et_pb_line_break_holder] -->    if (navigator.userAgent.match(\/Edge\/i) || navigator.userAgent.match(\/Trident.*rv[ :]*11\\.\/i)) {<!-- [et_pb_line_break_holder] -->      browser = \"msie\";<!-- [et_pb_line_break_holder] -->    }<!-- [et_pb_line_break_holder] -->    else {<!-- [et_pb_line_break_holder] -->      browser = ua[1].toLowerCase();<!-- [et_pb_line_break_holder] -->    }<!-- [et_pb_line_break_holder] -->    webData['browser'] = browser; <!-- [et_pb_line_break_holder] -->    <!-- [et_pb_line_break_holder] -->    var jsonObj = {<!-- [et_pb_line_break_holder] -->      ogy_pid:getCookie('ogy-pid'),<!-- [et_pb_line_break_holder] -->      ogy_cid:getCookie('ogy-cid'),<!-- [et_pb_line_break_holder] -->      ogy_uid:getCookie('ogy-uid'),<!-- [et_pb_line_break_holder] -->      form_data:JSON.stringify(formData),<!-- [et_pb_line_break_holder] -->      web_data:JSON.stringify(webData)<!-- [et_pb_line_break_holder] -->    }<!-- [et_pb_line_break_holder] -->\t\t<!-- [et_pb_line_break_holder] -->    var url = 'https:\/\/pb56ez31d9.execute-api.eu-central-1.amazonaws.com\/default\/createActivity';<!-- [et_pb_line_break_holder] -->    fetch(url, {<!-- [et_pb_line_break_holder] -->      method: 'POST', \/\/ or 'PUT'<!-- [et_pb_line_break_holder] -->      body: JSON.stringify(jsonObj),<!-- [et_pb_line_break_holder] -->      mode: \"no-cors\", \/\/ no-cors, cors, *same-origin<!-- [et_pb_line_break_holder] -->      headers:{<!-- [et_pb_line_break_holder] -->        'Content-Type': 'application\/json'<!-- [et_pb_line_break_holder] -->      }<!-- [et_pb_line_break_holder] -->    })<!-- [et_pb_line_break_holder] -->      <!-- [et_pb_line_break_holder] -->    \/*  <!-- [et_pb_line_break_holder] -->    .then(res => res.json())<!-- [et_pb_line_break_holder] -->    .then(response => console.log('Success:', JSON.stringify(response)))<!-- [et_pb_line_break_holder] -->    .catch(error => console.error('Error:', error));<!-- [et_pb_line_break_holder] -->\t\t*\/    <!-- [et_pb_line_break_holder] --><!-- [et_pb_line_break_holder] -->    <!-- [et_pb_line_break_holder] -->    console.log(jsonObj);<!-- [et_pb_line_break_holder] --><!-- [et_pb_line_break_holder] -->  })<!-- [et_pb_line_break_holder] -->});<!-- [et_pb_line_break_holder] --><\/script>[\/et_pb_code][\/et_pb_column][\/et_pb_row][\/et_pb_section]<\/p>\n","protected":false},"excerpt":{"rendered":"<p>Odhl\u00e1\u0161en\u00edJe n\u00e1m l\u00edto \u017ee se odhla\u0161ujete. Jestli\u017ee se odhl\u00e1s\u00edte, nebudete nad\u00e1le dost\u00e1vat nejnov\u011bj\u0161\u00ed informace a novinky o Teamogy.Toto odhl\u00e1\u0161en\u00ed se nevztahuje na transak\u010dn\u00ed emaily. Jestli\u017ee jste registrovan\u00fd u\u017eivatel, st\u00e1le bude mo\u017en\u00e9 v\u00e1m odes\u00edlat transka\u010dn\u00ed emaily.<\/p>\n","protected":false},"author":2,"featured_media":0,"parent":0,"menu_order":0,"comment_status":"closed","ping_status":"closed","template":"","meta":{"_et_pb_use_builder":"on","_et_pb_old_content":"","_et_gb_content_width":"","footnotes":""},"class_list":["post-16418","page","type-page","status-publish","hentry"],"aioseo_notices":[],"_links":{"self":[{"href":"https:\/\/www.teamogy.com\/cs\/wp-json\/wp\/v2\/pages\/16418","targetHints":{"allow":["GET"]}}],"collection":[{"href":"https:\/\/www.teamogy.com\/cs\/wp-json\/wp\/v2\/pages"}],"about":[{"href":"https:\/\/www.teamogy.com\/cs\/wp-json\/wp\/v2\/types\/page"}],"author":[{"embeddable":true,"href":"https:\/\/www.teamogy.com\/cs\/wp-json\/wp\/v2\/users\/2"}],"replies":[{"embeddable":true,"href":"https:\/\/www.teamogy.com\/cs\/wp-json\/wp\/v2\/comments?post=16418"}],"version-history":[{"count":1,"href":"https:\/\/www.teamogy.com\/cs\/wp-json\/wp\/v2\/pages\/16418\/revisions"}],"predecessor-version":[{"id":987519624,"href":"https:\/\/www.teamogy.com\/cs\/wp-json\/wp\/v2\/pages\/16418\/revisions\/987519624"}],"wp:attachment":[{"href":"https:\/\/www.teamogy.com\/cs\/wp-json\/wp\/v2\/media?parent=16418"}],"curies":[{"name":"wp","href":"https:\/\/api.w.org\/{rel}","templated":true}]}}