{"id":17182,"date":"2019-02-22T09:21:38","date_gmt":"2019-02-22T09:21:38","guid":{"rendered":"https:\/\/www.teamogy.com\/ochrana-osobnich-udaju\/"},"modified":"2026-01-14T17:36:09","modified_gmt":"2026-01-14T17:36:09","slug":"ochrana-osobnich-udaju","status":"publish","type":"page","link":"https:\/\/www.teamogy.com\/cs\/ochrana-osobnich-udaju\/","title":{"rendered":"Ochrana osobn\u00edch \u00fadaj\u016f"},"content":{"rendered":"<p>[et_pb_section fb_built=&#8220;1&#8243; _builder_version=&#8220;4.16&#8243; background_color=&#8220;#18181d&#8220; custom_padding=&#8220;100px|0px|50px|0px|false|false&#8220; global_colors_info=&#8220;{}&#8220;][et_pb_row _builder_version=&#8220;4.16&#8243; module_alignment=&#8220;center&#8220; custom_padding=&#8220;0|0px|60px|0px|false|false&#8220; global_colors_info=&#8220;{}&#8220;][et_pb_column type=&#8220;4_4&#8243; _builder_version=&#8220;4.16&#8243; custom_padding=&#8220;|||&#8220; global_colors_info=&#8220;{}&#8220; custom_padding__hover=&#8220;|||&#8220;][et_pb_text _builder_version=&#8220;4.27.5&#8243; text_font=&#8220;||||||||&#8220; text_text_color=&#8220;#ffffff&#8220; header_font=&#8220;||||||||&#8220; header_5_font=&#8220;||||||||&#8220; header_5_line_height=&#8220;1.4em&#8220; text_orientation=&#8220;center&#8220; max_width=&#8220;46%&#8220; max_width_tablet=&#8220;65%&#8220; max_width_phone=&#8220;86%&#8220; max_width_last_edited=&#8220;on|desktop&#8220; module_alignment=&#8220;center&#8220; hover_enabled=&#8220;0&#8243; global_colors_info=&#8220;{}&#8220; sticky_enabled=&#8220;0&#8243;]<\/p>\n<h1><span style=\"color: #ffffff;\">Z\u00e1sady ochrany osobn\u00edch \u00fadaj\u016f (Privacy policy)<\/span><\/h1>\n<p>[\/et_pb_text][et_pb_image src=&#8220;https:\/\/www.teamogy.com\/wp-content\/uploads\/PinNoShadow.svg&#8220; align=&#8220;center&#8220; align_tablet=&#8220;center&#8220; align_phone=&#8220;&#8220; align_last_edited=&#8220;on|desktop&#8220; _builder_version=&#8220;4.16&#8243; max_width=&#8220;15%&#8220; max_width_tablet=&#8220;25%&#8220; max_width_phone=&#8220;40%&#8220; max_width_last_edited=&#8220;on|phone&#8220; global_colors_info=&#8220;{}&#8220;][\/et_pb_image][\/et_pb_column][\/et_pb_row][\/et_pb_section][et_pb_section fb_built=&#8220;1&#8243; _builder_version=&#8220;4.16&#8243; background_color=&#8220;#f4efe7&#8243; global_colors_info=&#8220;{}&#8220;][et_pb_row _builder_version=&#8220;4.16&#8243; global_colors_info=&#8220;{}&#8220;][et_pb_column type=&#8220;4_4&#8243; _builder_version=&#8220;4.16&#8243; custom_padding=&#8220;|||&#8220; global_colors_info=&#8220;{}&#8220; custom_padding__hover=&#8220;|||&#8220;][et_pb_text _builder_version=&#8220;4.16&#8243; header_font=&#8220;||||||||&#8220; header_font_size=&#8220;25px&#8220; header_line_height=&#8220;1.1em&#8220; header_2_font=&#8220;||||||||&#8220; header_2_font_size=&#8220;25px&#8220; header_2_line_height=&#8220;1.1em&#8220; header_3_font=&#8220;||||||||&#8220; header_3_font_size=&#8220;20px&#8220; header_3_line_height=&#8220;1.1em&#8220; global_colors_info=&#8220;{}&#8220;]<\/p>\n<p>&nbsp;<\/p>\n<table>\n<tbody>\n<tr>\n<td>\n<h1><span style=\"font-weight: 400;\">\u00daVOD<\/span><\/h1>\n<p>Tyto z\u00e1sady ochrany osobn\u00edch \u00fadaj\u016f popisuj\u00ed, jak spole\u010dnost AD-IN-ONE Europe, a.s. zpracov\u00e1v\u00e1 osobn\u00ed \u00fadaje u\u017eivatel\u016f sv\u00fdch softwarov\u00fdch \u0159e\u0161en\u00ed v\u010detn\u011b aplikac\u00ed dostupn\u00fdch v obchodech Google Play a Apple App Store.<\/p>\n<p><span style=\"font-weight: 400;\"><\/span><\/p>\n<h2><span style=\"font-weight: 400;\">Toto\u017enost a kontaktn\u00ed \u00fadaje spr\u00e1vce<\/span><\/h2>\n<p><span style=\"font-weight: 400;\"><\/span><\/p>\n<p><span style=\"font-weight: 400;\">AD-IN-ONE Europe, a.s., I\u010c: 280 82 869, se s\u00eddlem: F\u00fcgnerovo n\u00e1m\u011bst\u00ed 1808\/3, 12000, Praha 2, zapsan\u00e1 v obchodn\u00edm rejst\u0159\u00edku veden\u00e9m M\u011bstsk\u00fdm soudem v Praze pod sp. zn. B 14840.<\/span><\/p>\n<p><span style=\"font-weight: 400;\">K uplatn\u011bn\u00ed pr\u00e1v subjektu \u00fadaj\u016f dle z\u00e1kona o ochran\u011b osobn\u00edch \u00fadaj\u016f \u010d. 101\/2000 Sb. a na\u0159\u00edzen\u00ed Evropsk\u00e9ho parlamentu a Rady (EU) 2016\/679 (d\u00e1le jen &#8222;<\/span><b>obecn\u00e9 na\u0159\u00edzen\u00ed<\/b><span style=\"font-weight: 400;\">\u201c), se na n\u00e1s lze obracet osobn\u011b na adrese na\u0161eho s\u00eddla, po\u0161tou na v\u00fd\u0161e uveden\u00e9 koresponden\u010dn\u00ed adrese, prost\u0159ednictv\u00edm datov\u00e9 schr\u00e1nky, ID DS: siickh6, \u010di emailem na adrese <\/span><a href=\"mailto:info@ad-in-one.com\"><span style=\"font-weight: 400;\">info@ad-in-one.com<\/span><\/a><span style=\"font-weight: 400;\">. Na\u0161e spole\u010dnost nenapl\u0148uje podm\u00ednky pro povinn\u00e9 jmenov\u00e1n\u00ed pov\u011b\u0159ence pro ochranu osobn\u00edch \u00fadaj\u016f. V p\u0159\u00edpad\u011b pochybnost\u00ed o Va\u0161\u00ed toto\u017enosti V\u00e1s m\u016f\u017eeme po\u017e\u00e1dat o dodate\u010dn\u00e9 ov\u011b\u0159en\u00ed Va\u0161\u00ed toto\u017enosti.<br \/><\/span><\/p>\n<p><span style=\"font-weight: 400;\"><\/span><\/p>\n<h2><span style=\"font-weight: 400;\">P\u0159edm\u011bt zpracov\u00e1n\u00ed \u00fadaj\u016f<\/span><\/h2>\n<p><span style=\"font-weight: 400;\">V r\u00e1mci na\u0161\u00ed \u010dinnosti zpracov\u00e1v\u00e1me pouze b\u011b\u017en\u00e9 kategorie osobn\u00edch \u00fadaj\u016f:<\/span><\/p>\n<ol>\n<li><b style=\"font-size: 16px;\">Identifika\u010dn\u00ed \u00fadaje<\/b> <span style=\"font-size: 16px;\"><span style=\"font-size: 16px;\"><span style=\"font-size: 16px;\">jako je titul, jm\u00e9no, p\u0159\u00edjmen\u00ed, pracovn\u00ed za\u0159azen\u00ed;<\/span><\/span><\/span>\n<p>&nbsp;<\/p>\n<p>&nbsp;<\/p>\n<\/li>\n<li><b>Kontaktn\u00ed \u00fadaje<\/b> <span style=\"font-weight: 400;\"><span style=\"font-weight: 400;\"><span style=\"font-weight: 400;\">typu telefonn\u00ed \u010d\u00edslo, emailov\u00e1 adresa a pracovn\u00ed adresa elektronick\u00e9 po\u0161ty na pracovi\u0161t\u011b;<\/span><\/span><\/span>\n<p>&nbsp;<\/p>\n<p>&nbsp;<\/p>\n<\/li>\n<li><b>\u00dadaje o transakc\u00edch<\/b> <span style=\"font-weight: 400;\"><span style=\"font-weight: 400;\"><span style=\"font-weight: 400;\">mezi n\u011b \u0159ad\u00edme zejm\u00e9na \u00fadaje o p\u0159evzat\u00fdch a poskytnut\u00fdch slu\u017eb\u00e1ch, u\u017eivatelsk\u00fdch pr\u00e1vech, v\u00fdrobc\u00edch, platb\u00e1ch, bankovn\u00edch \u00fa\u010dtech a jin\u00e9 \u00fadaje vypl\u00fdvaj\u00edc\u00ed ze slu\u017eeb poskytovan\u00fdch na\u0161im z\u00e1kazn\u00edk\u016fm a obchodn\u00edm partner\u016fm;<\/span><\/span><\/span>\n<p>&nbsp;<\/p>\n<p>&nbsp;<\/p>\n<\/li>\n<li><b>\u00dadaje zahrnut\u00e9 v komunikaci<\/b><span style=\"font-weight: 400;\"><span style=\"font-weight: 400;\"><span style=\"font-weight: 400;\">, tj. zejm\u00e9na jak\u00e9koliv osobn\u00ed \u00fadaje v r\u00e1mci komunikace subjekt\u016f \u00fadaj\u016f s na\u0161\u00ed spole\u010dnost\u00ed, ale z\u00e1rove\u0148 i samotn\u00fd obsah komunikace s dan\u00fdm subjektem, jedn\u00e1 se o p\u00edsemnou a elektronickou komunikaci a z\u00e1znamy telefonick\u00fdch hovor\u016f, chatov\u00e9 a videochatov\u00e9 komunikace mezi z\u00e1kazn\u00edkem \u010di u\u017eivatelem a AD-IN-ONE Europe, a.s. d\u00e1le se jedn\u00e1 o informace dobrovoln\u011b poskytnut\u00e9 z dotazn\u00edk\u016f, formul\u00e1\u0159\u016f, anket \u010di podobn\u00fdch zdroj\u016f;<\/span><\/span><\/span>\n<p>&nbsp;<\/p>\n<p>&nbsp;<\/p>\n<\/li>\n<li><b>\u00dadaje spojen\u00e9 s u\u017e\u00edv\u00e1n\u00edm webov\u00fdch str\u00e1nek www.ad-in-one.com a dal\u0161\u00edch str\u00e1nek provozovan\u00fdch AD-IN-ONE Europe, a.s., <\/b><span style=\"font-weight: 400;\"><span style=\"font-weight: 400;\"><span style=\"font-weight: 400;\">kde m\u016f\u017eeme shroma\u017e\u010fovat \u00fadaje jako jsou IP adresa, typ prohl\u00ed\u017ee\u010de, typ opera\u010dn\u00edho syst\u00e9mu a \u00fadaj o p\u0159ibli\u017en\u00e9 lokaci. D\u00e1le ukl\u00e1d\u00e1me informace z\u00edskan\u00e9\u0301 pomoci\u0301 cookies a webov\u00fdch log\u016f server\u016f.<\/span><\/span><\/span>\n<p>&nbsp;<\/p>\n<p>&nbsp;<\/p>\n<\/li>\n<li><b>\u00dadaje spojen\u00e9 s u\u017e\u00edv\u00e1n\u00edm software a aplikac\u00ed vyvinut\u00fdch AD-IN-ONE Europe, a.s.,<\/b><span style=\"font-weight: 400;\"><span style=\"font-weight: 400;\"><span style=\"font-weight: 400;\"> kde m\u016f\u017eeme shroma\u017e\u010fovat \u00fadaje jako jsou IP adresa, typ prohl\u00ed\u017ee\u010de, typ opera\u010dn\u00edho syst\u00e9mu a \u00fadaj o p\u0159ibli\u017en\u00e9 lokaci u\u017eivatel\u016f. D\u00e1le zpracov\u00e1v\u00e1me jm\u00e9no, p\u0159\u00edjmen\u00ed, pracovn\u00ed pozici, email a telefonn\u00ed \u010d\u00edslo jednotliv\u00fdch u\u017eivatel\u016f.<\/span><\/span><\/span>\n<p>&nbsp;<\/p>\n<p>&nbsp;<\/p>\n<\/li>\n<li><b>\u00dadaje zpracovan\u00e9 na z\u00e1klad\u011b souhlasu<\/b><span style=\"font-weight: 400;\">, kdy zpracov\u00e1n\u00ed t\u011bchto \u00fadaj\u016f nen\u00ed nezbytn\u011b nutn\u00e9 k pln\u011bn\u00ed smlouvy nebo z\u00e1konn\u00fdch povinnost\u00ed \u010di k ochran\u011b opr\u00e1vn\u011bn\u00fdch z\u00e1jm\u016f AD-IN-ONE Europe, a.s., ale jejich zpracov\u00e1n\u00ed umo\u017en\u00ed AD-IN-ONE Europe, a.s. zlep\u0161ovat slu\u017eby, zam\u011b\u0159it se na to, co z\u00e1kazn\u00edky opravdu zaj\u00edm\u00e1, a p\u0159\u00edpadn\u011b z\u00e1kazn\u00edky informovat o nab\u00eddk\u00e1ch, kter\u00e9 jsou pro n\u011b vhodn\u00e9. Tyto \u00fadaje jsou zpracov\u00e1ny jen v p\u0159\u00edpad\u011b ud\u011blen\u00ed souhlasu a mohou b\u00fdt zpracov\u00e1ny po dobu platnosti tohoto souhlasu. Jedn\u00e1 se zejm\u00e9na o:<\/span><\/li>\n<\/ol>\n<ul>\n<li style=\"font-weight: 400;\"><span style=\"font-weight: 400;\">\u00fadaje z\u00edskan\u00e9 marketingov\u00fdmi pr\u016fzkumy;<\/span><\/li>\n<li style=\"font-weight: 400;\"><span style=\"font-weight: 400;\">\u00fadaje o vyu\u017e\u00edv\u00e1n\u00ed slu\u017eeb, produkt\u016f, v\u00fdhod a bonus\u016f a typov\u00e9m chov\u00e1n\u00ed p\u0159i vyu\u017e\u00edv\u00e1n\u00ed slu\u017eeb;<\/span><\/li>\n<li style=\"font-weight: 400;\"><span style=\"font-weight: 400;\">kontaktn\u00ed \u00fadaje v p\u0159\u00edpad\u011b, \u017ee se nejedn\u00e1 o z\u00e1kazn\u00edka AD-IN-ONE Europe, a.s.;<\/span><\/li>\n<li style=\"font-weight: 400;\"><span style=\"font-weight: 400;\"><span style=\"font-weight: 400;\"><span style=\"font-weight: 400;\">z\u00e1znamy o chov\u00e1n\u00ed na internetov\u00fdch str\u00e1nk\u00e1ch AD-IN-ONE Europe, a.s. z\u00edskan\u00e9 z cookies v p\u0159\u00edpad\u011b povolen\u00ed cookies ve webov\u00e9m prohl\u00ed\u017ee\u010di (jsou zpracov\u00e1ny pro vylep\u0161en\u00ed provozu internetov\u00fdch str\u00e1nek AD-IN-ONE Europe, a.s., internetovou reklamu a v p\u0159\u00edpad\u011b souhlasu se zpracov\u00e1n\u00edm osobn\u00edch \u00fadaj\u016f pro obchodn\u00ed \u00fa\u010dely jsou tyto \u00fadaje zpracov\u00e1ny spole\u010dn\u011b s ostatn\u00edmi osobn\u00edmi \u00fadaji pro tento \u00fa\u010del);<\/span><\/span><\/span>\n<p>&nbsp;<\/p>\n<p>&nbsp;<\/p>\n<\/li>\n<\/ul>\n<h2><span style=\"font-weight: 400;\">Kategorie subjekt\u016f \u00fadaj\u016f<\/span><\/h2>\n<p><span style=\"font-weight: 400;\">Zam\u011bstnanci, \u010dlenov\u00e9 statut\u00e1rn\u00edch org\u00e1n\u016f, opr\u00e1vn\u011bn\u00e9 \u010di kontaktn\u00ed osoby obchodn\u00edch partner\u016f, n\u00e1v\u0161t\u011bvn\u00edci webov\u00fdch str\u00e1nek, u\u017eivatel\u00e9 software a aplikac\u00ed vyvinut\u00fdch AD-IN-ONE Europe, a.s. v r\u00e1mci licenc\u00ed poskytnut\u00fdch z\u00e1kazn\u00edk\u016fm k jejich u\u017e\u00edv\u00e1n\u00ed, z\u00e1kazn\u00edci a potencion\u00e1ln\u00ed z\u00e1kazn\u00edci.<\/span><\/p>\n<p>&nbsp;<\/p>\n<h2><span style=\"font-weight: 400;\">\u00da\u010dely a pr\u00e1vn\u00ed z\u00e1klad zpracov\u00e1n\u00ed<\/span><\/h2>\n<p><span style=\"font-weight: 400;\">(a) <\/span><b>Zpracov\u00e1n\u00ed \u00fadaj\u016f nezbytn\u00e9 pro spln\u011bn\u00ed smlouvy<\/b><\/p>\n<p><span style=\"font-weight: 400;\">Osobn\u00ed \u00fadaje zpracov\u00e1van\u00e9 za \u00fa\u010delem poskytov\u00e1n\u00ed slu\u017eeb, bezpe\u010dn\u00e9ho a \u0159\u00e1dn\u00e9ho v\u00fdkonu pln\u011bn\u00ed smlouvy, spr\u00e1vy u\u017eivatelsk\u00fdch pr\u00e1v a zaji\u0161t\u011bn\u00ed klientsk\u00e9ho servisu na\u0161im z\u00e1kazn\u00edk\u016fm. Poskytnut\u00ed t\u011bchto osobn\u00edch \u00fadaj\u016f je smluvn\u00ed povinnost\u00ed, a jejich neposkytnut\u00ed by n\u00e1m znemo\u017enilo efektivn\u011b a bezpe\u010dn\u011b plnit smlouvu s klientem.<\/span><\/p>\n<p><span style=\"font-weight: 400;\">(b) <\/span><b>Zpracov\u00e1n\u00ed \u00fadaj\u016f nezbytn\u00e9 pro spln\u011bn\u00ed pr\u00e1vn\u00ed povinnosti, kter\u00e1 se na spr\u00e1vce vztahuje<\/b><\/p>\n<p><span style=\"font-weight: 400;\">Osobn\u00ed \u00fadaje zpracov\u00e1van\u00e9 za \u00fa\u010delem pln\u011bn\u00ed povinnosti vypl\u00fdvaj\u00edc\u00edch z pr\u00e1vn\u00edch p\u0159edpis\u016f, ukl\u00e1daj\u00edc\u00edch povinnost osobn\u00ed \u00fadaje zpracov\u00e1vat. Jedn\u00e1 se typicky o uchov\u00e1n\u00ed \u00fadaj\u016f z d\u016fvodu veden\u00ed \u00fa\u010detnictv\u00ed, poskytnut\u00ed t\u011bchto \u00fadaj\u016f je z\u00e1konn\u00fdm po\u017eadavkem.<\/span><\/p>\n<p><span style=\"font-weight: 400;\">(c) <\/span><b>Zpracov\u00e1n\u00ed \u00fadaj\u016f nezbytn\u00e9 pro sjedn\u00e1n\u00ed a napl\u0148ov\u00e1n\u00ed pracovn\u011bpr\u00e1vn\u00edho vztahu<\/b><\/p>\n<p><span style=\"font-weight: 400;\">Osobn\u00ed \u00fadaje zpracov\u00e1van\u00e9 za \u00fa\u010delem n\u00e1boru zam\u011bstnanc\u016f uchov\u00e1van\u00e9 pro p\u0159\u00edpadn\u00e9 uzav\u0159en\u00ed pracovn\u00ed smlouvy s uchaze\u010di. Poskytnut\u00ed t\u011bchto osobn\u00edch \u00fadaj\u016f je smluvn\u00ed povinnost\u00ed, a jejich neposkytnut\u00ed by n\u00e1m znemo\u017enilo efektivn\u011b realizovat v\u00fdb\u011brov\u00e9 \u0159\u00edzen\u00ed a bezpe\u010dn\u011b plnit smlouvu se zam\u011bstnancem.<\/span><\/p>\n<p><span style=\"font-weight: 400;\">(d) <\/span><b>Zpracov\u00e1n\u00ed \u00fadaj\u016f nezbytn\u00e9 pro \u00fa\u010dely opr\u00e1vn\u011bn\u00fdch z\u00e1jm\u016f v r\u00e1mci obchodn\u00ed komunikace <\/b><\/p>\n<p><span style=\"font-weight: 400;\">Osobn\u00ed \u00fadaje zpracov\u00e1van\u00e9 za \u00fa\u010delem navazov\u00e1n\u00ed, udr\u017eov\u00e1n\u00ed a prohlubov\u00e1n\u00ed obchodn\u00edch vztah\u016f a kontakt\u016f s na\u0161imi obchodn\u00edmi partnery a z\u00e1kazn\u00edky, tedy nap\u0159\u00edklad za \u00fa\u010delem zas\u00edl\u00e1n\u00ed obchodn\u00edch nab\u00eddek, zji\u0161\u0165ov\u00e1n\u00ed a zlep\u0161ov\u00e1n\u00ed va\u0161\u00ed z\u00e1kaznick\u00e9 zku\u0161enosti, PR a posilov\u00e1n\u00ed zna\u010dky. Na\u0161im opr\u00e1vn\u011bn\u00fdm z\u00e1jmem je rovn\u011b\u017e u\u017eit\u00ed osobn\u00edch \u00fadaj\u016f pro \u0159\u00e1dnou ochranu na\u0161ich pr\u00e1vn\u00edch n\u00e1rok\u016f, veden\u00ed vnit\u0159n\u00edch statistik a evidenc\u00ed, prov\u00e1d\u011bn\u00ed intern\u00edch kontrol apod. V p\u0159\u00edpad\u011b zah\u00e1jen\u00ed soudn\u00edho, spr\u00e1vn\u00edho nebo jin\u00e9ho \u0159\u00edzen\u00ed zpracov\u00e1v\u00e1me osobn\u00ed \u00fadaje v nezbytn\u00e9m rozsahu po celou dobu trv\u00e1n\u00ed takov\u00fdch \u0159\u00edzen\u00ed. Poskytnut\u00ed t\u011bchto \u00fadaj\u016f je dobrovoln\u00e9, proti zpracov\u00e1n\u00ed pro tyto \u00fa\u010dely m\u00e1te pr\u00e1vo vzn\u00e9st kdykoliv n\u00e1mitku dle \u010dl. 21 obecn\u00e9ho na\u0159\u00edzen\u00ed, v p\u0159\u00edpad\u011b uplatn\u011bn\u00ed n\u00e1mitky proti zpracov\u00e1n\u00ed za \u00fa\u010delem p\u0159\u00edm\u00e9ho marketingu \u00fadaje ji\u017e nebudou zpracov\u00e1v\u00e1ny bez dal\u0161\u00edho.<\/span><\/p>\n<p><span style=\"font-weight: 400;\">(e) <\/span><b>Zpracov\u00e1v\u00e1n\u00ed cookies z internetov\u00fdch str\u00e1nek<\/b><\/p>\n<p><span style=\"font-weight: 400;\">V r\u00e1mci obchodn\u00ed strategie u\u017e\u00edv\u00e1me rovn\u011b\u017e soubory cookies pou\u017e\u00edvan\u00e9 zejm\u00e9na k \u00fa\u010del\u016fm identifikace za\u0159\u00edzen\u00ed u\u017eivatele, optimalizace na\u0161\u00ed webov\u00e9 prezentace a pro slu\u017eby t\u0159et\u00edch stran (zejm\u00e9na Google Analytics). Pokud n\u00e1v\u0161t\u011bvn\u00edk webov\u00fdch str\u00e1nek AD-IN-ONE Europe, a.s. nesouhlas\u00ed s vyu\u017eit\u00edm cookies, m\u016f\u017ee si nastavit jejich blokov\u00e1n\u00ed v nastaven\u00ed sv\u00e9ho prohl\u00ed\u017ee\u010de. V p\u0159\u00edpad\u011b, \u017ee m\u00e1 n\u00e1v\u0161t\u011bvn\u00edk ve sv\u00e9m webov\u00e9m prohl\u00ed\u017ee\u010di povoleny cookies, zpracov\u00e1v\u00e1me o n\u011bm z\u00e1znamy chov\u00e1n\u00ed z cookies um\u00edst\u011bn\u00fdch na internetov\u00fdch str\u00e1nk\u00e1ch AD-IN-ONE Europe, a.s.<\/span><\/p>\n<p>&nbsp;<\/p>\n<h2><span style=\"font-weight: 400;\">Kategorie p\u0159\u00edjemc\u016f osobn\u00edch \u00fadaj\u016f<\/span><\/h2>\n<p><span style=\"font-weight: 400;\">Ve\u0161ker\u00e9 osobn\u00ed \u00fadaje jsou vyu\u017e\u00edv\u00e1ny v\u00fdhradn\u011b pro vnit\u0159n\u00ed pot\u0159ebu AD-IN-ONE Europe, a.s. a jsou chr\u00e1n\u011bny p\u0159ed zneu\u017eit\u00edm Osobn\u00ed \u00fadaje jsou v nezbytn\u00e9m rozsahu p\u0159ed\u00e1v\u00e1ny ke zpracov\u00e1n\u00ed org\u00e1n\u016fm ve\u0159ejn\u00e9 spr\u00e1vy a dal\u0161\u00edm zpracovatel\u016fm, kte\u0159\u00ed v souladu s ulo\u017een\u00fdmi pokyny poskytuj\u00ed dostate\u010dn\u00e9 z\u00e1ruky zaveden\u00ed technick\u00fdch a organiza\u010dn\u00edch opat\u0159en\u00ed tak, aby dan\u00e9 zpracov\u00e1n\u00ed spl\u0148ovalo po\u017eadavky obecn\u00e9ho na\u0159\u00edzen\u00ed.<\/span><\/p>\n<p><span style=\"font-weight: 400;\">P\u0159\u00edkladov\u011b jsou mezi zpracovateli poradensk\u00e9 a konzulta\u010dn\u00ed spole\u010dnosti, pr\u00e1vn\u00ed z\u00e1stupci, extern\u00ed dopravci, org\u00e1ny \u010dinn\u00e9 v trestn\u00edm \u0159\u00edzen\u00ed, dozorov\u00e9 org\u00e1ny na \u00faseku ochrany osobn\u00edch \u00fadaj\u016f a jin\u00e9 org\u00e1ny st\u00e1tn\u00ed spr\u00e1vy, p\u0159\u00edslu\u0161n\u00e9 dle zvl\u00e1\u0161tn\u00edch p\u0159edpis\u016f.<\/span><\/p>\n<p><span style=\"font-weight: 400;\">P\u0159\u00edjemci jsou d\u00e1le poskytovatel cloudov\u00e9ho \u00falo\u017ei\u0161t\u011b Amazon Web Services Inc. a provozovatel\u00e9 platebn\u00ed br\u00e1ny pro platby kartou \u010c\u00edsla kreditn\u00edch karet a dal\u0161\u00ed citliv\u00e9 \u00fadaje jsou zpracov\u00e1ny poskytovatelem platebn\u00ed br\u00e1ny. AD-IN-ONE Europe, a.s. neuchov\u00e1v\u00e1 a ani nem\u00e1 k dispozici \u010d\u00edsla kreditn\u00edch karet.<\/span><\/p>\n<p><span style=\"font-weight: 400;\">V r\u00e1mci zpracov\u00e1n\u00ed osobn\u00edch \u00fadaj\u016f nedoch\u00e1z\u00ed k jejich p\u0159ed\u00e1n\u00ed do t\u0159et\u00edch zem\u00ed mimo \u00fazem\u00ed Evropsk\u00e9 Unie \u010di do mezin\u00e1rodn\u00edch organizac\u00ed.<\/span><\/p>\n<p>&nbsp;<\/p>\n<h2><span style=\"font-weight: 400;\">Doba a zp\u016fsob zpracov\u00e1n\u00ed osobn\u00edch \u00fadaj\u016f<\/span><\/h2>\n<p><span style=\"font-weight: 400;\">Osobn\u00ed \u00fadaje jsou zpracov\u00e1v\u00e1ny po dobu nezbytn\u011b nutnou k zaji\u0161t\u011bn\u00ed v\u0161ech pr\u00e1v a povinnost\u00ed plynouc\u00edch ze smlouvy, a d\u00e1le po dobu, po kterou je t\u0159eba \u00fadaje uchov\u00e1vat podle obecn\u011b z\u00e1vazn\u00fdch pr\u00e1vn\u00edch p\u0159edpis\u016f.<\/span><\/p>\n<p><span style=\"font-weight: 400;\">Obecn\u011b v\u0161ak plat\u00ed, \u017ee osobn\u00ed \u00fadaje zpracov\u00e1van\u00e9 z titulu opr\u00e1vn\u011bn\u00e9ho z\u00e1jmu vyu\u017e\u00edv\u00e1me a uchov\u00e1v\u00e1me po dobu:<\/span><\/p>\n<ul>\n<li style=\"font-weight: 400;\"><span style=\"font-weight: 400;\">trv\u00e1n\u00ed na\u0161eho obchodn\u00edho vztahu,<\/span><\/li>\n<li style=\"font-weight: 400;\"><span style=\"font-weight: 400;\">trv\u00e1n\u00ed komunikace se zam\u011bstnancem, statut\u00e1rn\u00edm z\u00e1stupcem, opr\u00e1vn\u011bnou \u010di kontaktn\u00ed osobou po dobu jeho \u010dinnosti, upozorn\u00edte-li n\u00e1s na jeho ukon\u010den\u00ed,<\/span><\/li>\n<li style=\"font-weight: 400;\"><span style=\"font-weight: 400;\">pot\u0159ebnou k v\u00fdkonu t\u011bchto pr\u00e1v, kdy po uplynut\u00ed lh\u016ft podle p\u0159edchoz\u00edch bod\u016f zpracov\u00e1v\u00e1me \u00fadaje z d\u016fvodu na\u0161ich opr\u00e1vn\u011bn\u00fdch z\u00e1jm\u016f, zejm\u00e9na na uplat\u0148ov\u00e1n\u00ed, prokazov\u00e1n\u00ed a obhajov\u00e1n\u00ed na\u0161ich pr\u00e1v, z\u00e1jm\u016f, n\u00e1rok\u016f,<\/span><\/li>\n<li style=\"font-weight: 400;\"><span style=\"font-weight: 400;\">do uplatn\u011bn\u00ed n\u00e1mitky v\u016f\u010di zpracov\u00e1n\u00ed, p\u0159i kter\u00e9m Va\u0161e pr\u00e1va a z\u00e1jmy p\u0159ev\u00e1\u017e\u00ed nad na\u0161imi opr\u00e1vn\u011bn\u00fdmi z\u00e1jmy,<\/span><\/li>\n<\/ul>\n<p><span style=\"font-weight: 400;\"><br \/>Po uplynut\u00ed t\u00e9to doby jsme opr\u00e1vn\u011bni zpracov\u00e1vat Va\u0161e osobn\u00ed \u00fadaje jen pro slu\u010diteln\u00e9 \u00fa\u010dely anebo pro zvl\u00e1\u0161tn\u00ed \u00fa\u010dely (archivace \u010di statistika).<\/span><\/p>\n<p><span style=\"font-weight: 400;\">Osobn\u00ed \u00fadaje jsou v elektronick\u00e9 form\u011b uchov\u00e1v\u00e1ny v\u00fdhradn\u011b na serverech na\u0161\u00ed spole\u010dnosti v \u010cesk\u00e9 republice \u010di na \u00fazem\u00ed Evropsk\u00e9 unie. Fyzicky uchov\u00e1v\u00e1me \u00fadaje jen v prostor\u00e1ch na\u0161\u00ed spole\u010dnosti \u010di pod dohledem odpov\u011bdn\u00fdch osob.<\/span><\/p>\n<p>&nbsp;<\/p>\n<h2><span style=\"font-weight: 400;\">Pr\u00e1va subjekt\u016f osobn\u00edch \u00fadaj\u016f<\/span><\/h2>\n<p><span style=\"font-weight: 400;\">Subjekty osobn\u00edch \u00fadaj\u016f se maj\u00ed pr\u00e1vo na AD-IN-ONE Europe a.s. obracet za \u00fa\u010delem uplatn\u011bn\u00ed pr\u00e1va na p\u0159\u00edstup k osobn\u00edm \u00fadaj\u016fm, kter\u00e9 se jich t\u00fdkaj\u00ed, jejich opravu nebo v\u00fdmaz, pop\u0159\u00edpad\u011b omezen\u00ed zpracov\u00e1n\u00ed, d\u00e1le pr\u00e1va vzn\u00e9st n\u00e1mitku proti zpracov\u00e1n\u00ed, jako\u017e i p\u0159i uplatn\u011bn\u00ed pr\u00e1va na p\u0159enositelnost \u00fadaj\u016f a dal\u0161\u00edch pr\u00e1v podle obecn\u00e9ho na\u0159\u00edzen\u00ed.<\/span><\/p>\n<p><span style=\"font-weight: 400;\">Jste-li p\u0159esv\u011bd\u010deni, \u017ee s va\u0161imi daty nezach\u00e1z\u00edme adekv\u00e1tn\u011b a podle z\u00e1konn\u00fdch norem, m\u00e1te mo\u017enost podat st\u00ed\u017enost u dozorov\u00e9ho \u00fa\u0159adu, kter\u00fdm je \u00da\u0159ad pro ochranu osobn\u00edch \u00fadaj\u016f, se s\u00eddlem Pplk. Sochora 27, 170 00 Praha 7 \u2013 Hole\u0161ovice, nebo prost\u0159ednictv\u00edm webov\u00fdch str\u00e1nek \u00fa\u0159adu: <\/span><a href=\"http:\/\/www.uoou.cz\"><span style=\"font-weight: 400;\">www.uoou.cz.<\/span><\/a><span style=\"font-weight: 400;\">.<\/span><\/p>\n<p><b>AD-IN-ONE Europe, a.s. , 01\/2019<\/b><\/p>\n<\/td>\n<\/tr>\n<\/tbody>\n<\/table>\n<p>[\/et_pb_text][\/et_pb_column][\/et_pb_row][\/et_pb_section][et_pb_section fb_built=&#8220;1&#8243; fullwidth=&#8220;on&#8220; _builder_version=&#8220;4.16&#8243; global_colors_info=&#8220;{}&#8220;][et_pb_fullwidth_image src=&#8220;http:\/\/test2.teamogy.com\/wp-content\/uploads\/Screenshot-2019-01-14-14.20.31.png&#8220; _builder_version=&#8220;4.16&#8243; global_colors_info=&#8220;{}&#8220;][\/et_pb_fullwidth_image][\/et_pb_section][et_pb_section fb_built=&#8220;1&#8243; _builder_version=&#8220;4.16&#8243; background_color=&#8220;#18181d&#8220; custom_padding=&#8220;13px|0px|54px|0px|false|false&#8220; border_color_all=&#8220;rgba(51,51,51,0)&#8220; border_color_top=&#8220;rgba(255,255,255,0.64)&#8220; global_module=&#8220;3723&#8243; global_colors_info=&#8220;{}&#8220;][et_pb_row column_structure=&#8220;1_2,1_2&#8243; _builder_version=&#8220;4.16&#8243; custom_padding=&#8220;27px|0px|27px|0px|false|false&#8220; border_width_top=&#8220;2px&#8220; global_colors_info=&#8220;{}&#8220;][et_pb_column type=&#8220;1_2&#8243; _builder_version=&#8220;4.16&#8243; custom_padding=&#8220;|||&#8220; global_colors_info=&#8220;{}&#8220; custom_padding__hover=&#8220;|||&#8220;][et_pb_image src=&#8220;https:\/\/www.teamogy.com\/wp-content\/uploads\/Teamogybyaio_white.svg&#8220; align_tablet=&#8220;center&#8220; align_phone=&#8220;&#8220; align_last_edited=&#8220;on|desktop&#8220; _builder_version=&#8220;4.16&#8243; max_width=&#8220;25%&#8220; max_width_tablet=&#8220;50%&#8220; max_width_phone=&#8220;&#8220; max_width_last_edited=&#8220;on|phone&#8220; global_colors_info=&#8220;{}&#8220;][\/et_pb_image][\/et_pb_column][et_pb_column type=&#8220;1_2&#8243; _builder_version=&#8220;4.16&#8243; custom_padding=&#8220;|||&#8220; global_colors_info=&#8220;{}&#8220; custom_padding__hover=&#8220;|||&#8220;][et_pb_text disabled_on=&#8220;on|on|off&#8220; _builder_version=&#8220;4.16&#8243; text_font=&#8220;||||||||&#8220; text_text_color=&#8220;#ffffff&#8220; text_orientation=&#8220;right&#8220; link_option_url=&#8220;https:\/\/www.ad-in-one.com&#8220; link_option_url_new_window=&#8220;on&#8220; global_colors_info=&#8220;{}&#8220;]<\/p>\n<p>\u00a9 AD-IN-ONE.com<\/p>\n<p>[\/et_pb_text][\/et_pb_column][\/et_pb_row][\/et_pb_section]<\/p>\n","protected":false},"excerpt":{"rendered":"<p>Z\u00e1sady ochrany osobn\u00edch \u00fadaj\u016f (Privacy policy)&nbsp; \u00daVOD Tyto z\u00e1sady ochrany osobn\u00edch \u00fadaj\u016f popisuj\u00ed, jak spole\u010dnost AD-IN-ONE Europe, a.s. zpracov\u00e1v\u00e1 osobn\u00ed \u00fadaje u\u017eivatel\u016f sv\u00fdch softwarov\u00fdch \u0159e\u0161en\u00ed v\u010detn\u011b aplikac\u00ed dostupn\u00fdch v obchodech Google Play a Apple App Store. Toto\u017enost a kontaktn\u00ed \u00fadaje spr\u00e1vce AD-IN-ONE Europe, a.s., I\u010c: 280 82 869, se s\u00eddlem: F\u00fcgnerovo n\u00e1m\u011bst\u00ed 1808\/3, 12000, Praha [&hellip;]<\/p>\n","protected":false},"author":6,"featured_media":0,"parent":0,"menu_order":0,"comment_status":"closed","ping_status":"closed","template":"","meta":{"_et_pb_use_builder":"on","_et_pb_old_content":"","_et_gb_content_width":"","footnotes":""},"class_list":["post-17182","page","type-page","status-publish","hentry"],"aioseo_notices":[],"_links":{"self":[{"href":"https:\/\/www.teamogy.com\/cs\/wp-json\/wp\/v2\/pages\/17182","targetHints":{"allow":["GET"]}}],"collection":[{"href":"https:\/\/www.teamogy.com\/cs\/wp-json\/wp\/v2\/pages"}],"about":[{"href":"https:\/\/www.teamogy.com\/cs\/wp-json\/wp\/v2\/types\/page"}],"author":[{"embeddable":true,"href":"https:\/\/www.teamogy.com\/cs\/wp-json\/wp\/v2\/users\/6"}],"replies":[{"embeddable":true,"href":"https:\/\/www.teamogy.com\/cs\/wp-json\/wp\/v2\/comments?post=17182"}],"version-history":[{"count":2,"href":"https:\/\/www.teamogy.com\/cs\/wp-json\/wp\/v2\/pages\/17182\/revisions"}],"predecessor-version":[{"id":987522362,"href":"https:\/\/www.teamogy.com\/cs\/wp-json\/wp\/v2\/pages\/17182\/revisions\/987522362"}],"wp:attachment":[{"href":"https:\/\/www.teamogy.com\/cs\/wp-json\/wp\/v2\/media?parent=17182"}],"curies":[{"name":"wp","href":"https:\/\/api.w.org\/{rel}","templated":true}]}}