{"id":34130,"date":"2020-05-02T15:12:40","date_gmt":"2020-05-02T15:12:40","guid":{"rendered":"https:\/\/www.teamogy.com\/dekujeme\/"},"modified":"2025-09-12T09:21:39","modified_gmt":"2025-09-12T09:21:39","slug":"thank-you","status":"publish","type":"page","link":"https:\/\/www.teamogy.com\/cs\/thank-you\/","title":{"rendered":"D\u011bkujeme"},"content":{"rendered":"<p>[et_pb_section fb_built=&#8220;1&#8243; custom_padding_last_edited=&#8220;on|phone&#8220; module_class=&#8220;ogy-full-height&#8220; _builder_version=&#8220;3.22.3&#8243; background_color=&#8220;#18181d&#8220; custom_margin=&#8220;||&#8220; custom_margin_tablet=&#8220;&#8220; custom_margin_phone=&#8220;&#8220; custom_margin_last_edited=&#8220;on|phone&#8220; custom_padding=&#8220;0px||40px||false|false&#8220; custom_padding_tablet=&#8220;0px||0px&#8220; custom_padding_phone=&#8220;0px||0px||false|false&#8220; locked=&#8220;off&#8220;][et_pb_row make_equal=&#8220;on&#8220; custom_padding_last_edited=&#8220;on|desktop&#8220; _builder_version=&#8220;3.25&#8243; background_image=&#8220;https:\/\/www.teamogy.com\/wp-content\/uploads\/Circle_orange_transparent.svg&#8220; background_size=&#8220;contain&#8220; module_alignment=&#8220;center&#8220; custom_margin=&#8220;-10px|||&#8220; custom_margin_last_edited=&#8220;off|desktop&#8220; custom_padding=&#8220;0px|0px|0px|0px|false|false&#8220; custom_padding_tablet=&#8220;0|0px|0px|0|false|false&#8220; custom_padding_phone=&#8220;0px|0px||0px|false|false&#8220; animation_style=&#8220;fade&#8220; custom_css_main_element=&#8220;height: 100%;||width: 100%;||display: flex;||flex-direction: column; ||justify-content: center;||&#8220;][et_pb_column type=&#8220;4_4&#8243; _builder_version=&#8220;3.25&#8243; custom_padding=&#8220;|||&#8220; custom_padding__hover=&#8220;|||&#8220;][et_pb_text module_id=&#8220;box&#8220; module_class=&#8220;box&#8220; _builder_version=&#8220;4.9.0&#8243; text_font=&#8220;|300|||||||&#8220; text_text_color=&#8220;#ffffff&#8220; text_font_size=&#8220;5vw&#8220; text_line_height=&#8220;1.1em&#8220; text_orientation=&#8220;center&#8220; width=&#8220;60%&#8220; custom_margin=&#8220;||&#8220; custom_padding=&#8220;||&#8220; custom_padding_tablet=&#8220;|||&#8220; custom_padding_phone=&#8220;40px||&#8220; custom_padding_last_edited=&#8220;on|phone&#8220; animation_style=&#8220;fade&#8220; animation_delay=&#8220;1000ms&#8220; hover_enabled=&#8220;0&#8243; text_font_size_tablet=&#8220;8vw&#8220; text_font_size_phone=&#8220;9vw&#8220; text_font_size_last_edited=&#8220;on|desktop&#8220; custom_css_main_element=&#8220;  position: relative;  ||  width: 100%;||  height: 200px;||\tmargin-top: auto;||\tmargin-bottom: auto;||  margin-left: auto;||  margin-right: auto;&#8220; sticky_enabled=&#8220;0&#8243; max_width=&#8220;60%&#8220;]<\/p>\n<div style=\"font-weight: 100; font-size: 8vmin; line-height: 120%;\"><span>D\u011bkujeme<\/span><\/div>\n<div style=\"font-weight: 200; font-size: 2vmin; line-height: 120%;\">\n<p>Pro dokon\u010den\u00ed registrace potvr\u010fte svou e-mailovou adresu.<\/p>\n<p>Pokud jej neobdr\u017e\u00edte okam\u017eit\u011b, zkontrolujte pros\u00edm slo\u017eku se spamem. Jakmile obdr\u017e\u00edme potvrzen\u00ed, budeme v\u00e1s co nejd\u0159\u00edve kontaktovat.<\/p>\n<\/div>\n<p>[\/et_pb_text][\/et_pb_column][\/et_pb_row][\/et_pb_section]<\/p>\n","protected":false},"excerpt":{"rendered":"<p>D\u011bkujeme Pro dokon\u010den\u00ed registrace potvr\u010fte svou e-mailovou adresu. Pokud jej neobdr\u017e\u00edte okam\u017eit\u011b, zkontrolujte pros\u00edm slo\u017eku se spamem. Jakmile obdr\u017e\u00edme potvrzen\u00ed, budeme v\u00e1s co nejd\u0159\u00edve kontaktovat.<\/p>\n","protected":false},"author":2,"featured_media":0,"parent":0,"menu_order":0,"comment_status":"closed","ping_status":"closed","template":"","meta":{"_et_pb_use_builder":"on","_et_pb_old_content":"","_et_gb_content_width":"","footnotes":""},"class_list":["post-34130","page","type-page","status-publish","hentry"],"aioseo_notices":[],"_links":{"self":[{"href":"https:\/\/www.teamogy.com\/cs\/wp-json\/wp\/v2\/pages\/34130","targetHints":{"allow":["GET"]}}],"collection":[{"href":"https:\/\/www.teamogy.com\/cs\/wp-json\/wp\/v2\/pages"}],"about":[{"href":"https:\/\/www.teamogy.com\/cs\/wp-json\/wp\/v2\/types\/page"}],"author":[{"embeddable":true,"href":"https:\/\/www.teamogy.com\/cs\/wp-json\/wp\/v2\/users\/2"}],"replies":[{"embeddable":true,"href":"https:\/\/www.teamogy.com\/cs\/wp-json\/wp\/v2\/comments?post=34130"}],"version-history":[{"count":3,"href":"https:\/\/www.teamogy.com\/cs\/wp-json\/wp\/v2\/pages\/34130\/revisions"}],"predecessor-version":[{"id":987519744,"href":"https:\/\/www.teamogy.com\/cs\/wp-json\/wp\/v2\/pages\/34130\/revisions\/987519744"}],"wp:attachment":[{"href":"https:\/\/www.teamogy.com\/cs\/wp-json\/wp\/v2\/media?parent=34130"}],"curies":[{"name":"wp","href":"https:\/\/api.w.org\/{rel}","templated":true}]}}