{"id":62493,"date":"2021-12-06T14:01:53","date_gmt":"2021-12-06T14:01:53","guid":{"rendered":"https:\/\/www.teamogy.com\/?page_id=62493"},"modified":"2021-12-06T14:39:20","modified_gmt":"2021-12-06T14:39:20","slug":"registration-free-consultation","status":"publish","type":"page","link":"https:\/\/www.teamogy.com\/cs\/registration-free-consultation\/","title":{"rendered":"Registration-free consultation"},"content":{"rendered":"<p>[et_pb_section fb_built=&#8220;1&#8243; _builder_version=&#8220;4.9.4&#8243; background_color=&#8220;#444444&#8243; min_height=&#8220;173px&#8220; custom_padding=&#8220;||11px|||&#8220; locked=&#8220;off&#8220;][et_pb_row _builder_version=&#8220;4.9.4&#8243; width_tablet=&#8220;&#8220; width_phone=&#8220;&#8220; width_last_edited=&#8220;on|tablet&#8220; custom_margin=&#8220;||||false|false&#8220; custom_padding=&#8220;|20px||20px|false|false&#8220;][et_pb_column type=&#8220;4_4&#8243; _builder_version=&#8220;4.4.8&#8243;][et_pb_text _builder_version=&#8220;4.9.4&#8243; text_font=&#8220;||||||||&#8220; text_text_color=&#8220;#FF4C00&#8243; text_font_size=&#8220;17px&#8220; text_line_height=&#8220;2.5em&#8220; header_font=&#8220;|300|||||||&#8220; header_text_color=&#8220;#ffffff&#8220; header_2_line_height=&#8220;1.4em&#8220; header_3_font=&#8220;|300|||||||&#8220; header_3_text_color=&#8220;#ffffff&#8220; header_3_line_height=&#8220;1.4em&#8220; header_4_font=&#8220;|300|||||||&#8220; header_5_font=&#8220;||||||||&#8220; header_5_line_height=&#8220;1.4em&#8220; text_orientation=&#8220;center&#8220; max_width_tablet=&#8220;100%&#8220; max_width_phone=&#8220;100%&#8220; max_width_last_edited=&#8220;on|desktop&#8220; module_alignment=&#8220;center&#8220; custom_margin=&#8220;||||false|false&#8220; custom_padding=&#8220;||0px|||&#8220; custom_padding_tablet=&#8220;&#8220; custom_padding_phone=&#8220;0px||0px&#8220; custom_padding_last_edited=&#8220;on|desktop&#8220; header_3_font_size_tablet=&#8220;&#8220; header_3_font_size_phone=&#8220;24px&#8220; header_3_font_size_last_edited=&#8220;on|phone&#8220; locked=&#8220;off&#8220;]<\/p>\n<h5 style=\"text-align: left; color: #000000;\"><span style=\"color: #ffffff;\">V p\u0159\u00edpad\u011b z\u00e1jmu o BEZPLATNOU HODINOVOU KONZULTACI se pros\u00edm zaregistrujte.<\/span><\/h5>\n<h5 style=\"text-align: left; color: #ff6600;\"><strong>Co z\u00edsk\u00e1te:<\/strong><\/h5>\n<p>[\/et_pb_text][\/et_pb_column][\/et_pb_row][et_pb_row _builder_version=&#8220;4.9.4&#8243; _module_preset=&#8220;default&#8220; custom_margin=&#8220;||||false|false&#8220; custom_margin_tablet=&#8220;&#8220; custom_margin_phone=&#8220;&#8220; custom_margin_last_edited=&#8220;on|desktop&#8220; custom_padding=&#8220;|20px||20px|false|false&#8220; locked=&#8220;off&#8220;][et_pb_column type=&#8220;4_4&#8243; _builder_version=&#8220;4.9.4&#8243; _module_preset=&#8220;default&#8220;][et_pb_text _builder_version=&#8220;4.9.4&#8243; _module_preset=&#8220;default&#8220; text_font_size=&#8220;17px&#8220; custom_padding=&#8220;10px|10px|10px|10px|false|false&#8220; border_width_all=&#8220;2px&#8220; border_color_all=&#8220;#FF4C00&#8243;]<\/p>\n<p><span style=\"color: #ff6600;\">1.<\/span> <span style=\"color: #ffffff;\">Zjist\u00edte <strong>Best Practices<\/strong> z \u0159\u00edzen\u00ed mnoha firem po cel\u00e9m sv\u011bt\u011b.<\/span><\/p>\n<p>[\/et_pb_text][et_pb_text _builder_version=&#8220;4.9.4&#8243; _module_preset=&#8220;default&#8220; text_font_size=&#8220;17px&#8220; custom_padding=&#8220;10px|10px|10px|10px|false|false&#8220; border_width_all=&#8220;2px&#8220; border_color_all=&#8220;#FF4C00&#8243;]<\/p>\n<p><span style=\"color: #ff6600;\">2.<\/span> <span style=\"color: #ffffff;\">Uk\u00e1\u017eeme V\u00e1m, <strong>jak konkr\u00e9tn\u011b pro Va\u0161i firmu m\u016f\u017ee b\u00fdt Teamogy u\u017eite\u010dn\u00e9<\/strong>.<\/span><\/p>\n<p>[\/et_pb_text][et_pb_text _builder_version=&#8220;4.9.4&#8243; _module_preset=&#8220;default&#8220; text_font_size=&#8220;17px&#8220; custom_padding=&#8220;10px|10px|10px|10px|false|false&#8220; border_width_all=&#8220;2px&#8220; border_color_all=&#8220;#FF4C00&#8243;]<\/p>\n<p><span style=\"color: #ff6600;\">3.<\/span> <span style=\"color: #ffffff;\">Po konzultaci V\u00e1m do 48 hodin vypracujeme <strong>individu\u00e1ln\u00ed p\u0159ehled mo\u017en\u00fdch p\u0159\u00ednos\u016f Teamogy<\/strong> pro Va\u0161i firmu.<\/span><\/p>\n<p>[\/et_pb_text][et_pb_text _builder_version=&#8220;4.9.4&#8243; text_font=&#8220;||||||||&#8220; text_text_color=&#8220;#FF4C00&#8243; text_font_size=&#8220;17px&#8220; header_font=&#8220;|300|||||||&#8220; header_text_color=&#8220;#ffffff&#8220; header_2_line_height=&#8220;1.4em&#8220; header_3_font=&#8220;|300|||||||&#8220; header_3_text_color=&#8220;#ffffff&#8220; header_3_line_height=&#8220;1.4em&#8220; header_4_font=&#8220;|300|||||||&#8220; header_5_font=&#8220;||||||||&#8220; header_5_line_height=&#8220;1.4em&#8220; text_orientation=&#8220;center&#8220; max_width_tablet=&#8220;&#8220; max_width_phone=&#8220;100%&#8220; max_width_last_edited=&#8220;on|desktop&#8220; module_alignment=&#8220;center&#8220; custom_margin=&#8220;||||false|false&#8220; custom_padding=&#8220;||0px|||&#8220; custom_padding_tablet=&#8220;&#8220; custom_padding_phone=&#8220;||0px||false|false&#8220; custom_padding_last_edited=&#8220;on|desktop&#8220; hover_enabled=&#8220;0&#8243; header_3_font_size_tablet=&#8220;&#8220; header_3_font_size_phone=&#8220;24px&#8220; header_3_font_size_last_edited=&#8220;on|phone&#8220; locked=&#8220;off&#8220; sticky_enabled=&#8220;0&#8243;]<\/p>\n<p style=\"text-align: left;\"><span style=\"color: #ffffff;\">S Teamogy z\u00edsk\u00e1te nejen cloudov\u00fd syst\u00e9m, ale i l\u00e9ty osv\u011bd\u010den\u00e9 \u0159e\u0161en\u00ed jak \u0159\u00eddit celou firmu.<\/span><\/p>\n<p>[\/et_pb_text][\/et_pb_column][\/et_pb_row][\/et_pb_section][et_pb_section fb_built=&#8220;1&#8243; _builder_version=&#8220;4.9.4&#8243; background_color=&#8220;#444444&#8243; global_module=&#8220;61847&#8243; locked=&#8220;off&#8220;][et_pb_row _builder_version=&#8220;4.9.4&#8243; _module_preset=&#8220;default&#8220; background_color=&#8220;#444444&#8243; locked=&#8220;off&#8220;][et_pb_column type=&#8220;4_4&#8243; _builder_version=&#8220;4.7.7&#8243; _module_preset=&#8220;default&#8220;][et_pb_code admin_label=&#8220;Simple form&#8220; _builder_version=&#8220;4.9.4&#8243; _module_preset=&#8220;default&#8220; custom_padding=&#8220;|||0px||&#8220;]<\/p>\n<form id=\"regForm\" action=\"https:\/\/app.teamogy.com\/forms\/registration?form=simple-registration\" method=\"post\" autocomplete=\"off\"><!-- [et_pb_line_break_holder] -->  <\/p>\n<div class=\"form-body\" style=\"\"><!-- [et_pb_line_break_holder] -->        <!-- [et_pb_line_break_holder] -->        <\/p>\n<div class=\"row\"><!-- [et_pb_line_break_holder] -->            <\/p>\n<div class=\"four f-columns\"><!-- [et_pb_line_break_holder] -->                <\/p>\n<div class=\"input-group\"><!-- [et_pb_line_break_holder] -->                    <input class=\"input-labelled input-dark\" name=\"firstName\" id=\"firstName\" required=\"\"><!-- [et_pb_line_break_holder] -->                    <label-input>Jm\u00e9no<\/label-input><!-- [et_pb_line_break_holder] -->                <\/div>\n<p><!-- [et_pb_line_break_holder] -->            <\/div>\n<p><!-- [et_pb_line_break_holder] -->            <\/p>\n<div class=\"four f-columns\"><!-- [et_pb_line_break_holder] -->                <\/p>\n<div class=\"input-group\"><!-- [et_pb_line_break_holder] -->                    <input class=\"input-labelled input-dark\" name=\"lastName\" id=\"lastName\" required=\"\"><!-- [et_pb_line_break_holder] -->                    <label-input>P\u0159\u00edjmen\u00ed<\/label-input><!-- [et_pb_line_break_holder] -->                <\/div>\n<p><!-- [et_pb_line_break_holder] -->            <\/div>\n<p>   <!-- [et_pb_line_break_holder] -->            <\/p>\n<div class=\"four f-columns\"><!-- [et_pb_line_break_holder] -->                <\/p>\n<div class=\"input-group\"><!-- [et_pb_line_break_holder] -->                    <input class=\"input-labelled input-dark\" name=\"email\" id=\"email\" required=\"\"><!-- [et_pb_line_break_holder] -->                    <label-input>Pracovn\u00ed email<\/label-input><!-- [et_pb_line_break_holder] -->                <\/div>\n<p><!-- [et_pb_line_break_holder] -->            <\/div>\n<p>   <!-- [et_pb_line_break_holder] -->    <\/div>\n<p><!-- [et_pb_line_break_holder] -->        <!-- [et_pb_line_break_holder] -->        <\/p>\n<div class=\"row\"><!-- [et_pb_line_break_holder] -->            <\/p>\n<div class=\"six f-columns\"><!-- [et_pb_line_break_holder] -->                <\/p>\n<div class=\"input-group\"><!-- [et_pb_line_break_holder] -->                    <input class=\"input-labelled input-dark\" name=\"companyName\" id=\"companyName\" required=\"\"><!-- [et_pb_line_break_holder] -->                    <label-input>Jm\u00e9no firmy<\/label-input><!-- [et_pb_line_break_holder] -->                <\/div>\n<p><!-- [et_pb_line_break_holder] -->            <\/div>\n<p><!-- [et_pb_line_break_holder] -->            <\/p>\n<div class=\"six f-columns\"><!-- [et_pb_line_break_holder] -->                <\/p>\n<div class=\"input-group\"><!-- [et_pb_line_break_holder] -->                    <input class=\"input-labelled input-dark\" name=\"companyWeb\" id=\"companyWeb\" autocomplete=\"new-password\" required=\"\"><!-- [et_pb_line_break_holder] -->                    <label-input>Firemn\u00ed web<\/label-input><!-- [et_pb_line_break_holder] -->                <\/div>\n<p><!-- [et_pb_line_break_holder] -->            <\/div>\n<p>   <!-- [et_pb_line_break_holder] -->        <\/div>\n<p> <!-- [et_pb_line_break_holder] -->   <!-- [et_pb_line_break_holder] -->    <!-- [et_pb_line_break_holder] -->        <!-- Buttons --><!-- [et_pb_line_break_holder] -->        <\/p>\n<div class=\"row\"><!-- [et_pb_line_break_holder] -->            <\/p>\n<div class=\"six f-columns\"><!-- [et_pb_line_break_holder] -->              <\/p>\n<div style=\"margin-top: 10px;\">Po odesl\u00e1n\u00ed formul\u00e1\u0159e potvr\u010fte svou e-mailovou adresu. Pokud jej neobdr\u017e\u00edte okam\u017eit\u011b, zkontrolujte pros\u00edm slo\u017eku se spamem.<\/div>\n<p><!-- [et_pb_line_break_holder] -->            <\/div>\n<p> <!-- [et_pb_line_break_holder] -->            <\/p>\n<div class=\"six f-columns\"><!-- [et_pb_line_break_holder] -->                  <\/p>\n<div class=\"buttons\"><!-- [et_pb_line_break_holder] -->                        <button type=\"button\" id=\"subBtn\" class=\"form-button g-recaptcha\" data-sitekey=\"6LeZVc8UAAAAAGjJ7c66O_wP4TGfqm5_JiehpoRT\" data-callback=\"onSubmit\" data-action=\"submit\">Odeslat<\/button><!-- [et_pb_line_break_holder] -->                  <\/div>\n<p><!-- [et_pb_line_break_holder] -->            <\/div>\n<p> <!-- [et_pb_line_break_holder] -->        <\/div>\n<p>        <!-- [et_pb_line_break_holder] -->    <!-- [et_pb_line_break_holder] --><!-- [et_pb_line_break_holder] -->    <\/div>\n<p><!-- [et_pb_line_break_holder] --><\/form>\n<p><!-- [et_pb_line_break_holder] -->[\/et_pb_code][\/et_pb_column][\/et_pb_row][\/et_pb_section]<\/p>\n","protected":false},"excerpt":{"rendered":"<p>V p\u0159\u00edpad\u011b z\u00e1jmu o BEZPLATNOU HODINOVOU KONZULTACI se pros\u00edm zaregistrujte. Co z\u00edsk\u00e1te:1. Zjist\u00edte Best Practices z \u0159\u00edzen\u00ed mnoha firem po cel\u00e9m sv\u011bt\u011b.2. Uk\u00e1\u017eeme V\u00e1m, jak konkr\u00e9tn\u011b pro Va\u0161i firmu m\u016f\u017ee b\u00fdt Teamogy u\u017eite\u010dn\u00e9.3. Po konzultaci V\u00e1m do 48 hodin vypracujeme individu\u00e1ln\u00ed p\u0159ehled mo\u017en\u00fdch p\u0159\u00ednos\u016f Teamogy pro Va\u0161i firmu.S Teamogy z\u00edsk\u00e1te nejen cloudov\u00fd syst\u00e9m, ale i [&hellip;]<\/p>\n","protected":false},"author":5,"featured_media":0,"parent":0,"menu_order":0,"comment_status":"closed","ping_status":"closed","template":"","meta":{"_et_pb_use_builder":"on","_et_pb_old_content":"","_et_gb_content_width":"","footnotes":""},"class_list":["post-62493","page","type-page","status-publish","hentry"],"aioseo_notices":[],"_links":{"self":[{"href":"https:\/\/www.teamogy.com\/cs\/wp-json\/wp\/v2\/pages\/62493","targetHints":{"allow":["GET"]}}],"collection":[{"href":"https:\/\/www.teamogy.com\/cs\/wp-json\/wp\/v2\/pages"}],"about":[{"href":"https:\/\/www.teamogy.com\/cs\/wp-json\/wp\/v2\/types\/page"}],"author":[{"embeddable":true,"href":"https:\/\/www.teamogy.com\/cs\/wp-json\/wp\/v2\/users\/5"}],"replies":[{"embeddable":true,"href":"https:\/\/www.teamogy.com\/cs\/wp-json\/wp\/v2\/comments?post=62493"}],"version-history":[{"count":0,"href":"https:\/\/www.teamogy.com\/cs\/wp-json\/wp\/v2\/pages\/62493\/revisions"}],"wp:attachment":[{"href":"https:\/\/www.teamogy.com\/cs\/wp-json\/wp\/v2\/media?parent=62493"}],"curies":[{"name":"wp","href":"https:\/\/api.w.org\/{rel}","templated":true}]}}