{"id":987520037,"date":"2021-02-03T13:45:54","date_gmt":"2021-02-03T13:45:54","guid":{"rendered":"https:\/\/www.teamogy.com\/relase-notes\/"},"modified":"2025-09-19T13:11:48","modified_gmt":"2025-09-19T13:11:48","slug":"relase-notes","status":"publish","type":"page","link":"https:\/\/www.teamogy.com\/cs\/relase-notes\/","title":{"rendered":"Relase Notes"},"content":{"rendered":"<p>[et_pb_section fb_built=&#8220;1&#8243; _builder_version=&#8220;4.16&#8243; global_colors_info=&#8220;{}&#8220;][et_pb_row column_structure=&#8220;3_4,1_4&#8243; module_class=&#8220; et_pb_row_fullwidth&#8220; _builder_version=&#8220;4.16&#8243; width=&#8220;89%&#8220; width_tablet=&#8220;80%&#8220; width_phone=&#8220;&#8220; width_last_edited=&#8220;on|desktop&#8220; max_width=&#8220;89%&#8220; max_width_tablet=&#8220;80%&#8220; max_width_phone=&#8220;&#8220; max_width_last_edited=&#8220;on|desktop&#8220; custom_padding=&#8220;27px|0px|27px|0|false|false&#8220; make_fullwidth=&#8220;on&#8220; global_colors_info=&#8220;{}&#8220;][et_pb_column type=&#8220;3_4&#8243; _builder_version=&#8220;4.16&#8243; custom_padding=&#8220;|||&#8220; global_colors_info=&#8220;{}&#8220; custom_padding__hover=&#8220;|||&#8220;][et_pb_image src=&#8220;https:\/\/www.teamogy.com\/wp-content\/uploads\/Teamogy_document.svg&#8220; alt=&#8220;Ikona dokumentu Teamogy&#8220; title_text=&#8220;Ikona dokumentu Teamogy&#8220; show_bottom_space=&#8220;off&#8220; _builder_version=&#8220;4.27.4&#8243; _module_preset=&#8220;default&#8220; height=&#8220;80px&#8220; max_height=&#8220;10%&#8220; custom_margin=&#8220;||||false|false&#8220; custom_padding=&#8220;||50px||false|false&#8220; locked=&#8220;off&#8220; global_colors_info=&#8220;{}&#8220; filter_opacity__hover_enabled=&#8220;off|desktop&#8220;][\/et_pb_image][et_pb_text _builder_version=&#8220;4.16&#8243; text_font=&#8220;||||||||&#8220; global_colors_info=&#8220;{}&#8220;]<\/p>\n<h3><span style=\"color: #ff4c00;\">Release Notes<\/span><\/h3>\n<p>[\/et_pb_text][et_pb_text _builder_version=&#8220;4.16&#8243; global_colors_info=&#8220;{}&#8220;]<\/p>\n<p><span class=\"s1\"><strong> Naslouch\u00e1me na\u0161im u\u017eivatel\u016fm, n\u00e1sledujeme trendy a realizujeme spole\u010dn\u00e9 vize.<\/strong> Proto se Teamogy neust\u00e1le vyv\u00edj\u00ed a p\u0159ib\u00fdvaj\u00ed nov\u00e9 u\u017eite\u010dn\u00e9 funkce a mo\u017enosti. V Release Notes najdete v\u017edy popis nov\u00e9 verze &#8211; kr\u00e1tk\u00e9 video p\u0159edstaven\u00ed a detailn\u00ed popis novinek. <\/span><\/p>\n<p class=\"p1\"><span class=\"s1\"> <\/span><span class=\"s1\">V prav\u00e9m menu najdete seznam v\u0161ech verz\u00ed,<\/span> <strong><span class=\"s1\">kter\u00e9 jsme ji\u017e vydali<\/span><\/strong>,<span class=\"s1\">v\u010detn\u011b jejich p\u0159edstaven\u00ed a popisu.<\/span><span class=\"s1\"> <\/span><\/p>\n<p>[\/et_pb_text][et_pb_blog fullwidth=&#8220;off&#8220; posts_number=&#8220;4&#8243; include_categories=&#8220;292&#8243; show_thumbnail=&#8220;off&#8220; show_more=&#8220;on&#8220; show_author=&#8220;off&#8220; show_categories=&#8220;off&#8220; show_pagination=&#8220;off&#8220; _builder_version=&#8220;4.27.4&#8243; header_text_color=&#8220;#ff4c00&#8243; read_more_text_color=&#8220;#ff4c00&#8243; hover_enabled=&#8220;0&#8243; global_colors_info=&#8220;{}&#8220; sticky_enabled=&#8220;0&#8243;][\/et_pb_blog][\/et_pb_column][et_pb_column type=&#8220;1_4&#8243; _builder_version=&#8220;4.16&#8243; custom_padding=&#8220;|||&#8220; global_colors_info=&#8220;{}&#8220; custom_padding__hover=&#8220;|||&#8220;][et_pb_sidebar area=&#8220;et_pb_widget_area_5&#8243; _builder_version=&#8220;4.16&#8243; header_font=&#8220;||||||||&#8220; header_font_size=&#8220;30px&#8220; body_font=&#8220;||||||||&#8220; body_font_size=&#8220;14px&#8220; body_line_height=&#8220;1.6em&#8220; global_colors_info=&#8220;{}&#8220;][\/et_pb_sidebar][\/et_pb_column][\/et_pb_row][\/et_pb_section]<\/p>\n","protected":false},"excerpt":{"rendered":"<p>Release Notes Naslouch\u00e1me na\u0161im u\u017eivatel\u016fm, n\u00e1sledujeme trendy a realizujeme spole\u010dn\u00e9 vize. Proto se Teamogy neust\u00e1le vyv\u00edj\u00ed a p\u0159ib\u00fdvaj\u00ed nov\u00e9 u\u017eite\u010dn\u00e9 funkce a mo\u017enosti. V Release Notes najdete v\u017edy popis nov\u00e9 verze &#8211; kr\u00e1tk\u00e9 video p\u0159edstaven\u00ed a detailn\u00ed popis novinek. V prav\u00e9m menu najdete seznam v\u0161ech verz\u00ed, kter\u00e9 jsme ji\u017e vydali,v\u010detn\u011b jejich p\u0159edstaven\u00ed a popisu.<\/p>\n","protected":false},"author":2,"featured_media":0,"parent":0,"menu_order":0,"comment_status":"closed","ping_status":"closed","template":"","meta":{"_et_pb_use_builder":"on","_et_pb_old_content":"","_et_gb_content_width":"","footnotes":""},"class_list":["post-987520037","page","type-page","status-publish","hentry"],"aioseo_notices":[],"_links":{"self":[{"href":"https:\/\/www.teamogy.com\/cs\/wp-json\/wp\/v2\/pages\/987520037","targetHints":{"allow":["GET"]}}],"collection":[{"href":"https:\/\/www.teamogy.com\/cs\/wp-json\/wp\/v2\/pages"}],"about":[{"href":"https:\/\/www.teamogy.com\/cs\/wp-json\/wp\/v2\/types\/page"}],"author":[{"embeddable":true,"href":"https:\/\/www.teamogy.com\/cs\/wp-json\/wp\/v2\/users\/2"}],"replies":[{"embeddable":true,"href":"https:\/\/www.teamogy.com\/cs\/wp-json\/wp\/v2\/comments?post=987520037"}],"version-history":[{"count":5,"href":"https:\/\/www.teamogy.com\/cs\/wp-json\/wp\/v2\/pages\/987520037\/revisions"}],"predecessor-version":[{"id":987520208,"href":"https:\/\/www.teamogy.com\/cs\/wp-json\/wp\/v2\/pages\/987520037\/revisions\/987520208"}],"wp:attachment":[{"href":"https:\/\/www.teamogy.com\/cs\/wp-json\/wp\/v2\/media?parent=987520037"}],"curies":[{"name":"wp","href":"https:\/\/api.w.org\/{rel}","templated":true}]}}