{"id":987522997,"date":"2026-02-13T15:38:54","date_gmt":"2026-02-13T15:38:54","guid":{"rendered":"https:\/\/www.teamogy.com\/?page_id=987522997"},"modified":"2026-02-27T10:27:47","modified_gmt":"2026-02-27T10:27:47","slug":"learn-more-about-ksef-in-teamogy","status":"publish","type":"page","link":"https:\/\/www.teamogy.com\/cs\/learn-more-about-ksef-in-teamogy\/","title":{"rendered":"Learn more about KSeF in Teamogy"},"content":{"rendered":"<p>[et_pb_section fb_built=&#8220;1&#8243; _builder_version=&#8220;4.27.5&#8243; _module_preset=&#8220;default&#8220; background_color=&#8220;#f4f4f4&#8243; max_width=&#8220;100%&#8220; custom_padding=&#8220;0px|0px|0px|0px|false|false&#8220; global_colors_info=&#8220;{}&#8220;][et_pb_row column_structure=&#8220;1_2,1_2&#8243; make_equal=&#8220;on&#8220; _builder_version=&#8220;4.27.5&#8243; _module_preset=&#8220;default&#8220; width=&#8220;100%&#8220; max_width=&#8220;100%&#8220; module_alignment=&#8220;center&#8220; min_height=&#8220;600px&#8220; custom_padding=&#8220;0px|0px|0px|0px|false|false&#8220; global_colors_info=&#8220;{}&#8220;][et_pb_column type=&#8220;1_2&#8243; _builder_version=&#8220;4.27.5&#8243; _module_preset=&#8220;default&#8220; custom_padding=&#8220;5%|5%|5%|5%|false|false&#8220; global_colors_info=&#8220;{}&#8220;][et_pb_text _builder_version=&#8220;4.27.5&#8243; _module_preset=&#8220;default&#8220; text_font=&#8220;||||||||&#8220; text_text_color=&#8220;#ff4c00&#8243; text_font_size=&#8220;20px&#8220; text_font_size_tablet=&#8220;20px&#8220; text_font_size_phone=&#8220;20px&#8220; text_font_size_last_edited=&#8220;on|desktop&#8220; locked=&#8220;off&#8220; global_colors_info=&#8220;{}&#8220;]<\/p>\n<p>Learn more about KSeF in Teamogy<\/p>\n<p>[\/et_pb_text][et_pb_text _builder_version=&#8220;4.27.5&#8243; _module_preset=&#8220;default&#8220; header_font=&#8220;|||on|||||&#8220; header_text_align=&#8220;left&#8220; header_font_size=&#8220;40px&#8220; width=&#8220;100%&#8220; custom_margin=&#8220;-20px||||false|false&#8220; custom_margin_tablet=&#8220;-15px||||false|false&#8220; custom_margin_phone=&#8220;||0px||false|false&#8220; custom_margin_last_edited=&#8220;on|phone&#8220; header_font_size_tablet=&#8220;40px&#8220; header_font_size_phone=&#8220;40px&#8220; header_font_size_last_edited=&#8220;on|phone&#8220; locked=&#8220;off&#8220; global_colors_info=&#8220;{}&#8220;]<\/p>\n<h1><strong>Book a 20-minute walkthrough <\/strong> and see KSeF in Teamogy in action<\/h1>\n<p>[\/et_pb_text][et_pb_text _builder_version=&#8220;4.27.5&#8243; _module_preset=&#8220;default&#8220; text_font=&#8220;&#8211;et_global_body_font||||||||&#8220; text_font_size=&#8220;16px&#8220; custom_padding=&#8220;||||false|false&#8220; custom_padding_tablet=&#8220;|0px|||false|false&#8220; custom_padding_phone=&#8220;|0px|||false|false&#8220; custom_padding_last_edited=&#8220;on|phone&#8220; text_font_size_tablet=&#8220;16px&#8220; text_font_size_phone=&#8220;16px&#8220; text_font_size_last_edited=&#8220;on|desktop&#8220; locked=&#8220;off&#8220; global_colors_info=&#8220;{}&#8220;]<\/p>\n<p data-start=\"393\" data-end=\"553\">In a focused 20-minute call, we\u2019ll show how KSeF works <strong data-start=\"460\" data-end=\"478\">inside Teamogy<\/strong>\u2014from invoice creation and approvals to sending and receiving e-invoices.<\/p>\n<p data-start=\"555\" data-end=\"723\">You\u2019ll see what it looks like in a <strong data-start=\"590\" data-end=\"621\">single, controlled flow<\/strong>, so your invoicing stays clean, compliant, and predictable\u2014without extra tools or manual workarounds.<\/p>\n<p>[\/et_pb_text][et_pb_code admin_label=&#8220;Code&#8220; _builder_version=&#8220;4.27.6&#8243; _module_preset=&#8220;default&#8220; hover_enabled=&#8220;0&#8243; locked=&#8220;off&#8220; global_colors_info=&#8220;{}&#8220; sticky_enabled=&#8220;0&#8243;]<\/p>\n<div id=\"tmg-embedded-form\" class=\"theme-light\"><\/div>\n<p><!-- [et_pb_line_break_holder] --><script type=\"text\/javascript\" src=\"https:\/\/aio.teamogy.team\/flow\/data\/public\/consultation-for-free-form.js\"><\/script><!-- [et_pb_line_break_holder] -->[\/et_pb_code][\/et_pb_column][et_pb_column type=&#8220;1_2&#8243; _builder_version=&#8220;4.27.5&#8243; _module_preset=&#8220;default&#8220; background_image=&#8220;https:\/\/www.teamogy.com\/wp-content\/uploads\/Teamogy-free-consultation-1.webp&#8220; global_colors_info=&#8220;{}&#8220;][\/et_pb_column][\/et_pb_row][\/et_pb_section][et_pb_section fb_built=&#8220;1&#8243; custom_padding_last_edited=&#8220;off|desktop&#8220; admin_label=&#8220;Footer&#8220; _builder_version=&#8220;4.27.4&#8243; _module_preset=&#8220;default&#8220; background_color=&#8220;#242424&#8243; custom_margin=&#8220;||||false|false&#8220; custom_padding=&#8220;||||false|false&#8220; custom_padding_tablet=&#8220;|30px||30px|false|false&#8220; custom_padding_phone=&#8220;|30px||30px|false|false&#8220; global_module=&#8220;987516603&#8243; locked=&#8220;off&#8220; global_colors_info=&#8220;{}&#8220;][et_pb_row column_structure=&#8220;1_2,1_6,1_6,1_6&#8243; use_custom_gutter=&#8220;on&#8220; gutter_width=&#8220;2&#8243; module_class=&#8220;teamogy-footer-padding&#8220; _builder_version=&#8220;4.27.4&#8243; max_width=&#8220;1440px&#8220; custom_margin=&#8220;||||false|false&#8220; custom_padding=&#8220;||||false|false&#8220; custom_css_free_form=&#8220;.teamogy-footer-padding {||  padding-right: 25px;||  padding-left: 25px;||}&#8220; global_colors_info=&#8220;{}&#8220;][et_pb_column type=&#8220;1_2&#8243; _builder_version=&#8220;4.16&#8243; custom_padding=&#8220;|||&#8220; global_colors_info=&#8220;{}&#8220; custom_padding__hover=&#8220;|||&#8220;][et_pb_image src=&#8220;https:\/\/www.teamogy.com\/wp-content\/uploads\/Teamogy_forDarkBackground-2.svg&#8220; title_text=&#8220;Teamogy_forDarkBackground&#8220; _builder_version=&#8220;4.27.4&#8243; _module_preset=&#8220;default&#8220; width=&#8220;200px&#8220; width_tablet=&#8220;200px&#8220; width_phone=&#8220;190px&#8220; width_last_edited=&#8220;on|phone&#8220; global_colors_info=&#8220;{}&#8220;][\/et_pb_image][et_pb_text _builder_version=&#8220;4.27.4&#8243; _module_preset=&#8220;default&#8220; text_text_color=&#8220;#FFFFFF&#8220; custom_css_free_form=&#8220;footer {||  line-height: 1.6;        \/* v\u00fd\u0161ka \u0159\u00e1dku \u2013 nap\u0159. 1.4\u00d7 velikost p\u00edsma *\/||  font-size: 14px;         \/* voliteln\u011b m\u016f\u017ee\u0161 zmen\u0161it text *\/||}||||footer p {||  margin: 0;               \/* odstran\u00ed v\u00fdchoz\u00ed svisl\u00e9 odsazen\u00ed odstavc\u016f *\/||  padding: 0;              \/* odstran\u00ed p\u0159\u00edpadn\u00e9 vnit\u0159n\u00ed odsazen\u00ed *\/||}||||.footer-company strong {||  font-size: 20px;     \/* nebo nap\u0159. 18px podle pot\u0159eby *\/||  font-weight: bold;   \/* zv\u00fdrazn\u011bn\u00ed *\/||  display: inline-block;||  margin-bottom: 0.5rem;||}||||.footer-company p {||  margin: 0.4rem 0; ||}||||.white-link {||  color: #ffffff !important;||  text-decoration: underline !important;||}&#8220; global_colors_info=&#8220;{}&#8220;]<\/p>\n<footer class=\"footer-company\"><strong class=\"company-name\">AD-IN-ONE Europe a.s.<\/strong><\/p>\n<p class=\"company-address\">F\u00fcgnerovo n\u00e1m\u011bst\u00ed 1808\/3,<br \/>Praha 2, 12000<\/p>\n<p class=\"company-contact\">Tel: <a href=\"tel:+420222551500\" class=\"white-link\">+420 222 551 500<\/a><br \/>Email: <a href=\"mailto:welcome@teamogy.com\" class=\"white-link\">welcome@teamogy.com<\/a><\/p>\n<p class=\"company-tax\">I\u010c: 28082869, DI\u010c: CZ28082869<\/p>\n<p class=\"company-reg\">Spisov\u00e1 zna\u010dka B 14840 veden\u00e1 u M\u011bstsk\u00e9ho soudu v Praze<\/p>\n<\/footer>\n<p>[\/et_pb_text][et_pb_image src=&#8220;https:\/\/www.teamogy.com\/wp-content\/uploads\/DownloadGooglePlay-1.svg&#8220; alt=&#8220;St\u00e1hnout z Google Play&#8220; title_text=&#8220;St\u00e1hnout z Google Play&#8220; url=&#8220;https:\/\/play.google.com\/store\/apps\/details?id=com.teamogy.app.app25504&#8243; url_new_window=&#8220;on&#8220; _builder_version=&#8220;4.27.4&#8243; _module_preset=&#8220;default&#8220; width=&#8220;150px&#8220; width_tablet=&#8220;150px&#8220; width_phone=&#8220;140px&#8220; width_last_edited=&#8220;on|phone&#8220; global_colors_info=&#8220;{}&#8220;][\/et_pb_image][et_pb_image src=&#8220;https:\/\/www.teamogy.com\/wp-content\/uploads\/DownloadAppStore-1.svg&#8220; alt=&#8220;St\u00e1hnout z App Storu&#8220; title_text=&#8220;St\u00e1hnout z App Storu&#8220; url=&#8220;https:\/\/apps.apple.com\/us\/app\/teamogy\/id6470290153&#8243; url_new_window=&#8220;on&#8220; _builder_version=&#8220;4.27.4&#8243; _module_preset=&#8220;default&#8220; width=&#8220;150px&#8220; width_tablet=&#8220;150px&#8220; width_phone=&#8220;140px&#8220; width_last_edited=&#8220;on|phone&#8220; global_colors_info=&#8220;{}&#8220;][\/et_pb_image][\/et_pb_column][et_pb_column type=&#8220;1_6&#8243; _builder_version=&#8220;4.16&#8243; custom_padding=&#8220;|||&#8220; global_colors_info=&#8220;{}&#8220; custom_padding__hover=&#8220;|||&#8220;][et_pb_heading title=&#8220;O spole\u010dnosti&#8220; _builder_version=&#8220;4.25.1&#8243; _module_preset=&#8220;default&#8220; title_level=&#8220;h3&#8243; title_font=&#8220;&#8211;et_global_heading_font|800||on|||||&#8220; title_text_color=&#8220;#a7aeba&#8220; title_font_size=&#8220;15px&#8220; title_letter_spacing=&#8220;3px&#8220; title_line_height=&#8220;1.4em&#8220; title_font_size_tablet=&#8220;&#8220; title_font_size_phone=&#8220;&#8220; title_font_size_last_edited=&#8220;on|phone&#8220; locked=&#8220;off&#8220; global_colors_info=&#8220;{}&#8220;][\/et_pb_heading][et_pb_menu menu_id=&#8220;273&#8243; module_class=&#8220;pa-open-mobile-menu&#8220; _builder_version=&#8220;4.27.4&#8243; _module_preset=&#8220;default&#8220; menu_font=&#8220;&#8211;et_global_heading_font|600|||||||&#8220; menu_text_color=&#8220;#FFFFFF&#8220; background_enable_color=&#8220;off&#8220; custom_margin=&#8220;||||false|false&#8220; custom_margin_tablet=&#8220;-30px||||false|false&#8220; custom_margin_phone=&#8220;-30px||||false|false&#8220; custom_margin_last_edited=&#8220;on|tablet&#8220; custom_css_free_form=&#8220;.et-menu.nav li {||  display: block !important;||  margin-bottom: 10px !important;||  line-height: 1.6;||}||||.et-menu.nav {||  display: block !important;||}||||@Media (max-width: 980px) {||.pa-open-mobile-menu .et_pb_menu__menu {||display: flex!important;||}||.pa-open-mobile-menu .et_mobile_nav_menu {||display: none!important;||}||}||||.et_pb_menu&#8211;style-left_aligned .et_pb_menu__wrap {||  justify-content: flex-start !important;||}&#8220; global_colors_info=&#8220;{}&#8220;][\/et_pb_menu][\/et_pb_column][et_pb_column type=&#8220;1_6&#8243; _builder_version=&#8220;4.16&#8243; custom_padding=&#8220;|||&#8220; global_colors_info=&#8220;{}&#8220; custom_padding__hover=&#8220;|||&#8220;][et_pb_heading title=&#8220;Produkt&#8220; _builder_version=&#8220;4.25.1&#8243; _module_preset=&#8220;default&#8220; title_level=&#8220;h3&#8243; title_font=&#8220;&#8211;et_global_heading_font|800||on|||||&#8220; title_text_color=&#8220;#a7aeba&#8220; title_font_size=&#8220;15px&#8220; title_letter_spacing=&#8220;3px&#8220; title_line_height=&#8220;1.4em&#8220; title_font_size_tablet=&#8220;&#8220; title_font_size_phone=&#8220;&#8220; title_font_size_last_edited=&#8220;on|phone&#8220; locked=&#8220;off&#8220; global_colors_info=&#8220;{}&#8220;][\/et_pb_heading][et_pb_menu menu_id=&#8220;274&#8243; module_class=&#8220;pa-open-mobile-menu&#8220; _builder_version=&#8220;4.27.4&#8243; _module_preset=&#8220;default&#8220; menu_font=&#8220;&#8211;et_global_heading_font|600|||||||&#8220; menu_text_color=&#8220;#FFFFFF&#8220; background_enable_color=&#8220;off&#8220; custom_margin=&#8220;||||false|false&#8220; custom_margin_tablet=&#8220;-30px||||false|false&#8220; custom_margin_phone=&#8220;-30px||||false|false&#8220; custom_margin_last_edited=&#8220;on|tablet&#8220; global_colors_info=&#8220;{}&#8220;][\/et_pb_menu][\/et_pb_column][et_pb_column type=&#8220;1_6&#8243; _builder_version=&#8220;4.16&#8243; custom_padding=&#8220;|||&#8220; global_colors_info=&#8220;{}&#8220; custom_padding__hover=&#8220;|||&#8220;][et_pb_heading title=&#8220;Zdroje&#8220; _builder_version=&#8220;4.25.1&#8243; _module_preset=&#8220;default&#8220; title_level=&#8220;h3&#8243; title_font=&#8220;&#8211;et_global_heading_font|800||on|||||&#8220; title_text_color=&#8220;#a7aeba&#8220; title_font_size=&#8220;15px&#8220; title_letter_spacing=&#8220;3px&#8220; title_line_height=&#8220;1.4em&#8220; title_font_size_tablet=&#8220;&#8220; title_font_size_phone=&#8220;&#8220; title_font_size_last_edited=&#8220;on|phone&#8220; locked=&#8220;off&#8220; global_colors_info=&#8220;{}&#8220;][\/et_pb_heading][et_pb_menu menu_id=&#8220;275&#8243; module_class=&#8220;pa-open-mobile-menu&#8220; _builder_version=&#8220;4.27.4&#8243; _module_preset=&#8220;default&#8220; menu_font=&#8220;&#8211;et_global_heading_font|600|||||||&#8220; menu_text_color=&#8220;#FFFFFF&#8220; background_enable_color=&#8220;off&#8220; custom_margin_tablet=&#8220;-30px||||false|false&#8220; custom_margin_phone=&#8220;-30px||||false|false&#8220; custom_margin_last_edited=&#8220;on|tablet&#8220; global_colors_info=&#8220;{}&#8220;][\/et_pb_menu][\/et_pb_column][\/et_pb_row][et_pb_row _builder_version=&#8220;4.27.4&#8243; _module_preset=&#8220;default&#8220; max_width=&#8220;1440px&#8220; global_colors_info=&#8220;{}&#8220;][et_pb_column type=&#8220;4_4&#8243; _builder_version=&#8220;4.25.1&#8243; _module_preset=&#8220;default&#8220; global_colors_info=&#8220;{}&#8220;][et_pb_divider color=&#8220;#999999&#8243; _builder_version=&#8220;4.25.1&#8243; _module_preset=&#8220;default&#8220; global_colors_info=&#8220;{}&#8220;][\/et_pb_divider][\/et_pb_column][\/et_pb_row][et_pb_row column_structure=&#8220;1_3,2_3&#8243; module_class=&#8220;teamogy-footer-padding&#8220; _builder_version=&#8220;4.27.4&#8243; _module_preset=&#8220;default&#8220; max_width=&#8220;1440px&#8220; custom_margin=&#8220;-40px||-50px||false|false&#8220; custom_margin_tablet=&#8220;-40px||-50px||false|false&#8220; custom_margin_phone=&#8220;-40px||-10px||false|false&#8220; custom_margin_last_edited=&#8220;on|phone&#8220; locked=&#8220;off&#8220; global_colors_info=&#8220;{}&#8220;][et_pb_column type=&#8220;1_3&#8243; _builder_version=&#8220;4.25.1&#8243; _module_preset=&#8220;default&#8220; global_colors_info=&#8220;{}&#8220;][et_pb_text _builder_version=&#8220;4.27.2&#8243; _module_preset=&#8220;default&#8220; text_text_color=&#8220;#FFFFFF&#8220; link_option_url=&#8220;https:\/\/www.ad-in-one.com\/&#8220; locked=&#8220;off&#8220; global_colors_info=&#8220;{}&#8220;]<\/p>\n<p>\u00a9 AD-IN-ONE.com<\/p>\n<p>[\/et_pb_text][\/et_pb_column][et_pb_column type=&#8220;2_3&#8243; _builder_version=&#8220;4.27.4&#8243; _module_preset=&#8220;default&#8220; custom_css_main_element=&#8220;text-align: right !important;&#8220; global_colors_info=&#8220;{}&#8220;][et_pb_text _builder_version=&#8220;4.27.2&#8243; _module_preset=&#8220;default&#8220; text_text_color=&#8220;#FFFFFF&#8220; custom_margin=&#8220;|15px||15px|false|false&#8220; custom_margin_tablet=&#8220;|15px||15px|false|false&#8220; custom_margin_phone=&#8220;|15px||15px|false|false&#8220; custom_margin_last_edited=&#8220;on|tablet&#8220; link_option_url=&#8220;https:\/\/www.teamogy.com\/en\/general-business-conditions\/&#8220; custom_css_main_element=&#8220;display: inline-block!important;&#8220; global_colors_info=&#8220;{}&#8220;]<\/p>\n<p><strong>Podm\u00ednky u\u017eit\u00ed<\/strong><\/p>\n<p>[\/et_pb_text][et_pb_text _builder_version=&#8220;4.27.2&#8243; _module_preset=&#8220;default&#8220; text_text_color=&#8220;#FFFFFF&#8220; custom_margin=&#8220;|15px||15px|false|false&#8220; custom_margin_tablet=&#8220;||||false|false&#8220; custom_margin_phone=&#8220;||||false|false&#8220; custom_margin_last_edited=&#8220;on|tablet&#8220; link_option_url=&#8220;https:\/\/www.teamogy.com\/cs\/ochrana-osobnich-udaju\/&#8220; custom_css_main_element=&#8220;display: inline-block!important;&#8220; global_colors_info=&#8220;{}&#8220;]<\/p>\n<p><strong>Ochrana osobn\u00edch \u00fadaj\u016f<\/strong><\/p>\n<p>[\/et_pb_text][et_pb_text _builder_version=&#8220;4.27.2&#8243; _module_preset=&#8220;default&#8220; text_text_color=&#8220;#FFFFFF&#8220; custom_margin=&#8220;|15px||15px|false|false&#8220; custom_margin_tablet=&#8220;||||false|false&#8220; custom_margin_phone=&#8220;||||false|false&#8220; custom_margin_last_edited=&#8220;on|tablet&#8220; link_option_url=&#8220;https:\/\/www.teamogy.com\/cs\/zpracovani-osobnich-udaju\/&#8220; custom_css_main_element=&#8220;display: inline-block!important;&#8220; global_colors_info=&#8220;{}&#8220;]<\/p>\n<p><strong>Zpracov\u00e1n\u00ed osobn\u00edch \u00fadaj\u016f<\/strong><\/p>\n<p>[\/et_pb_text][\/et_pb_column][\/et_pb_row][\/et_pb_section]<\/p>\n","protected":false},"excerpt":{"rendered":"<p>Learn more about KSeF in TeamogyBook a 20-minute walkthrough and see KSeF in Teamogy in actionIn a focused 20-minute call, we\u2019ll show how KSeF works inside Teamogy\u2014from invoice creation and approvals to sending and receiving e-invoices. You\u2019ll see what it looks like in a single, controlled flow, so your invoicing stays clean, compliant, and predictable\u2014without [&hellip;]<\/p>\n","protected":false},"author":39,"featured_media":0,"parent":0,"menu_order":0,"comment_status":"closed","ping_status":"closed","template":"","meta":{"_et_pb_use_builder":"on","_et_pb_old_content":"","_et_gb_content_width":"","footnotes":""},"class_list":["post-987522997","page","type-page","status-publish","hentry"],"aioseo_notices":[],"_links":{"self":[{"href":"https:\/\/www.teamogy.com\/cs\/wp-json\/wp\/v2\/pages\/987522997","targetHints":{"allow":["GET"]}}],"collection":[{"href":"https:\/\/www.teamogy.com\/cs\/wp-json\/wp\/v2\/pages"}],"about":[{"href":"https:\/\/www.teamogy.com\/cs\/wp-json\/wp\/v2\/types\/page"}],"author":[{"embeddable":true,"href":"https:\/\/www.teamogy.com\/cs\/wp-json\/wp\/v2\/users\/39"}],"replies":[{"embeddable":true,"href":"https:\/\/www.teamogy.com\/cs\/wp-json\/wp\/v2\/comments?post=987522997"}],"version-history":[{"count":5,"href":"https:\/\/www.teamogy.com\/cs\/wp-json\/wp\/v2\/pages\/987522997\/revisions"}],"predecessor-version":[{"id":987523378,"href":"https:\/\/www.teamogy.com\/cs\/wp-json\/wp\/v2\/pages\/987522997\/revisions\/987523378"}],"wp:attachment":[{"href":"https:\/\/www.teamogy.com\/cs\/wp-json\/wp\/v2\/media?parent=987522997"}],"curies":[{"name":"wp","href":"https:\/\/api.w.org\/{rel}","templated":true}]}}