{"id":5131,"date":"2019-02-27T10:51:18","date_gmt":"2019-02-27T10:51:18","guid":{"rendered":"http:\/\/www.teamogy.com\/?page_id=5131"},"modified":"2025-11-14T10:52:18","modified_gmt":"2025-11-14T10:52:18","slug":"try-for-free","status":"publish","type":"page","link":"https:\/\/www.teamogy.com\/en\/try-for-free\/","title":{"rendered":"Try for free"},"content":{"rendered":"<p>[et_pb_section fb_built=&#8221;1&#8243; custom_padding_last_edited=&#8221;on|phone&#8221; _builder_version=&#8221;4.27.4&#8243; _module_preset=&#8221;default&#8221; background_color=&#8221;gcid-9ec851d6-8640-49e7-b855-627d3d5f5d53&#8243; background_enable_image=&#8221;off&#8221; background_position=&#8221;top_center&#8221; background_vertical_offset=&#8221;28%&#8221; height_tablet=&#8221;&#8221; height_phone=&#8221;&#8221; height_last_edited=&#8221;on|tablet&#8221; custom_padding=&#8221;||||false|true&#8221; custom_padding_tablet=&#8221;||||false|true&#8221; custom_padding_phone=&#8221;||||false|true&#8221; locked=&#8221;off&#8221; global_colors_info=&#8221;{%22gcid-9ec851d6-8640-49e7-b855-627d3d5f5d53%22:%91%22background_color%22%93}&#8221;][et_pb_row column_structure=&#8221;1_2,1_2&#8243; use_custom_gutter=&#8221;on&#8221; gutter_width=&#8221;2&#8243; custom_padding_last_edited=&#8221;on|tablet&#8221; _builder_version=&#8221;4.27.4&#8243; _module_preset=&#8221;default&#8221; custom_margin=&#8221;0px||-40px||false|false&#8221; custom_margin_tablet=&#8221;-40px||-40px||false|false&#8221; custom_margin_phone=&#8221;-20px||||false|false&#8221; custom_margin_last_edited=&#8221;on|phone&#8221; custom_padding=&#8221;|20px||20px|false|true&#8221; custom_padding_tablet=&#8221;||||false|true&#8221; custom_padding_phone=&#8221;||||false|true&#8221; global_colors_info=&#8221;{}&#8221;][et_pb_column type=&#8221;1_2&#8243; _builder_version=&#8221;4.27.4&#8243; _module_preset=&#8221;default&#8221; custom_css_main_element=&#8221;display: flex;||flex-wrap: wrap;||&#8221; global_colors_info=&#8221;{}&#8221; custom_css_main_element_last_edited=&#8221;on|phone&#8221; custom_css_main_element_tablet=&#8221;display: block;&#8221; custom_css_main_element_phone=&#8221;display: block;&#8221;][et_pb_text _builder_version=&#8221;4.27.4&#8243; _module_preset=&#8221;default&#8221; header_3_text_align=&#8221;left&#8221; background_enable_color=&#8221;off&#8221; width=&#8221;100%&#8221; custom_margin_tablet=&#8221;||10px||false|false&#8221; custom_margin_phone=&#8221;||10px||false|false&#8221; custom_margin_last_edited=&#8221;on|tablet&#8221; global_colors_info=&#8221;{}&#8221;]<\/p>\n<h3>Make Business not Chaos<\/h3>\n<p>[\/et_pb_text][et_pb_text _builder_version=&#8221;4.27.4&#8243; _module_preset=&#8221;default&#8221; header_text_align=&#8221;left&#8221; width=&#8221;100%&#8221; custom_margin=&#8221;-20px||||false|false&#8221; custom_margin_tablet=&#8221;-15px||||false|false&#8221; custom_margin_phone=&#8221;||0px||false|false&#8221; custom_margin_last_edited=&#8221;on|phone&#8221; global_colors_info=&#8221;{}&#8221;]<\/p>\n<h1>Sign up and <strong>try Teamogy free for 14\u00a0days.<\/strong><\/h1>\n<p>[\/et_pb_text][\/et_pb_column][et_pb_column type=&#8221;1_2&#8243; _builder_version=&#8221;4.27.4&#8243; _module_preset=&#8221;default&#8221; background_enable_color=&#8221;off&#8221; custom_padding=&#8221;||||true|true&#8221; global_colors_info=&#8221;{}&#8221;][et_pb_code _builder_version=&#8221;4.27.4&#8243; _module_preset=&#8221;default&#8221; locked=&#8221;off&#8221; global_colors_info=&#8221;{}&#8221;]<\/p>\n<div class=\"custom-card-slider\"><!-- [et_pb_line_break_holder] -->  <\/p>\n<div class=\"slider-viewport\"><!-- [et_pb_line_break_holder] -->    <\/p>\n<div class=\"slider-wrapper\"><!-- [et_pb_line_break_holder] -->      <\/p>\n<div class=\"slider-card\"><!-- [et_pb_line_break_holder] -->        <img decoding=\"async\" src=\"https:\/\/www.teamogy.com\/wp-content\/uploads\/Radek-Marsik.webp\" alt=\"Profilov\u00fd obr\u00e1zek\" class=\"card-image\"><!-- [et_pb_line_break_holder] -->        <pee class=\"reference-text-italic\"><!-- [et_pb_line_break_holder] -->          \u201cWe need to have finances and projects in order. We do have that, thanks to Teamogy.\u201c<!-- [et_pb_line_break_holder] -->        <\/pee><!-- [et_pb_line_break_holder] -->        <pee><!-- [et_pb_line_break_holder] -->          <strong>Radek Mar\u0161\u00edk, <\/strong>CEO, <span class=\"company-orange\">FleishmanHillard Prague<\/span><!-- [et_pb_line_break_holder] -->        <\/pee><!-- [et_pb_line_break_holder] -->      <\/div>\n<p><!-- [et_pb_line_break_holder] -->      <\/p>\n<div class=\"slider-card\"><!-- [et_pb_line_break_holder] -->        <img decoding=\"async\" src=\"https:\/\/www.teamogy.com\/wp-content\/uploads\/matula_circle_500-1.png\" alt=\"Profilov\u00fd obr\u00e1zek\" class=\"card-image\"><!-- [et_pb_line_break_holder] -->        <pee class=\"reference-text-italic\"><!-- [et_pb_line_break_holder] -->          &#8220;We save time and money thanks to Teamogy. We have everything under control.\u201c<!-- [et_pb_line_break_holder] -->        <\/pee><!-- [et_pb_line_break_holder] -->        <pee><!-- [et_pb_line_break_holder] -->          <strong>Daniel Matula, <\/strong>Founder, <span class=\"company-orange\">CAPEXUS<\/span><!-- [et_pb_line_break_holder] -->        <\/pee><!-- [et_pb_line_break_holder] -->      <\/div>\n<p><!-- [et_pb_line_break_holder] -->      <\/p>\n<div class=\"slider-card\"><!-- [et_pb_line_break_holder] -->        <img decoding=\"async\" src=\"https:\/\/www.teamogy.com\/wp-content\/uploads\/jarosova_circle_500-1.png\" alt=\"Profilov\u00fd obr\u00e1zek\" class=\"card-image\"><!-- [et_pb_line_break_holder] -->        <pee class=\"reference-text-italic\"><!-- [et_pb_line_break_holder] -->          \u201cI love efficiency and clarity. That\u2019s Teamogy for me. Like!\u201d<!-- [et_pb_line_break_holder] -->        <\/pee><!-- [et_pb_line_break_holder] -->        <pee><!-- [et_pb_line_break_holder] -->          <strong>Miroslava Jaro\u0161ov\u00e1, <\/strong>Account Director, <span class=\"company-orange\">Konektor<\/span><!-- [et_pb_line_break_holder] -->        <\/pee><!-- [et_pb_line_break_holder] -->      <\/div>\n<p><!-- [et_pb_line_break_holder] -->    <\/div>\n<p><!-- [et_pb_line_break_holder] -->  <\/div>\n<p><!-- [et_pb_line_break_holder] --><!-- [et_pb_line_break_holder] -->  <button class=\"slider-arrow left\">\u276e<\/button><!-- [et_pb_line_break_holder] -->  <button class=\"slider-arrow right\">\u276f<\/button><!-- [et_pb_line_break_holder] --><\/div>\n<p><!-- [et_pb_line_break_holder] --><!-- [et_pb_line_break_holder] --><\/p>\n<style><!-- [et_pb_line_break_holder] -->.custom-card-slider {<!-- [et_pb_line_break_holder] -->  position: relative;<!-- [et_pb_line_break_holder] -->  width: 100%;<!-- [et_pb_line_break_holder] -->  margin: 0 auto;<!-- [et_pb_line_break_holder] -->  overflow: hidden;<!-- [et_pb_line_break_holder] -->  padding: 20px;<!-- [et_pb_line_break_holder] -->}<!-- [et_pb_line_break_holder] --><!-- [et_pb_line_break_holder] -->.slider-viewport {<!-- [et_pb_line_break_holder] -->  overflow: hidden;<!-- [et_pb_line_break_holder] -->  width: 100%;<!-- [et_pb_line_break_holder] -->  touch-action: pan-y;<!-- [et_pb_line_break_holder] -->}<!-- [et_pb_line_break_holder] --><!-- [et_pb_line_break_holder] -->.slider-wrapper {<!-- [et_pb_line_break_holder] -->  display: flex;<!-- [et_pb_line_break_holder] -->  transition: transform 0.5s ease-in-out;<!-- [et_pb_line_break_holder] -->  will-change: transform;<!-- [et_pb_line_break_holder] -->}<!-- [et_pb_line_break_holder] --><!-- [et_pb_line_break_holder] -->.slider-card {<!-- [et_pb_line_break_holder] -->  width: 100%;<!-- [et_pb_line_break_holder] -->  background: #ffffff;<!-- [et_pb_line_break_holder] -->  padding: 30px;<!-- [et_pb_line_break_holder] -->  text-align: left;<!-- [et_pb_line_break_holder] -->  flex-shrink: 0;<!-- [et_pb_line_break_holder] -->  font-family: sans-serif;<!-- [et_pb_line_break_holder] -->}<!-- [et_pb_line_break_holder] --><!-- [et_pb_line_break_holder] -->.card-image {<!-- [et_pb_line_break_holder] -->  width: 100%;<!-- [et_pb_line_break_holder] -->  max-width: 100px;<!-- [et_pb_line_break_holder] -->  border-radius: 50%;<!-- [et_pb_line_break_holder] -->  border: 2px solid #FF4C00;<!-- [et_pb_line_break_holder] -->  display: block;<!-- [et_pb_line_break_holder] -->  margin-bottom: 15px;<!-- [et_pb_line_break_holder] -->}<!-- [et_pb_line_break_holder] --><!-- [et_pb_line_break_holder] -->.reference-text-italic {<!-- [et_pb_line_break_holder] -->  font-style: italic;<!-- [et_pb_line_break_holder] -->  font-size: 20px;<!-- [et_pb_line_break_holder] -->  color: #212121;<!-- [et_pb_line_break_holder] -->}<!-- [et_pb_line_break_holder] --><!-- [et_pb_line_break_holder] -->.company-orange {<!-- [et_pb_line_break_holder] -->  color: #FF4C00;<!-- [et_pb_line_break_holder] -->  font-weight: bold;<!-- [et_pb_line_break_holder] -->}<!-- [et_pb_line_break_holder] --><!-- [et_pb_line_break_holder] -->.slider-arrow {<!-- [et_pb_line_break_holder] -->  position: absolute;<!-- [et_pb_line_break_holder] -->  top: 50%;<!-- [et_pb_line_break_holder] -->  transform: translateY(-50%);<!-- [et_pb_line_break_holder] -->  background-color: #ff4c00;<!-- [et_pb_line_break_holder] -->  color: white;<!-- [et_pb_line_break_holder] -->  border: none;<!-- [et_pb_line_break_holder] -->  padding: 8px 13px;<!-- [et_pb_line_break_holder] -->  border-radius: 50%;<!-- [et_pb_line_break_holder] -->  cursor: pointer;<!-- [et_pb_line_break_holder] -->  font-size: 15px;<!-- [et_pb_line_break_holder] -->  z-index: 1;<!-- [et_pb_line_break_holder] -->}<!-- [et_pb_line_break_holder] --><!-- [et_pb_line_break_holder] -->.slider-arrow.left {<!-- [et_pb_line_break_holder] -->  left: 0;<!-- [et_pb_line_break_holder] -->}<!-- [et_pb_line_break_holder] --><!-- [et_pb_line_break_holder] -->.slider-arrow.right {<!-- [et_pb_line_break_holder] -->  right: 0;<!-- [et_pb_line_break_holder] -->}<!-- [et_pb_line_break_holder] --><!-- [et_pb_line_break_holder] -->@media (max-width: 768px) {<!-- [et_pb_line_break_holder] -->  .slider-arrow.left {<!-- [et_pb_line_break_holder] -->    left: 0;<!-- [et_pb_line_break_holder] -->  }<!-- [et_pb_line_break_holder] --><!-- [et_pb_line_break_holder] -->  .slider-arrow.right {<!-- [et_pb_line_break_holder] -->    right: 0;<!-- [et_pb_line_break_holder] -->  }<!-- [et_pb_line_break_holder] -->}<!-- [et_pb_line_break_holder] --><\/style>\n<p><!-- [et_pb_line_break_holder] --><!-- [et_pb_line_break_holder] --><script><!-- [et_pb_line_break_holder] -->document.addEventListener('DOMContentLoaded', function () {<!-- [et_pb_line_break_holder] -->  const wrapper = document.querySelector('.slider-wrapper');<!-- [et_pb_line_break_holder] -->  const cards = Array.from(document.querySelectorAll('.slider-card'));<!-- [et_pb_line_break_holder] -->  const leftArrow = document.querySelector('.slider-arrow.left');<!-- [et_pb_line_break_holder] -->  const rightArrow = document.querySelector('.slider-arrow.right');<!-- [et_pb_line_break_holder] -->  const sliderViewport = document.querySelector('.slider-viewport');<!-- [et_pb_line_break_holder] --><!-- [et_pb_line_break_holder] -->  let current = 1;<!-- [et_pb_line_break_holder] -->  let isTransitioning = false;<!-- [et_pb_line_break_holder] -->  let startX = 0;<!-- [et_pb_line_break_holder] -->  let currentX = 0;<!-- [et_pb_line_break_holder] -->  let translateX = 0;<!-- [et_pb_line_break_holder] -->  let dragging = false;<!-- [et_pb_line_break_holder] -->  let autoSlideInterval;<!-- [et_pb_line_break_holder] -->  let resumeTimeout;<!-- [et_pb_line_break_holder] --><!-- [et_pb_line_break_holder] -->  \/\/ Clone first and last<!-- [et_pb_line_break_holder] -->  const firstClone = cards[0].cloneNode(true);<!-- [et_pb_line_break_holder] -->  const lastClone = cards[cards.length - 1].cloneNode(true);<!-- [et_pb_line_break_holder] --><!-- [et_pb_line_break_holder] -->  wrapper.appendChild(firstClone);<!-- [et_pb_line_break_holder] -->  wrapper.insertBefore(lastClone, cards[0]);<!-- [et_pb_line_break_holder] --><!-- [et_pb_line_break_holder] -->  const allCards = Array.from(wrapper.querySelectorAll('.slider-card'));<!-- [et_pb_line_break_holder] --><!-- [et_pb_line_break_holder] -->  function setCardWidths() {<!-- [et_pb_line_break_holder] -->    allCards.forEach(card => {<!-- [et_pb_line_break_holder] -->      card.style.flex = '0 0 100%';<!-- [et_pb_line_break_holder] -->    });<!-- [et_pb_line_break_holder] -->  }<!-- [et_pb_line_break_holder] --><!-- [et_pb_line_break_holder] -->  setCardWidths();<!-- [et_pb_line_break_holder] -->  wrapper.style.transform = `translateX(-${100 * current}%)`;<!-- [et_pb_line_break_holder] --><!-- [et_pb_line_break_holder] -->  function updateSlider() {<!-- [et_pb_line_break_holder] -->    if (isTransitioning) return;<!-- [et_pb_line_break_holder] -->    isTransitioning = true;<!-- [et_pb_line_break_holder] -->    wrapper.style.transition = 'transform 0.4s ease-in-out';<!-- [et_pb_line_break_holder] -->    wrapper.style.transform = `translateX(-${100 * current}%)`;<!-- [et_pb_line_break_holder] -->  }<!-- [et_pb_line_break_holder] --><!-- [et_pb_line_break_holder] -->  function nextSlide() {<!-- [et_pb_line_break_holder] -->    if (isTransitioning) return;<!-- [et_pb_line_break_holder] -->    current++;<!-- [et_pb_line_break_holder] -->    updateSlider();<!-- [et_pb_line_break_holder] -->    handleLoopReset();<!-- [et_pb_line_break_holder] -->  }<!-- [et_pb_line_break_holder] --><!-- [et_pb_line_break_holder] -->  function prevSlide() {<!-- [et_pb_line_break_holder] -->    if (isTransitioning) return;<!-- [et_pb_line_break_holder] -->    current--;<!-- [et_pb_line_break_holder] -->    updateSlider();<!-- [et_pb_line_break_holder] -->    handleLoopReset();<!-- [et_pb_line_break_holder] -->  }<!-- [et_pb_line_break_holder] --><!-- [et_pb_line_break_holder] -->  function handleLoopReset() {<!-- [et_pb_line_break_holder] -->    wrapper.addEventListener('transitionend', () => {<!-- [et_pb_line_break_holder] -->      wrapper.style.transition = 'none';<!-- [et_pb_line_break_holder] -->      if (current === allCards.length - 1) {<!-- [et_pb_line_break_holder] -->        current = 1;<!-- [et_pb_line_break_holder] -->        wrapper.style.transform = `translateX(-${100 * current}%)`;<!-- [et_pb_line_break_holder] -->      } else if (current === 0) {<!-- [et_pb_line_break_holder] -->        current = allCards.length - 2;<!-- [et_pb_line_break_holder] -->        wrapper.style.transform = `translateX(-${100 * current}%)`;<!-- [et_pb_line_break_holder] -->      }<!-- [et_pb_line_break_holder] -->      isTransitioning = false;<!-- [et_pb_line_break_holder] -->    }, { once: true });<!-- [et_pb_line_break_holder] -->  }<!-- [et_pb_line_break_holder] --><!-- [et_pb_line_break_holder] -->  function startAutoSlide() {<!-- [et_pb_line_break_holder] -->    clearInterval(autoSlideInterval);<!-- [et_pb_line_break_holder] -->    autoSlideInterval = setInterval(nextSlide, 4000);<!-- [et_pb_line_break_holder] -->  }<!-- [et_pb_line_break_holder] --><!-- [et_pb_line_break_holder] -->  function pauseAutoSlideTemporarily() {<!-- [et_pb_line_break_holder] -->    clearInterval(autoSlideInterval);<!-- [et_pb_line_break_holder] -->    clearTimeout(resumeTimeout);<!-- [et_pb_line_break_holder] -->    resumeTimeout = setTimeout(startAutoSlide, 4000);<!-- [et_pb_line_break_holder] -->  }<!-- [et_pb_line_break_holder] --><!-- [et_pb_line_break_holder] -->  leftArrow.addEventListener('click', () => {<!-- [et_pb_line_break_holder] -->    prevSlide();<!-- [et_pb_line_break_holder] -->    pauseAutoSlideTemporarily();<!-- [et_pb_line_break_holder] -->  });<!-- [et_pb_line_break_holder] --><!-- [et_pb_line_break_holder] -->  rightArrow.addEventListener('click', () => {<!-- [et_pb_line_break_holder] -->    nextSlide();<!-- [et_pb_line_break_holder] -->    pauseAutoSlideTemporarily();<!-- [et_pb_line_break_holder] -->  });<!-- [et_pb_line_break_holder] --><!-- [et_pb_line_break_holder] -->  \/\/ Swipe\/drag for mobile<!-- [et_pb_line_break_holder] -->  sliderViewport.addEventListener('touchstart', (e) => {<!-- [et_pb_line_break_holder] -->    startX = e.touches[0].clientX;<!-- [et_pb_line_break_holder] -->    dragging = true;<!-- [et_pb_line_break_holder] -->    wrapper.style.transition = 'none';<!-- [et_pb_line_break_holder] -->  });<!-- [et_pb_line_break_holder] --><!-- [et_pb_line_break_holder] -->  sliderViewport.addEventListener('touchmove', (e) => {<!-- [et_pb_line_break_holder] -->    if (!dragging) return;<!-- [et_pb_line_break_holder] -->    currentX = e.touches[0].clientX;<!-- [et_pb_line_break_holder] -->    const delta = currentX - startX;<!-- [et_pb_line_break_holder] -->    translateX = -current * wrapper.offsetWidth + delta;<!-- [et_pb_line_break_holder] -->    wrapper.style.transform = `translateX(${translateX}px)`;<!-- [et_pb_line_break_holder] -->  });<!-- [et_pb_line_break_holder] --><!-- [et_pb_line_break_holder] -->  sliderViewport.addEventListener('touchend', () => {<!-- [et_pb_line_break_holder] -->    if (!dragging) return;<!-- [et_pb_line_break_holder] -->    const deltaX = currentX - startX;<!-- [et_pb_line_break_holder] -->    const threshold = wrapper.offsetWidth \/ 4;<!-- [et_pb_line_break_holder] -->    dragging = false;<!-- [et_pb_line_break_holder] --><!-- [et_pb_line_break_holder] -->    if (deltaX > threshold) {<!-- [et_pb_line_break_holder] -->      prevSlide();<!-- [et_pb_line_break_holder] -->    } else if (deltaX < -threshold) {<!-- [et_pb_line_break_holder] -->      nextSlide();<!-- [et_pb_line_break_holder] -->    } else {<!-- [et_pb_line_break_holder] -->      wrapper.style.transition = 'transform 0.3s ease-in-out';<!-- [et_pb_line_break_holder] -->      wrapper.style.transform = `translateX(-${100 * current}%)`;<!-- [et_pb_line_break_holder] -->    }<!-- [et_pb_line_break_holder] --><!-- [et_pb_line_break_holder] -->    pauseAutoSlideTemporarily();<!-- [et_pb_line_break_holder] -->  });<!-- [et_pb_line_break_holder] --><!-- [et_pb_line_break_holder] -->  startAutoSlide();<!-- [et_pb_line_break_holder] -->});<!-- [et_pb_line_break_holder] --><\/script><!-- [et_pb_line_break_holder] -->[\/et_pb_code][\/et_pb_column][\/et_pb_row][et_pb_row use_custom_gutter=&#8221;on&#8221; gutter_width=&#8221;2&#8243; custom_padding_last_edited=&#8221;on|tablet&#8221; _builder_version=&#8221;4.27.4&#8243; _module_preset=&#8221;default&#8221; custom_margin=&#8221;||||false|false&#8221; custom_padding=&#8221;|20px||20px|false|true&#8221; custom_padding_tablet=&#8221;||||false|true&#8221; custom_padding_phone=&#8221;||||false|true&#8221; global_colors_info=&#8221;{}&#8221;][et_pb_column type=&#8221;4_4&#8243; _builder_version=&#8221;4.27.4&#8243; _module_preset=&#8221;default&#8221; global_colors_info=&#8221;{}&#8221;][et_pb_code admin_label=&#8221;K\u00f3d &#8211; formul\u00e1\u0159&#8221; _builder_version=&#8221;4.27.4&#8243; _module_preset=&#8221;default&#8221; locked=&#8221;off&#8221; global_colors_info=&#8221;{}&#8221;]<\/p>\n<div id=\"tmg-embedded-form\" class=\"theme-light\"><\/div>\n<p><!-- [et_pb_line_break_holder] --><script type=\"text\/javascript\" src=\"https:\/\/aio.teamogy.team\/flow\/data\/public\/try-for-free-form.js\"><\/script><!-- [et_pb_line_break_holder] -->[\/et_pb_code][\/et_pb_column][\/et_pb_row][\/et_pb_section][et_pb_section fb_built=&#8221;1&#8243; _builder_version=&#8221;4.27.4&#8243; _module_preset=&#8221;default&#8221; background_color=&#8221;gcid-4740fec8-6a1f-4c6c-abd7-ff0881f98fd5&#8243; locked=&#8221;off&#8221; global_colors_info=&#8221;{%22gcid-4740fec8-6a1f-4c6c-abd7-ff0881f98fd5%22:%91%22background_color%22%93}&#8221;][et_pb_row column_structure=&#8221;2_5,3_5&#8243; _builder_version=&#8221;4.27.4&#8243; _module_preset=&#8221;default&#8221; custom_margin=&#8221;0px||-30px||false|false&#8221; custom_padding=&#8221;0px|20px|0px|20px|false|false&#8221; locked=&#8221;off&#8221; global_colors_info=&#8221;{}&#8221;][et_pb_column type=&#8221;2_5&#8243; _builder_version=&#8221;4.25.1&#8243; _module_preset=&#8221;default&#8221; global_colors_info=&#8221;{}&#8221;][et_pb_image src=&#8221;https:\/\/www.teamogy.com\/wp-content\/uploads\/Teamogybyaio_white.svg&#8221; alt=&#8221;Teamogy By AD-IN-ONE logo&#8221; align_tablet=&#8221;left&#8221; align_phone=&#8221;left&#8221; align_last_edited=&#8221;off|phone&#8221; _builder_version=&#8221;4.27.4&#8243; _module_preset=&#8221;default&#8221; width=&#8221;150px&#8221; width_tablet=&#8221;149px&#8221; width_phone=&#8221;148px&#8221; width_last_edited=&#8221;on|phone&#8221; custom_margin_phone=&#8221;||||false|false&#8221; custom_margin_last_edited=&#8221;off|phone&#8221; global_colors_info=&#8221;{}&#8221;][\/et_pb_image][\/et_pb_column][et_pb_column type=&#8221;3_5&#8243; _builder_version=&#8221;4.27.4&#8243; _module_preset=&#8221;default&#8221; custom_css_main_element=&#8221;text-align: right !important;&#8221; global_colors_info=&#8221;{}&#8221;][et_pb_text _builder_version=&#8221;4.27.4&#8243; _module_preset=&#8221;default&#8221; text_text_color=&#8221;#FFFFFF&#8221; custom_margin=&#8221;|15px||15px|false|false&#8221; custom_margin_tablet=&#8221;|15px||15px|false|false&#8221; custom_margin_phone=&#8221;|15px||15px|false|false&#8221; custom_margin_last_edited=&#8221;on|tablet&#8221; link_option_url=&#8221;https:\/\/www.teamogy.com\/en\/general-business-conditions\/&#8221; custom_css_main_element=&#8221;display: inline-block!important;&#8221; global_colors_info=&#8221;{}&#8221;]<\/p>\n<p><strong>Conditions of use<\/strong><\/p>\n<p>[\/et_pb_text][et_pb_text _builder_version=&#8221;4.27.4&#8243; _module_preset=&#8221;default&#8221; text_text_color=&#8221;#FFFFFF&#8221; custom_margin=&#8221;|15px||15px|false|false&#8221; custom_margin_tablet=&#8221;||||false|false&#8221; custom_margin_phone=&#8221;||||false|false&#8221; custom_margin_last_edited=&#8221;on|tablet&#8221; link_option_url=&#8221;https:\/\/www.teamogy.com\/en\/personal-data-protection\/&#8221; custom_css_main_element=&#8221;display: inline-block!important;&#8221; global_colors_info=&#8221;{}&#8221;]<\/p>\n<p><strong>Personal data protection<\/strong><\/p>\n<p>[\/et_pb_text][et_pb_text _builder_version=&#8221;4.27.4&#8243; _module_preset=&#8221;default&#8221; text_text_color=&#8221;#FFFFFF&#8221; custom_margin=&#8221;|15px||15px|false|false&#8221; custom_margin_tablet=&#8221;||||false|false&#8221; custom_margin_phone=&#8221;||||false|false&#8221; custom_margin_last_edited=&#8221;on|tablet&#8221; link_option_url=&#8221;https:\/\/www.teamogy.com\/en\/personal-data-processing\/&#8221; custom_css_main_element=&#8221;display: inline-block!important;&#8221; global_colors_info=&#8221;{}&#8221;]<\/p>\n<p><strong>Processing of personal data<\/strong><\/p>\n<p>[\/et_pb_text][\/et_pb_column][\/et_pb_row][\/et_pb_section]<\/p>\n","protected":false},"excerpt":{"rendered":"<p>Make Business not ChaosSign up and try Teamogy free for 14\u00a0days.Conditions of usePersonal data protectionProcessing of personal data<\/p>\n","protected":false},"author":2,"featured_media":0,"parent":0,"menu_order":0,"comment_status":"closed","ping_status":"closed","template":"","meta":{"_et_pb_use_builder":"on","_et_pb_old_content":"","_et_gb_content_width":"","footnotes":""},"class_list":["post-5131","page","type-page","status-publish","hentry"],"aioseo_notices":[],"_links":{"self":[{"href":"https:\/\/www.teamogy.com\/en\/wp-json\/wp\/v2\/pages\/5131","targetHints":{"allow":["GET"]}}],"collection":[{"href":"https:\/\/www.teamogy.com\/en\/wp-json\/wp\/v2\/pages"}],"about":[{"href":"https:\/\/www.teamogy.com\/en\/wp-json\/wp\/v2\/types\/page"}],"author":[{"embeddable":true,"href":"https:\/\/www.teamogy.com\/en\/wp-json\/wp\/v2\/users\/2"}],"replies":[{"embeddable":true,"href":"https:\/\/www.teamogy.com\/en\/wp-json\/wp\/v2\/comments?post=5131"}],"version-history":[{"count":3,"href":"https:\/\/www.teamogy.com\/en\/wp-json\/wp\/v2\/pages\/5131\/revisions"}],"predecessor-version":[{"id":987522100,"href":"https:\/\/www.teamogy.com\/en\/wp-json\/wp\/v2\/pages\/5131\/revisions\/987522100"}],"wp:attachment":[{"href":"https:\/\/www.teamogy.com\/en\/wp-json\/wp\/v2\/media?parent=5131"}],"curies":[{"name":"wp","href":"https:\/\/api.w.org\/{rel}","templated":true}]}}