{"id":987522997,"date":"2026-02-13T15:38:54","date_gmt":"2026-02-13T15:38:54","guid":{"rendered":"https:\/\/www.teamogy.com\/?page_id=987522997"},"modified":"2026-02-27T10:27:47","modified_gmt":"2026-02-27T10:27:47","slug":"learn-more-about-ksef-in-teamogy","status":"publish","type":"page","link":"https:\/\/www.teamogy.com\/es\/learn-more-about-ksef-in-teamogy\/","title":{"rendered":"Learn more about KSeF in Teamogy"},"content":{"rendered":"<p>[et_pb_section fb_built=\u00bb1&#8243; _builder_version=\u00bb4.27.5&#8243; _module_preset=\u00bbdefault\u00bb background_color=\u00bb#f4f4f4&#8243; max_width=\u00bb100%\u00bb custom_padding=\u00bb0px|0px|0px|0px|false|false\u00bb global_colors_info=\u00bb{}\u00bb][et_pb_row column_structure=\u00bb1_2,1_2&#8243; make_equal=\u00bbon\u00bb _builder_version=\u00bb4.27.5&#8243; _module_preset=\u00bbdefault\u00bb width=\u00bb100%\u00bb max_width=\u00bb100%\u00bb module_alignment=\u00bbcenter\u00bb min_height=\u00bb600px\u00bb custom_padding=\u00bb0px|0px|0px|0px|false|false\u00bb global_colors_info=\u00bb{}\u00bb][et_pb_column type=\u00bb1_2&#8243; _builder_version=\u00bb4.27.5&#8243; _module_preset=\u00bbdefault\u00bb custom_padding=\u00bb5%|5%|5%|5%|false|false\u00bb global_colors_info=\u00bb{}\u00bb][et_pb_text _builder_version=\u00bb4.27.5&#8243; _module_preset=\u00bbdefault\u00bb text_font=\u00bb||||||||\u00bb text_text_color=\u00bb#ff4c00&#8243; text_font_size=\u00bb20px\u00bb text_font_size_tablet=\u00bb20px\u00bb text_font_size_phone=\u00bb20px\u00bb text_font_size_last_edited=\u00bbon|desktop\u00bb locked=\u00bboff\u00bb global_colors_info=\u00bb{}\u00bb]<\/p>\n<p>Learn more about KSeF in Teamogy<\/p>\n<p>[\/et_pb_text][et_pb_text _builder_version=\u00bb4.27.5&#8243; _module_preset=\u00bbdefault\u00bb header_font=\u00bb|||on|||||\u00bb header_text_align=\u00bbleft\u00bb header_font_size=\u00bb40px\u00bb width=\u00bb100%\u00bb custom_margin=\u00bb-20px||||false|false\u00bb custom_margin_tablet=\u00bb-15px||||false|false\u00bb custom_margin_phone=\u00bb||0px||false|false\u00bb custom_margin_last_edited=\u00bbon|phone\u00bb header_font_size_tablet=\u00bb40px\u00bb header_font_size_phone=\u00bb40px\u00bb header_font_size_last_edited=\u00bbon|phone\u00bb locked=\u00bboff\u00bb global_colors_info=\u00bb{}\u00bb]<\/p>\n<h1><strong>Book a 20-minute walkthrough <\/strong> and see KSeF in Teamogy in action<\/h1>\n<p>[\/et_pb_text][et_pb_text _builder_version=\u00bb4.27.5&#8243; _module_preset=\u00bbdefault\u00bb text_font=\u00bb&#8211;et_global_body_font||||||||\u00bb text_font_size=\u00bb16px\u00bb custom_padding=\u00bb||||false|false\u00bb custom_padding_tablet=\u00bb|0px|||false|false\u00bb custom_padding_phone=\u00bb|0px|||false|false\u00bb custom_padding_last_edited=\u00bbon|phone\u00bb text_font_size_tablet=\u00bb16px\u00bb text_font_size_phone=\u00bb16px\u00bb text_font_size_last_edited=\u00bbon|desktop\u00bb locked=\u00bboff\u00bb global_colors_info=\u00bb{}\u00bb]<\/p>\n<p data-start=\"393\" data-end=\"553\">In a focused 20-minute call, we\u2019ll show how KSeF works <strong data-start=\"460\" data-end=\"478\">inside Teamogy<\/strong>\u2014from invoice creation and approvals to sending and receiving e-invoices.<\/p>\n<p data-start=\"555\" data-end=\"723\">You\u2019ll see what it looks like in a <strong data-start=\"590\" data-end=\"621\">single, controlled flow<\/strong>, so your invoicing stays clean, compliant, and predictable\u2014without extra tools or manual workarounds.<\/p>\n<p>[\/et_pb_text][et_pb_code admin_label=\u00bbCode\u00bb _builder_version=\u00bb4.27.6&#8243; _module_preset=\u00bbdefault\u00bb hover_enabled=\u00bb0&#8243; locked=\u00bboff\u00bb global_colors_info=\u00bb{}\u00bb sticky_enabled=\u00bb0&#8243;]<\/p>\n<div id=\"tmg-embedded-form\" class=\"theme-light\"><\/div>\n<p><!-- [et_pb_line_break_holder] --><script type=\"text\/javascript\" src=\"https:\/\/aio.teamogy.team\/flow\/data\/public\/consultation-for-free-form.js\"><\/script><!-- [et_pb_line_break_holder] -->[\/et_pb_code][\/et_pb_column][et_pb_column type=\u00bb1_2&#8243; _builder_version=\u00bb4.27.5&#8243; _module_preset=\u00bbdefault\u00bb background_image=\u00bbhttps:\/\/www.teamogy.com\/wp-content\/uploads\/Teamogy-free-consultation-1.webp\u00bb global_colors_info=\u00bb{}\u00bb][\/et_pb_column][\/et_pb_row][\/et_pb_section][et_pb_section fb_built=\u00bb1&#8243; custom_padding_last_edited=\u00bboff|desktop\u00bb admin_label=\u00bbFooter\u00bb _builder_version=\u00bb4.27.4&#8243; _module_preset=\u00bbdefault\u00bb background_color=\u00bb#242424&#8243; custom_margin=\u00bb||||false|false\u00bb custom_padding=\u00bb||||false|false\u00bb custom_padding_tablet=\u00bb|30px||30px|false|false\u00bb custom_padding_phone=\u00bb|30px||30px|false|false\u00bb global_module=\u00bb987516603&#8243; locked=\u00bboff\u00bb global_colors_info=\u00bb{}\u00bb][et_pb_row column_structure=\u00bb1_2,1_6,1_6,1_6&#8243; use_custom_gutter=\u00bbon\u00bb gutter_width=\u00bb2&#8243; module_class=\u00bbteamogy-footer-padding\u00bb _builder_version=\u00bb4.27.4&#8243; max_width=\u00bb1440px\u00bb custom_margin=\u00bb||||false|false\u00bb custom_padding=\u00bb||||false|false\u00bb custom_css_free_form=\u00bb.teamogy-footer-padding {||  padding-right: 25px;||  padding-left: 25px;||}\u00bb global_colors_info=\u00bb{}\u00bb][et_pb_column type=\u00bb1_2&#8243; _builder_version=\u00bb4.16&#8243; custom_padding=\u00bb|||\u00bb global_colors_info=\u00bb{}\u00bb custom_padding__hover=\u00bb|||\u00bb][et_pb_image src=\u00bbhttps:\/\/www.teamogy.com\/wp-content\/uploads\/Teamogy_forDarkBackground-2.svg\u00bb title_text=\u00bbTeamogy_forDarkBackground\u00bb _builder_version=\u00bb4.27.4&#8243; _module_preset=\u00bbdefault\u00bb width=\u00bb200px\u00bb width_tablet=\u00bb200px\u00bb width_phone=\u00bb190px\u00bb width_last_edited=\u00bbon|phone\u00bb global_colors_info=\u00bb{}\u00bb][\/et_pb_image][et_pb_text _builder_version=\u00bb4.27.4&#8243; _module_preset=\u00bbdefault\u00bb text_text_color=\u00bb#FFFFFF\u00bb custom_css_free_form=\u00bbfooter {||  line-height: 1.6;        \/* v\u00fd\u0161ka \u0159\u00e1dku \u2013 nap\u0159. 1.4\u00d7 velikost p\u00edsma *\/||  font-size: 14px;         \/* voliteln\u011b m\u016f\u017ee\u0161 zmen\u0161it text *\/||}||||footer p {||  margin: 0;               \/* odstran\u00ed v\u00fdchoz\u00ed svisl\u00e9 odsazen\u00ed odstavc\u016f *\/||  padding: 0;              \/* odstran\u00ed p\u0159\u00edpadn\u00e9 vnit\u0159n\u00ed odsazen\u00ed *\/||}||||.footer-company strong {||  font-size: 20px;     \/* nebo nap\u0159. 18px podle pot\u0159eby *\/||  font-weight: bold;   \/* zv\u00fdrazn\u011bn\u00ed *\/||  display: inline-block;||  margin-bottom: 0.5rem;||}||||.footer-company p {||  margin: 0.4rem 0; ||}||||.white-link {||  color: #ffffff !important;||  text-decoration: underline !important;||}\u00bb global_colors_info=\u00bb{}\u00bb]<\/p>\n<footer class=\"footer-company\"><strong class=\"company-name\">AD-IN-ONE Europe a.s.<\/strong><\/p>\n<p class=\"company-address\">F\u00fcgnerovo n\u00e1m\u011bst\u00ed 1808\/3,<br \/>Praha 2, 12000<\/p>\n<p class=\"company-contact\">Tel: <a href=\"tel:+420222551500\" class=\"white-link\">+420 222 551 500<\/a><br \/>Email: <a href=\"mailto:welcome@teamogy.com\" class=\"white-link\">welcome@teamogy.com<\/a><\/p>\n<p class=\"company-tax\">I\u010c: 28082869, DI\u010c: CZ28082869<\/p>\n<p class=\"company-reg\">Spisov\u00e1 zna\u010dka B 14840 veden\u00e1 u M\u011bstsk\u00e9ho soudu v Praze<\/p>\n<\/footer>\n<p>[\/et_pb_text][et_pb_image src=\u00bbhttps:\/\/www.teamogy.com\/wp-content\/uploads\/DownloadGooglePlay-1.svg\u00bb alt=\u00bbSt\u00e1hnout z Google Play\u00bb title_text=\u00bbSt\u00e1hnout z Google Play\u00bb url=\u00bbhttps:\/\/play.google.com\/store\/apps\/details?id=com.teamogy.app.app25504&#8243; url_new_window=\u00bbon\u00bb _builder_version=\u00bb4.27.4&#8243; _module_preset=\u00bbdefault\u00bb width=\u00bb150px\u00bb width_tablet=\u00bb150px\u00bb width_phone=\u00bb140px\u00bb width_last_edited=\u00bbon|phone\u00bb global_colors_info=\u00bb{}\u00bb][\/et_pb_image][et_pb_image src=\u00bbhttps:\/\/www.teamogy.com\/wp-content\/uploads\/DownloadAppStore-1.svg\u00bb alt=\u00bbSt\u00e1hnout z App Storu\u00bb title_text=\u00bbSt\u00e1hnout z App Storu\u00bb url=\u00bbhttps:\/\/apps.apple.com\/us\/app\/teamogy\/id6470290153&#8243; url_new_window=\u00bbon\u00bb _builder_version=\u00bb4.27.4&#8243; _module_preset=\u00bbdefault\u00bb width=\u00bb150px\u00bb width_tablet=\u00bb150px\u00bb width_phone=\u00bb140px\u00bb width_last_edited=\u00bbon|phone\u00bb global_colors_info=\u00bb{}\u00bb][\/et_pb_image][\/et_pb_column][et_pb_column type=\u00bb1_6&#8243; _builder_version=\u00bb4.16&#8243; custom_padding=\u00bb|||\u00bb global_colors_info=\u00bb{}\u00bb custom_padding__hover=\u00bb|||\u00bb][et_pb_heading title=\u00bbO spole\u010dnosti\u00bb _builder_version=\u00bb4.25.1&#8243; _module_preset=\u00bbdefault\u00bb title_level=\u00bbh3&#8243; title_font=\u00bb&#8211;et_global_heading_font|800||on|||||\u00bb title_text_color=\u00bb#a7aeba\u00bb title_font_size=\u00bb15px\u00bb title_letter_spacing=\u00bb3px\u00bb title_line_height=\u00bb1.4em\u00bb title_font_size_tablet=\u00bb\u00bb title_font_size_phone=\u00bb\u00bb title_font_size_last_edited=\u00bbon|phone\u00bb locked=\u00bboff\u00bb global_colors_info=\u00bb{}\u00bb][\/et_pb_heading][et_pb_menu menu_id=\u00bb273&#8243; module_class=\u00bbpa-open-mobile-menu\u00bb _builder_version=\u00bb4.27.4&#8243; _module_preset=\u00bbdefault\u00bb menu_font=\u00bb&#8211;et_global_heading_font|600|||||||\u00bb menu_text_color=\u00bb#FFFFFF\u00bb background_enable_color=\u00bboff\u00bb custom_margin=\u00bb||||false|false\u00bb custom_margin_tablet=\u00bb-30px||||false|false\u00bb custom_margin_phone=\u00bb-30px||||false|false\u00bb custom_margin_last_edited=\u00bbon|tablet\u00bb custom_css_free_form=\u00bb.et-menu.nav li {||  display: block !important;||  margin-bottom: 10px !important;||  line-height: 1.6;||}||||.et-menu.nav {||  display: block !important;||}||||@Media (max-width: 980px) {||.pa-open-mobile-menu .et_pb_menu__menu {||display: flex!important;||}||.pa-open-mobile-menu .et_mobile_nav_menu {||display: none!important;||}||}||||.et_pb_menu&#8211;style-left_aligned .et_pb_menu__wrap {||  justify-content: flex-start !important;||}\u00bb global_colors_info=\u00bb{}\u00bb][\/et_pb_menu][\/et_pb_column][et_pb_column type=\u00bb1_6&#8243; _builder_version=\u00bb4.16&#8243; custom_padding=\u00bb|||\u00bb global_colors_info=\u00bb{}\u00bb custom_padding__hover=\u00bb|||\u00bb][et_pb_heading title=\u00bbProdukt\u00bb _builder_version=\u00bb4.25.1&#8243; _module_preset=\u00bbdefault\u00bb title_level=\u00bbh3&#8243; title_font=\u00bb&#8211;et_global_heading_font|800||on|||||\u00bb title_text_color=\u00bb#a7aeba\u00bb title_font_size=\u00bb15px\u00bb title_letter_spacing=\u00bb3px\u00bb title_line_height=\u00bb1.4em\u00bb title_font_size_tablet=\u00bb\u00bb title_font_size_phone=\u00bb\u00bb title_font_size_last_edited=\u00bbon|phone\u00bb locked=\u00bboff\u00bb global_colors_info=\u00bb{}\u00bb][\/et_pb_heading][et_pb_menu menu_id=\u00bb274&#8243; module_class=\u00bbpa-open-mobile-menu\u00bb _builder_version=\u00bb4.27.4&#8243; _module_preset=\u00bbdefault\u00bb menu_font=\u00bb&#8211;et_global_heading_font|600|||||||\u00bb menu_text_color=\u00bb#FFFFFF\u00bb background_enable_color=\u00bboff\u00bb custom_margin=\u00bb||||false|false\u00bb custom_margin_tablet=\u00bb-30px||||false|false\u00bb custom_margin_phone=\u00bb-30px||||false|false\u00bb custom_margin_last_edited=\u00bbon|tablet\u00bb global_colors_info=\u00bb{}\u00bb][\/et_pb_menu][\/et_pb_column][et_pb_column type=\u00bb1_6&#8243; _builder_version=\u00bb4.16&#8243; custom_padding=\u00bb|||\u00bb global_colors_info=\u00bb{}\u00bb custom_padding__hover=\u00bb|||\u00bb][et_pb_heading title=\u00bbZdroje\u00bb _builder_version=\u00bb4.25.1&#8243; _module_preset=\u00bbdefault\u00bb title_level=\u00bbh3&#8243; title_font=\u00bb&#8211;et_global_heading_font|800||on|||||\u00bb title_text_color=\u00bb#a7aeba\u00bb title_font_size=\u00bb15px\u00bb title_letter_spacing=\u00bb3px\u00bb title_line_height=\u00bb1.4em\u00bb title_font_size_tablet=\u00bb\u00bb title_font_size_phone=\u00bb\u00bb title_font_size_last_edited=\u00bbon|phone\u00bb locked=\u00bboff\u00bb global_colors_info=\u00bb{}\u00bb][\/et_pb_heading][et_pb_menu menu_id=\u00bb275&#8243; module_class=\u00bbpa-open-mobile-menu\u00bb _builder_version=\u00bb4.27.4&#8243; _module_preset=\u00bbdefault\u00bb menu_font=\u00bb&#8211;et_global_heading_font|600|||||||\u00bb menu_text_color=\u00bb#FFFFFF\u00bb background_enable_color=\u00bboff\u00bb custom_margin_tablet=\u00bb-30px||||false|false\u00bb custom_margin_phone=\u00bb-30px||||false|false\u00bb custom_margin_last_edited=\u00bbon|tablet\u00bb global_colors_info=\u00bb{}\u00bb][\/et_pb_menu][\/et_pb_column][\/et_pb_row][et_pb_row _builder_version=\u00bb4.27.4&#8243; _module_preset=\u00bbdefault\u00bb max_width=\u00bb1440px\u00bb global_colors_info=\u00bb{}\u00bb][et_pb_column type=\u00bb4_4&#8243; _builder_version=\u00bb4.25.1&#8243; _module_preset=\u00bbdefault\u00bb global_colors_info=\u00bb{}\u00bb][et_pb_divider color=\u00bb#999999&#8243; _builder_version=\u00bb4.25.1&#8243; _module_preset=\u00bbdefault\u00bb global_colors_info=\u00bb{}\u00bb][\/et_pb_divider][\/et_pb_column][\/et_pb_row][et_pb_row column_structure=\u00bb1_3,2_3&#8243; module_class=\u00bbteamogy-footer-padding\u00bb _builder_version=\u00bb4.27.4&#8243; _module_preset=\u00bbdefault\u00bb max_width=\u00bb1440px\u00bb custom_margin=\u00bb-40px||-50px||false|false\u00bb custom_margin_tablet=\u00bb-40px||-50px||false|false\u00bb custom_margin_phone=\u00bb-40px||-10px||false|false\u00bb custom_margin_last_edited=\u00bbon|phone\u00bb locked=\u00bboff\u00bb global_colors_info=\u00bb{}\u00bb][et_pb_column type=\u00bb1_3&#8243; _builder_version=\u00bb4.25.1&#8243; _module_preset=\u00bbdefault\u00bb global_colors_info=\u00bb{}\u00bb][et_pb_text _builder_version=\u00bb4.27.2&#8243; _module_preset=\u00bbdefault\u00bb text_text_color=\u00bb#FFFFFF\u00bb link_option_url=\u00bbhttps:\/\/www.ad-in-one.com\/\u00bb locked=\u00bboff\u00bb global_colors_info=\u00bb{}\u00bb]<\/p>\n<p>\u00a9 AD-IN-ONE.com<\/p>\n<p>[\/et_pb_text][\/et_pb_column][et_pb_column type=\u00bb2_3&#8243; _builder_version=\u00bb4.27.4&#8243; _module_preset=\u00bbdefault\u00bb custom_css_main_element=\u00bbtext-align: right !important;\u00bb global_colors_info=\u00bb{}\u00bb][et_pb_text _builder_version=\u00bb4.27.2&#8243; _module_preset=\u00bbdefault\u00bb text_text_color=\u00bb#FFFFFF\u00bb custom_margin=\u00bb|15px||15px|false|false\u00bb custom_margin_tablet=\u00bb|15px||15px|false|false\u00bb custom_margin_phone=\u00bb|15px||15px|false|false\u00bb custom_margin_last_edited=\u00bbon|tablet\u00bb link_option_url=\u00bbhttps:\/\/www.teamogy.com\/en\/general-business-conditions\/\u00bb custom_css_main_element=\u00bbdisplay: inline-block!important;\u00bb global_colors_info=\u00bb{}\u00bb]<\/p>\n<p><strong>Podm\u00ednky u\u017eit\u00ed<\/strong><\/p>\n<p>[\/et_pb_text][et_pb_text _builder_version=\u00bb4.27.2&#8243; _module_preset=\u00bbdefault\u00bb text_text_color=\u00bb#FFFFFF\u00bb custom_margin=\u00bb|15px||15px|false|false\u00bb custom_margin_tablet=\u00bb||||false|false\u00bb custom_margin_phone=\u00bb||||false|false\u00bb custom_margin_last_edited=\u00bbon|tablet\u00bb link_option_url=\u00bbhttps:\/\/www.teamogy.com\/cs\/ochrana-osobnich-udaju\/\u00bb custom_css_main_element=\u00bbdisplay: inline-block!important;\u00bb global_colors_info=\u00bb{}\u00bb]<\/p>\n<p><strong>Ochrana osobn\u00edch \u00fadaj\u016f<\/strong><\/p>\n<p>[\/et_pb_text][et_pb_text _builder_version=\u00bb4.27.2&#8243; _module_preset=\u00bbdefault\u00bb text_text_color=\u00bb#FFFFFF\u00bb custom_margin=\u00bb|15px||15px|false|false\u00bb custom_margin_tablet=\u00bb||||false|false\u00bb custom_margin_phone=\u00bb||||false|false\u00bb custom_margin_last_edited=\u00bbon|tablet\u00bb link_option_url=\u00bbhttps:\/\/www.teamogy.com\/cs\/zpracovani-osobnich-udaju\/\u00bb custom_css_main_element=\u00bbdisplay: inline-block!important;\u00bb global_colors_info=\u00bb{}\u00bb]<\/p>\n<p><strong>Zpracov\u00e1n\u00ed osobn\u00edch \u00fadaj\u016f<\/strong><\/p>\n<p>[\/et_pb_text][\/et_pb_column][\/et_pb_row][\/et_pb_section]<\/p>\n","protected":false},"excerpt":{"rendered":"<p>Learn more about KSeF in TeamogyBook a 20-minute walkthrough and see KSeF in Teamogy in actionIn a focused 20-minute call, we\u2019ll show how KSeF works inside Teamogy\u2014from invoice creation and approvals to sending and receiving e-invoices. You\u2019ll see what it looks like in a single, controlled flow, so your invoicing stays clean, compliant, and predictable\u2014without [&hellip;]<\/p>\n","protected":false},"author":39,"featured_media":0,"parent":0,"menu_order":0,"comment_status":"closed","ping_status":"closed","template":"","meta":{"_et_pb_use_builder":"on","_et_pb_old_content":"","_et_gb_content_width":"","footnotes":""},"class_list":["post-987522997","page","type-page","status-publish","hentry"],"aioseo_notices":[],"_links":{"self":[{"href":"https:\/\/www.teamogy.com\/es\/wp-json\/wp\/v2\/pages\/987522997","targetHints":{"allow":["GET"]}}],"collection":[{"href":"https:\/\/www.teamogy.com\/es\/wp-json\/wp\/v2\/pages"}],"about":[{"href":"https:\/\/www.teamogy.com\/es\/wp-json\/wp\/v2\/types\/page"}],"author":[{"embeddable":true,"href":"https:\/\/www.teamogy.com\/es\/wp-json\/wp\/v2\/users\/39"}],"replies":[{"embeddable":true,"href":"https:\/\/www.teamogy.com\/es\/wp-json\/wp\/v2\/comments?post=987522997"}],"version-history":[{"count":5,"href":"https:\/\/www.teamogy.com\/es\/wp-json\/wp\/v2\/pages\/987522997\/revisions"}],"predecessor-version":[{"id":987523378,"href":"https:\/\/www.teamogy.com\/es\/wp-json\/wp\/v2\/pages\/987522997\/revisions\/987523378"}],"wp:attachment":[{"href":"https:\/\/www.teamogy.com\/es\/wp-json\/wp\/v2\/media?parent=987522997"}],"curies":[{"name":"wp","href":"https:\/\/api.w.org\/{rel}","templated":true}]}}