{"id":2526,"date":"2019-02-22T09:21:38","date_gmt":"2019-02-22T09:21:38","guid":{"rendered":"http:\/\/www.teamogy.com\/?page_id=2526"},"modified":"2026-01-14T17:29:54","modified_gmt":"2026-01-14T17:29:54","slug":"personal-data-protection","status":"publish","type":"page","link":"https:\/\/www.teamogy.com\/pl\/personal-data-protection\/","title":{"rendered":"Personal data protection"},"content":{"rendered":"<p>[et_pb_section fb_built=&#8221;1&#8243; _builder_version=&#8221;4.16&#8243; background_color=&#8221;#18181d&#8221; custom_padding=&#8221;100px|0px|50px|0px|false|false&#8221; global_colors_info=&#8221;{}&#8221;][et_pb_row _builder_version=&#8221;4.27.5&#8243; module_alignment=&#8221;center&#8221; custom_padding=&#8221;0|0px|60px|0px|false|false&#8221; hover_enabled=&#8221;0&#8243; global_colors_info=&#8221;{}&#8221; sticky_enabled=&#8221;0&#8243;][et_pb_column type=&#8221;4_4&#8243; _builder_version=&#8221;4.16&#8243; custom_padding=&#8221;|||&#8221; global_colors_info=&#8221;{}&#8221; custom_padding__hover=&#8221;|||&#8221;][et_pb_text _builder_version=&#8221;4.27.5&#8243; text_font=&#8221;||||||||&#8221; text_text_color=&#8221;#ffffff&#8221; header_font=&#8221;||||||||&#8221; header_5_font=&#8221;||||||||&#8221; header_5_line_height=&#8221;1.4em&#8221; text_orientation=&#8221;center&#8221; max_width=&#8221;46%&#8221; max_width_tablet=&#8221;65%&#8221; max_width_phone=&#8221;86%&#8221; max_width_last_edited=&#8221;on|desktop&#8221; module_alignment=&#8221;center&#8221; hover_enabled=&#8221;0&#8243; global_colors_info=&#8221;{}&#8221; sticky_enabled=&#8221;0&#8243;]<\/p>\n<h1><span style=\"color: #ffffff;\">Privacy policy &amp; Personal data protection<\/span><\/h1>\n<p>[\/et_pb_text][et_pb_image src=&#8221;https:\/\/www.teamogy.com\/wp-content\/uploads\/PinNoShadow.svg&#8221; align=&#8221;center&#8221; align_tablet=&#8221;center&#8221; align_phone=&#8221;&#8221; align_last_edited=&#8221;on|desktop&#8221; _builder_version=&#8221;4.16&#8243; max_width=&#8221;15%&#8221; max_width_tablet=&#8221;25%&#8221; max_width_phone=&#8221;40%&#8221; max_width_last_edited=&#8221;on|phone&#8221; global_colors_info=&#8221;{}&#8221;][\/et_pb_image][\/et_pb_column][\/et_pb_row][\/et_pb_section][et_pb_section fb_built=&#8221;1&#8243; _builder_version=&#8221;4.16&#8243; background_color=&#8221;#f4efe7&#8243; global_colors_info=&#8221;{}&#8221;][et_pb_row _builder_version=&#8221;4.16&#8243; global_colors_info=&#8221;{}&#8221;][et_pb_column type=&#8221;4_4&#8243; _builder_version=&#8221;4.16&#8243; custom_padding=&#8221;|||&#8221; global_colors_info=&#8221;{}&#8221; custom_padding__hover=&#8221;|||&#8221;][et_pb_text _builder_version=&#8221;4.27.5&#8243; header_font=&#8221;||||||||&#8221; header_font_size=&#8221;25px&#8221; header_line_height=&#8221;1.1em&#8221; header_2_font=&#8221;||||||||&#8221; header_2_font_size=&#8221;25px&#8221; header_2_line_height=&#8221;1.1em&#8221; header_3_font=&#8221;||||||||&#8221; header_3_font_size=&#8221;20px&#8221; header_3_line_height=&#8221;1.1em&#8221; hover_enabled=&#8221;0&#8243; global_colors_info=&#8221;{}&#8221; sticky_enabled=&#8221;0&#8243;]<\/p>\n<p>&nbsp;<\/p>\n<table>\n<tbody>\n<tr>\n<td>\n<h1><span style=\"font-weight: 400;\">INTRODUCTION<\/span><\/h1>\n<p>This Privacy policy describes how AD-IN-ONE Europe, a.s. processes personal data of users of its software solutions and mobile applications, including applications available on Google Play and Apple App Store.\u00a0<\/p>\n<p><span style=\"font-weight: 400;\"><\/span><\/p>\n<h2><span style=\"font-weight: 400;\">Identity and Contact Details of the Controller<\/span><\/h2>\n<p><span style=\"font-weight: 400;\"><\/span><\/p>\n<p><span style=\"font-weight: 400;\">AD-IN-ONE Europe, a.s., Company Registration No.: 280 82 869, with its registered office at F\u00fcgnerovo n\u00e1m\u011bst\u00ed 1808\/3, 12000, Praha 2, Czechia registered in the Commercial Register maintained by the Municipal Court in Prague under File No. B 14840<\/span><\/p>\n<p><span style=\"font-weight: 400;\">To exercise the rights of the data subject under Personal Data Protection Act No. 101\/2000 Coll., and Regulation (EC) 2016\/679 of the European Parliament and of the Council (hereinafter referred to as the &#8222;<\/span><b>General Regulation<\/b><span style=\"font-weight: 400;\">&#8222;), you may contact us personally at our registered office, by post at the above-mentioned correspondence address, through data box, Data Box ID: siickh6 or by e-mail at <\/span><a href=\"mailto:info@ad-in-one.com\"><span style=\"font-weight: 400;\">info@ad-in-one.com<\/span><\/a><span style=\"font-weight: 400;\">. Our company does not fulfil conditions for the mandatory appointment of a Data Protection Officer. If in doubts about your identity, we may ask you for additional verification of your identity.<br \/><\/span><\/p>\n<p><span style=\"font-weight: 400;\"><\/span><\/p>\n<h2><span style=\"font-weight: 400;\">Object of Data Processing<\/span><\/h2>\n<p><span style=\"font-weight: 400;\">As part of our business, we process only common categories of personal data:<\/span><\/p>\n<ol>\n<li><b style=\"font-size: 16px;\">Identification data<\/b><span style=\"font-size: 16px;\"><span style=\"font-size: 16px;\"><span style=\"font-size: 16px;\"> such as title, name, surname, job position;<\/span><\/span><\/span>\n<p>&nbsp;<\/p>\n<\/li>\n<li><b>Contact data<\/b><span style=\"font-weight: 400;\"><span style=\"font-weight: 400;\"><span style=\"font-weight: 400;\"> such as telephone number, e-mail address and workplace e-mail address;<\/span><\/span><\/span>\n<p>&nbsp;<\/p>\n<\/li>\n<li><b>Transaction data<\/b><span style=\"font-weight: 400;\"><span style=\"font-weight: 400;\"><span style=\"font-weight: 400;\"> include, but are not limited to, data about services received and provided, user rights, products, payments, bank accounts and other data resulting from services provided to our customers and business partners;<\/span><\/span><\/span>\n<p>&nbsp;<\/p>\n<\/li>\n<li><b>The data included in communication<\/b><span style=\"font-weight: 400;\"><span style=\"font-weight: 400;\"><span style=\"font-weight: 400;\">, i.e. in particular, any personal data during communication of data subjects with our company, but also the very content of the communication with the subject concerned, these being written and electronic communications and records of telephone calls, chat and video chat between the customer or user and AD-IN-ONE Europe, a.s., as well as information voluntarily provided by questionnaires, forms, surveys or similar sources;<\/span><\/span><\/span>\n<p>&nbsp;<\/p>\n<\/li>\n<li><b>Data relating to the use of the website www.ad-in-one.com and other sites operated by AD-IN-ONE Europe, a.s. <\/b><span style=\"font-weight: 400;\"><span style=\"font-weight: 400;\"><span style=\"font-weight: 400;\">where we can collect data such as IP address, browser type, operating system type and approximate location. We also store information obtained through cookies and web server logs.<\/span><\/span><\/span>\n<p>&nbsp;<\/p>\n<\/li>\n<li><b>Data relating to the use of software and applications developed by AD-IN-ONE Europe, a.s.,<\/b><span style=\"font-weight: 400;\"><span style=\"font-weight: 400;\"><span style=\"font-weight: 400;\"> where we can collect data such as IP address, browser type, operating system type and approximate user location. In addition, we process the name, surname, job position, email and phone number of individual users.<\/span><\/span><\/span>\n<p>&nbsp;<\/p>\n<\/li>\n<li><b>Data processed on the basis of a consent<\/b><span style=\"font-weight: 400;\">, where the processing of such data is not strictly necessary for the performance of an agreement or statutory obligations or for the protection of the legitimate interests of AD-IN-ONE Europe, a.s., but their processing allows AD-IN-ONE Europe, a.s. to improve services, focus on what customers are really interested in, or, as the case may be, get customers acquainted with the offers that suit them. These data are processed only if consent is given and they can be processed throughout the duration of this consent. These include in particular:<\/span><\/li>\n<\/ol>\n<ul>\n<li style=\"font-weight: 400;\"><span style=\"font-weight: 400;\">Data obtained from marketing surveys;<\/span><\/li>\n<li style=\"font-weight: 400;\"><span style=\"font-weight: 400;\">Data on the use of services, products, benefits and bonuses and the type behaviour when using the services;<\/span><\/li>\n<li style=\"font-weight: 400;\"><span style=\"font-weight: 400;\">Contact data in the event that this is not a customer of AD-IN-ONE Europe, a.s .;<\/span><\/li>\n<li style=\"font-weight: 400;\"><span style=\"font-weight: 400;\"><span style=\"font-weight: 400;\"><span style=\"font-weight: 400;\">Behaviour reports on the website of AD-IN-ONE Europe, a.s. obtained from cookies, provided that cookies are permitted on the given web browser (they are processed for improving the operation of the website of AD-IN-ONE Europe, a.s., for internet advertising and, if the consent to the processing of personal data for business purposes is provided, these data are processed together with other personal data for this purpose);<\/span><\/span><\/span>\n<p>&nbsp;<\/p>\n<\/li>\n<\/ul>\n<h2><span style=\"font-weight: 400;\">Categories of Data Subjects<\/span><\/h2>\n<p><span style=\"font-weight: 400;\">Employees, members of bodies corporate (statutory bodies), authorised or contact persons of business partners, website visitors, users of software and applications developed by AD-IN-ONE Europe, a.s. within the licenses granted to customers for their use, customers and potential customers.<\/span><\/p>\n<p>&nbsp;<\/p>\n<h2><span style=\"font-weight: 400;\">Purpose and Legal Basis of the Processing<\/span><\/h2>\n<p><span style=\"font-weight: 400;\">(a) <\/span><b>Processing of data necessary for performing under the agreement<\/b><\/p>\n<p><span style=\"font-weight: 400;\">Personal data processed to provide services, safe and proper performance of an agreement, user rights management and to ensure customer service to our customers. The provision of these personal data is a contractual obligation, and failure to do so would make it impossible for us to perform an agreement with the client efficiently and safely.<\/span><\/p>\n<p><span style=\"font-weight: 400;\">(b) <\/span><b>Processing of data necessary for fulfilling a legal obligation applicable to the controller<\/b><\/p>\n<p><span style=\"font-weight: 400;\">Personal data processed to fulfil obligations arising from legislation, imposing the obligation to process personal data. Typically, this includes the retention of data for bookkeeping purposes; providing these data is a statutory requirement.<\/span><\/p>\n<p><span style=\"font-weight: 400;\">(c) <\/span><b>Processing of data necessary for negotiating and fulfilling an employment relationship<\/b><\/p>\n<p><span style=\"font-weight: 400;\">Personal data processed for the purpose of recruiting staff, retained for the purposes of concluding a contract of employment, if any, with applicants. Providing these personal data is a contractual obligation, and failure to do so would prevent us from efficiently carrying out a selection process and safely performing the contract with an employee.<\/span><\/p>\n<p><span style=\"font-weight: 400;\">(d) <\/span><b>Processing of data necessary for the purposes of legitimate interests during business communication <\/b><\/p>\n<p><span style=\"font-weight: 400;\">Personal data processed to establish, maintain, and deepen our business relationships and contacts with our business partners and customers, for example, for the purpose of sending out sale offers, identifying and improving your customer experience, PR, and brand strengthening. Our legitimate interest includes also the use of personal data for the proper protection of our legal claims, keeping internal statistics and records, carrying out internal checks, etc. In the event of instigating any judicial, administrative or other proceedings, we process personal data to the extent necessary for the duration of such proceedings. The provision of such data is voluntary, you are entitled, under Article 21 of the General Regulation, to object to the processing for such purposes at any time; if objection to the processing for the purposes of direct marketing is made, the data shall immediately cease to be processed.<\/span><\/p>\n<p><span style=\"font-weight: 400;\">(e) <\/span><b>Processing of cookies from websites<\/b><\/p>\n<p><span style=\"font-weight: 400;\">As part of our business strategy, we also use cookies used primarily to identify user devices, optimise our web presentation, and for third-party services (especially Google Analytics). If visitors to AD-IN-ONE Europe, a.s. disagree with the use of cookies, they may set their blocking settings in their browser. If a visitor has enabled cookies in their web browser, we process their behaviour \u00a0records from the cookies placed on the website pages of AD-IN-ONE Europe, a.s.<\/span><\/p>\n<p>&nbsp;<\/p>\n<h2><span style=\"font-weight: 400;\">Categories of Personal Data Recipients<\/span><\/h2>\n<p><span style=\"font-weight: 400;\">All personal data are used solely for the internal use of AD-IN-ONE Europe, a.s. and are protected from misuse. Personal data are, to the extent necessary, transferred for processing by public authorities and other processors who, in accordance with the guidelines imposed, provide sufficient guarantees for introducing technical and organisational measures so that the processing concerned would comply with the requirements of the General Regulation.<\/span><\/p>\n<p><span style=\"font-weight: 400;\">The processors include but are not limited to advisory and consulting companies, attorneys-at-law, external hauliers, law enforcement agencies, supervisory authorities in the field of personal data protection and other state administration authorities competent under special regulations.<\/span><\/p>\n<p><span style=\"font-weight: 400;\">Recipients also include the cloud storage provider Amazon Web Services Inc., and card payment gateway operators. Credit card numbers and other sensitive data are processed by the payment gateway provider. AD-IN-ONE Europe, a.s. does not retain or have available credit card numbers.<\/span><\/p>\n<p><span style=\"font-weight: 400;\">During the processing of personal data these are not transmitted to third countries outside of the European Union or to international organizations.<\/span><\/p>\n<p>&nbsp;<\/p>\n<h2><span style=\"font-weight: 400;\">Time and Method of Personal Data Processing<\/span><\/h2>\n<p><span style=\"font-weight: 400;\">Personal data are processed for a period of time that is strictly necessary to ensure all rights and obligations arising from agreement, as well as for a period of time that is required for their retention in accordance with generally binding legal regulations.<\/span><\/p>\n<p><span style=\"font-weight: 400;\">In general, however, we use and process personal data out of legitimate interest for:<\/span><\/p>\n<ul>\n<li style=\"font-weight: 400;\"><span style=\"font-weight: 400;\">The duration of our business relationship;<\/span><\/li>\n<li style=\"font-weight: 400;\"><span style=\"font-weight: 400;\">The duration of communication with an employee, a statutory representative, an authorised or contact person during their activity, if you notify us of its termination;<\/span><\/li>\n<li style=\"font-weight: 400;\"><span style=\"font-weight: 400;\">A period of time needed to exercise such rights, and after the expiration of the time limits set out in previous points we process the data out of our legitimate interests, in particular, to exercise, demonstrate and defend our rights, interests and claims;<\/span><\/li>\n<li style=\"font-weight: 400;\"><span style=\"font-weight: 400;\">Until objection to the processing is made where your rights and interests override our legitimate interests.<\/span><\/li>\n<\/ul>\n<p><span style=\"font-weight: 400;\"><br \/>After this time, we are authorised to process your personal data only for compatible purposes or for special purposes (archiving or statistics).<\/span><\/p>\n<p><span style=\"font-weight: 400;\">Personal data are stored in electronic form solely on the servers of our company in the Czech Republic or in the territory of the European Union. Physically, we store data only on the premises of our company or under the supervision of responsible persons.<\/span><\/p>\n<p>&nbsp;<\/p>\n<h2><span style=\"font-weight: 400;\">Rights of Data Subjects<\/span><\/h2>\n<p><span style=\"font-weight: 400;\">Data subjects are entitled to turn to AD-IN-ONE Europe a.s. for the purpose of exercising the right of access to personal data concerning them, their correction or erasure or, as the case may be, limitation of processing, the right to object to processing, as well as when exercising the right to the portability of data and other rights under the General Regulation.<\/span><\/p>\n<p><span style=\"font-weight: 400;\">If you believe that your data is not adequately and in compliance with legal regulations handled, you are entitled to file a complaint with the supervisory authority, i.e. with the The Office for Personal Data Protection, with its registered office at Pplk. Sochora 27, 170 00 Prague 7 &#8211; Hole\u0161ovice, or through the Office website: <\/span><a href=\"http:\/\/www.uoou.cz\"><span style=\"font-weight: 400;\">www.uoou.cz<\/span><\/a><span style=\"font-weight: 400;\">.<\/span><\/p>\n<p><b>AD-IN-ONE Europe, a.s. , 01\/2019<\/b><\/p>\n<\/td>\n<\/tr>\n<\/tbody>\n<\/table>\n<p>[\/et_pb_text][\/et_pb_column][\/et_pb_row][\/et_pb_section][et_pb_section fb_built=&#8221;1&#8243; fullwidth=&#8221;on&#8221; _builder_version=&#8221;4.16&#8243; global_colors_info=&#8221;{}&#8221;][et_pb_fullwidth_image src=&#8221;http:\/\/test2.teamogy.com\/wp-content\/uploads\/Screenshot-2019-01-14-14.20.31.png&#8221; _builder_version=&#8221;4.16&#8243; global_colors_info=&#8221;{}&#8221;][\/et_pb_fullwidth_image][\/et_pb_section][et_pb_section fb_built=&#8221;1&#8243; _builder_version=&#8221;3.19.17&#8243; background_color=&#8221;#18181d&#8221; custom_padding=&#8221;13px|0px|54px|0px|false|false&#8221; border_color_all=&#8221;rgba(51,51,51,0)&#8221; border_color_top=&#8221;rgba(255,255,255,0.64)&#8221; global_module=&#8221;3723&#8243; locked=&#8221;off&#8221; global_colors_info=&#8221;{}&#8221;][et_pb_row column_structure=&#8221;1_2,1_2&#8243; _builder_version=&#8221;4.16&#8243; custom_padding=&#8221;27px|0px|27px|0px|false|false&#8221; border_width_top=&#8221;2px&#8221; global_colors_info=&#8221;{}&#8221;][et_pb_column type=&#8221;1_2&#8243; _builder_version=&#8221;4.16&#8243; custom_padding=&#8221;|||&#8221; global_colors_info=&#8221;{}&#8221; custom_padding__hover=&#8221;|||&#8221;][et_pb_image src=&#8221;https:\/\/www.teamogy.com\/wp-content\/uploads\/Teamogybyaio_white.svg&#8221; align_tablet=&#8221;center&#8221; align_phone=&#8221;&#8221; align_last_edited=&#8221;on|desktop&#8221; _builder_version=&#8221;4.16&#8243; max_width=&#8221;25%&#8221; max_width_tablet=&#8221;50%&#8221; max_width_phone=&#8221;&#8221; max_width_last_edited=&#8221;on|phone&#8221; global_colors_info=&#8221;{}&#8221;][\/et_pb_image][\/et_pb_column][et_pb_column type=&#8221;1_2&#8243; _builder_version=&#8221;4.16&#8243; custom_padding=&#8221;|||&#8221; global_colors_info=&#8221;{}&#8221; custom_padding__hover=&#8221;|||&#8221;][et_pb_text disabled_on=&#8221;on|on|off&#8221; _builder_version=&#8221;4.16&#8243; text_font=&#8221;||||||||&#8221; text_text_color=&#8221;#ffffff&#8221; text_orientation=&#8221;right&#8221; link_option_url=&#8221;https:\/\/www.ad-in-one.com&#8221; link_option_url_new_window=&#8221;on&#8221; global_colors_info=&#8221;{}&#8221;]<\/p>\n<p>\u00a9 AD-IN-ONE.com<\/p>\n<p>[\/et_pb_text][\/et_pb_column][\/et_pb_row][\/et_pb_section]<\/p>\n","protected":false},"excerpt":{"rendered":"<p>Privacy policy &amp; Personal data protection&nbsp; INTRODUCTION This Privacy policy describes how AD-IN-ONE Europe, a.s. processes personal data of users of its software solutions and mobile applications, including applications available on Google Play and Apple App Store.\u00a0 Identity and Contact Details of the Controller AD-IN-ONE Europe, a.s., Company Registration No.: 280 82 869, with its [&hellip;]<\/p>\n","protected":false},"author":6,"featured_media":0,"parent":0,"menu_order":0,"comment_status":"closed","ping_status":"closed","template":"","meta":{"_et_pb_use_builder":"on","_et_pb_old_content":"","_et_gb_content_width":"","footnotes":""},"class_list":["post-2526","page","type-page","status-publish","hentry"],"aioseo_notices":[],"_links":{"self":[{"href":"https:\/\/www.teamogy.com\/pl\/wp-json\/wp\/v2\/pages\/2526","targetHints":{"allow":["GET"]}}],"collection":[{"href":"https:\/\/www.teamogy.com\/pl\/wp-json\/wp\/v2\/pages"}],"about":[{"href":"https:\/\/www.teamogy.com\/pl\/wp-json\/wp\/v2\/types\/page"}],"author":[{"embeddable":true,"href":"https:\/\/www.teamogy.com\/pl\/wp-json\/wp\/v2\/users\/6"}],"replies":[{"embeddable":true,"href":"https:\/\/www.teamogy.com\/pl\/wp-json\/wp\/v2\/comments?post=2526"}],"version-history":[{"count":2,"href":"https:\/\/www.teamogy.com\/pl\/wp-json\/wp\/v2\/pages\/2526\/revisions"}],"predecessor-version":[{"id":987522361,"href":"https:\/\/www.teamogy.com\/pl\/wp-json\/wp\/v2\/pages\/2526\/revisions\/987522361"}],"wp:attachment":[{"href":"https:\/\/www.teamogy.com\/pl\/wp-json\/wp\/v2\/media?parent=2526"}],"curies":[{"name":"wp","href":"https:\/\/api.w.org\/{rel}","templated":true}]}}