{"id":34136,"date":"2020-05-02T15:12:40","date_gmt":"2020-05-02T15:12:40","guid":{"rendered":"https:\/\/www.teamogy.com\/dziekuje-ci\/"},"modified":"2026-02-13T15:58:34","modified_gmt":"2026-02-13T15:58:34","slug":"thank-you","status":"publish","type":"page","link":"https:\/\/www.teamogy.com\/pl\/thank-you\/","title":{"rendered":"Dzi\u0119kuj\u0119 Ci"},"content":{"rendered":"<p>[et_pb_section fb_built=&#8221;1&#8243; custom_padding_last_edited=&#8221;on|phone&#8221; module_class=&#8221;ogy-full-height&#8221; _builder_version=&#8221;3.22.3&#8243; background_color=&#8221;#18181d&#8221; custom_margin=&#8221;||&#8221; custom_margin_tablet=&#8221;&#8221; custom_margin_phone=&#8221;&#8221; custom_margin_last_edited=&#8221;on|phone&#8221; custom_padding=&#8221;0px||40px||false|false&#8221; custom_padding_tablet=&#8221;0px||0px&#8221; custom_padding_phone=&#8221;0px||0px||false|false&#8221; locked=&#8221;off&#8221;][et_pb_row make_equal=&#8221;on&#8221; custom_padding_last_edited=&#8221;on|desktop&#8221; _builder_version=&#8221;3.25&#8243; background_image=&#8221;https:\/\/www.teamogy.com\/wp-content\/uploads\/Circle_orange_transparent.svg&#8221; background_size=&#8221;contain&#8221; module_alignment=&#8221;center&#8221; custom_margin=&#8221;-10px|||&#8221; custom_margin_last_edited=&#8221;off|desktop&#8221; custom_padding=&#8221;0px|0px|0px|0px|false|false&#8221; custom_padding_tablet=&#8221;0|0px|0px|0|false|false&#8221; custom_padding_phone=&#8221;0px|0px||0px|false|false&#8221; animation_style=&#8221;fade&#8221; custom_css_main_element=&#8221;height: 100%;||width: 100%;||display: flex;||flex-direction: column; ||justify-content: center;||&#8221;][et_pb_column type=&#8221;4_4&#8243; _builder_version=&#8221;3.25&#8243; custom_padding=&#8221;|||&#8221; custom_padding__hover=&#8221;|||&#8221;][et_pb_text module_id=&#8221;box&#8221; module_class=&#8221;box&#8221; _builder_version=&#8221;4.9.0&#8243; text_font=&#8221;|300|||||||&#8221; text_text_color=&#8221;#ffffff&#8221; text_font_size=&#8221;5vw&#8221; text_line_height=&#8221;1.1em&#8221; text_orientation=&#8221;center&#8221; width=&#8221;60%&#8221; custom_margin=&#8221;||&#8221; custom_padding=&#8221;||&#8221; custom_padding_tablet=&#8221;|||&#8221; custom_padding_phone=&#8221;40px||&#8221; custom_padding_last_edited=&#8221;on|phone&#8221; animation_style=&#8221;fade&#8221; animation_delay=&#8221;1000ms&#8221; hover_enabled=&#8221;0&#8243; text_font_size_tablet=&#8221;8vw&#8221; text_font_size_phone=&#8221;9vw&#8221; text_font_size_last_edited=&#8221;on|desktop&#8221; custom_css_main_element=&#8221;  position: relative;  ||  width: 100%;||  height: 200px;||\tmargin-top: auto;||\tmargin-bottom: auto;||  margin-left: auto;||  margin-right: auto;&#8221; sticky_enabled=&#8221;0&#8243; max_width=&#8221;60%&#8221;]<\/p>\n<div style=\"font-weight: 100; font-size: 8vmin; line-height: 120%;\"><span>Dzi\u0119kuj\u0119 Ci<\/span><\/div>\n<div style=\"font-weight: 200; font-size: 2vmin; line-height: 120%;\">\n<p>Potwierd\u017a sw\u00f3j adres e-mail, aby zako\u0144czy\u0107 rejestracj\u0119.<\/p>\n<p>Je\u015bli nie otrzymasz go od razu, sprawd\u017a folder ze spamem. Po otrzymaniu potwierdzenia skontaktujemy si\u0119 z Tob\u0105 tak szybko, jak to mo\u017cliwe.<\/p>\n<\/div>\n<p>[\/et_pb_text][\/et_pb_column][\/et_pb_row][\/et_pb_section]<\/p>\n","protected":false},"excerpt":{"rendered":"<p>Dzi\u0119kuj\u0119 Ci Potwierd\u017a sw\u00f3j adres e-mail, aby zako\u0144czy\u0107 rejestracj\u0119. Je\u015bli nie otrzymasz go od razu, sprawd\u017a folder ze spamem. Po otrzymaniu potwierdzenia skontaktujemy si\u0119 z Tob\u0105 tak szybko, jak to mo\u017cliwe.<\/p>\n","protected":false},"author":2,"featured_media":0,"parent":0,"menu_order":0,"comment_status":"closed","ping_status":"closed","template":"","meta":{"_et_pb_use_builder":"on","_et_pb_old_content":"","_et_gb_content_width":"","footnotes":""},"class_list":["post-34136","page","type-page","status-publish","hentry"],"aioseo_notices":[],"_links":{"self":[{"href":"https:\/\/www.teamogy.com\/pl\/wp-json\/wp\/v2\/pages\/34136","targetHints":{"allow":["GET"]}}],"collection":[{"href":"https:\/\/www.teamogy.com\/pl\/wp-json\/wp\/v2\/pages"}],"about":[{"href":"https:\/\/www.teamogy.com\/pl\/wp-json\/wp\/v2\/types\/page"}],"author":[{"embeddable":true,"href":"https:\/\/www.teamogy.com\/pl\/wp-json\/wp\/v2\/users\/2"}],"replies":[{"embeddable":true,"href":"https:\/\/www.teamogy.com\/pl\/wp-json\/wp\/v2\/comments?post=34136"}],"version-history":[{"count":5,"href":"https:\/\/www.teamogy.com\/pl\/wp-json\/wp\/v2\/pages\/34136\/revisions"}],"predecessor-version":[{"id":987523058,"href":"https:\/\/www.teamogy.com\/pl\/wp-json\/wp\/v2\/pages\/34136\/revisions\/987523058"}],"wp:attachment":[{"href":"https:\/\/www.teamogy.com\/pl\/wp-json\/wp\/v2\/media?parent=34136"}],"curies":[{"name":"wp","href":"https:\/\/api.w.org\/{rel}","templated":true}]}}