{"id":987523017,"date":"2026-02-13T15:38:54","date_gmt":"2026-02-13T15:38:54","guid":{"rendered":"https:\/\/www.teamogy.com\/?page_id=987523017"},"modified":"2026-02-17T08:27:06","modified_gmt":"2026-02-17T08:27:06","slug":"dowiedz-sie-wiecej-o-ksef-w-teamogy","status":"publish","type":"page","link":"https:\/\/www.teamogy.com\/pl\/dowiedz-sie-wiecej-o-ksef-w-teamogy\/","title":{"rendered":"Dowiedz si\u0119 wi\u0119cej o KSeF w Teamogy"},"content":{"rendered":"<p>[et_pb_section fb_built=&#8221;1&#8243; _builder_version=&#8221;4.27.5&#8243; _module_preset=&#8221;default&#8221; background_color=&#8221;#f4f4f4&#8243; max_width=&#8221;100%&#8221; custom_padding=&#8221;0px|0px|0px|0px|false|false&#8221; global_colors_info=&#8221;{}&#8221;][et_pb_row column_structure=&#8221;1_2,1_2&#8243; make_equal=&#8221;on&#8221; _builder_version=&#8221;4.27.5&#8243; _module_preset=&#8221;default&#8221; width=&#8221;100%&#8221; max_width=&#8221;100%&#8221; module_alignment=&#8221;center&#8221; min_height=&#8221;600px&#8221; custom_padding=&#8221;0px|0px|0px|0px|false|false&#8221; global_colors_info=&#8221;{}&#8221;][et_pb_column type=&#8221;1_2&#8243; _builder_version=&#8221;4.27.5&#8243; _module_preset=&#8221;default&#8221; custom_padding=&#8221;5%|5%|5%|5%|false|false&#8221; global_colors_info=&#8221;{}&#8221;][et_pb_text _builder_version=&#8221;4.27.5&#8243; _module_preset=&#8221;default&#8221; text_font=&#8221;||||||||&#8221; text_text_color=&#8221;#ff4c00&#8243; text_font_size=&#8221;20px&#8221; text_font_size_tablet=&#8221;20px&#8221; text_font_size_phone=&#8221;20px&#8221; text_font_size_last_edited=&#8221;on|desktop&#8221; locked=&#8221;off&#8221; global_colors_info=&#8221;{}&#8221;]<\/p>\n<p>Dowiedz si\u0119 wi\u0119cej o KSeF w Teamogy<\/p>\n<p>[\/et_pb_text][et_pb_text _builder_version=&#8221;4.27.5&#8243; _module_preset=&#8221;default&#8221; header_font=&#8221;|||on|||||&#8221; header_text_align=&#8221;left&#8221; header_font_size=&#8221;40px&#8221; width=&#8221;100%&#8221; custom_margin=&#8221;-20px||||false|false&#8221; custom_margin_tablet=&#8221;-15px||||false|false&#8221; custom_margin_phone=&#8221;||0px||false|false&#8221; custom_margin_last_edited=&#8221;on|phone&#8221; header_font_size_tablet=&#8221;40px&#8221; header_font_size_phone=&#8221;40px&#8221; header_font_size_last_edited=&#8221;on|phone&#8221; locked=&#8221;off&#8221; global_colors_info=&#8221;{}&#8221;]<\/p>\n<h1><strong>Um\u00f3w si\u0119 na 20-minutowe spotkanie<\/strong> i sprawd\u017a KSeF w akcji w Teamogy<\/h1>\n<p>[\/et_pb_text][et_pb_text _builder_version=&#8221;4.27.5&#8243; _module_preset=&#8221;default&#8221; text_font=&#8221;&#8211;et_global_body_font||||||||&#8221; text_font_size=&#8221;16px&#8221; custom_padding=&#8221;||||false|false&#8221; custom_padding_tablet=&#8221;|0px|||false|false&#8221; custom_padding_phone=&#8221;|0px|||false|false&#8221; custom_padding_last_edited=&#8221;on|phone&#8221; text_font_size_tablet=&#8221;16px&#8221; text_font_size_phone=&#8221;16px&#8221; text_font_size_last_edited=&#8221;on|desktop&#8221; locked=&#8221;off&#8221; global_colors_info=&#8221;{}&#8221;]<\/p>\n<p data-start=\"393\" data-end=\"553\">Podczas 20-minutowej rozmowy poka\u017cemy, jak dzia\u0142a KSeF w Teamogy \u2014 od tworzenia i zatwierdzania faktur po wysy\u0142anie i odbieranie faktur elektronicznych.<\/p>\n<p data-start=\"555\" data-end=\"723\">Zobaczysz, jak to wygl\u0105da w ramach <strong data-start=\"590\" data-end=\"621\">pojedynczego, kontrolowanego procesu,<\/strong> dzi\u0119ki czemu Twoje fakturowanie b\u0119dzie przejrzyste, zgodne z przepisami i przewidywalne \u2014 bez dodatkowych narz\u0119dzi lub r\u0119cznych obej\u015b\u0107.<\/p>\n<p>[\/et_pb_text][et_pb_code admin_label=&#8221;Kod&#8221; _builder_version=&#8221;4.27.5&#8243; _module_preset=&#8221;default&#8221; locked=&#8221;off&#8221; global_colors_info=&#8221;{}&#8221;]<\/p>\n<div id=\"tmg-embedded-form\" class=\"theme-light\"><\/div>\n<p><!-- [et_pb_line_break_holder] --><script type=\"text\/javascript\" src=\"https:\/\/aio.teamogy.team\/flow\/data\/public\/try-for-free-form.js\"><\/script><!-- [et_pb_line_break_holder] -->[\/et_pb_code][\/et_pb_column][et_pb_column type=&#8221;1_2&#8243; _builder_version=&#8221;4.27.5&#8243; _module_preset=&#8221;default&#8221; background_image=&#8221;https:\/\/www.teamogy.com\/wp-content\/uploads\/Teamogy-free-consultation-1.webp&#8221; global_colors_info=&#8221;{}&#8221;][\/et_pb_column][\/et_pb_row][\/et_pb_section][et_pb_section fb_built=&#8221;1&#8243; custom_padding_last_edited=&#8221;off|desktop&#8221; admin_label=&#8221;Footer&#8221; _builder_version=&#8221;4.27.4&#8243; _module_preset=&#8221;default&#8221; background_color=&#8221;#242424&#8243; custom_margin=&#8221;||||false|false&#8221; custom_padding=&#8221;||||false|false&#8221; custom_padding_tablet=&#8221;|30px||30px|false|false&#8221; custom_padding_phone=&#8221;|30px||30px|false|false&#8221; global_module=&#8221;987516603&#8243; locked=&#8221;off&#8221; global_colors_info=&#8221;{}&#8221;][et_pb_row column_structure=&#8221;1_2,1_6,1_6,1_6&#8243; use_custom_gutter=&#8221;on&#8221; gutter_width=&#8221;2&#8243; module_class=&#8221;teamogy-footer-padding&#8221; _builder_version=&#8221;4.27.4&#8243; max_width=&#8221;1440px&#8221; custom_margin=&#8221;||||false|false&#8221; custom_padding=&#8221;||||false|false&#8221; custom_css_free_form=&#8221;.teamogy-footer-padding {||  padding-right: 25px;||  padding-left: 25px;||}&#8221; global_colors_info=&#8221;{}&#8221;][et_pb_column type=&#8221;1_2&#8243; _builder_version=&#8221;4.16&#8243; custom_padding=&#8221;|||&#8221; global_colors_info=&#8221;{}&#8221; custom_padding__hover=&#8221;|||&#8221;][et_pb_image src=&#8221;https:\/\/www.teamogy.com\/wp-content\/uploads\/Teamogy_forDarkBackground-2.svg&#8221; title_text=&#8221;Teamogy_forDarkBackground&#8221; _builder_version=&#8221;4.27.4&#8243; _module_preset=&#8221;default&#8221; width=&#8221;200px&#8221; width_tablet=&#8221;200px&#8221; width_phone=&#8221;190px&#8221; width_last_edited=&#8221;on|phone&#8221; global_colors_info=&#8221;{}&#8221;][\/et_pb_image][et_pb_text _builder_version=&#8221;4.27.4&#8243; _module_preset=&#8221;default&#8221; text_text_color=&#8221;#FFFFFF&#8221; custom_css_free_form=&#8221;footer {||  line-height: 1.6;        \/* v\u00fd\u0161ka \u0159\u00e1dku \u2013 nap\u0159. 1.4\u00d7 velikost p\u00edsma *\/||  font-size: 14px;         \/* voliteln\u011b m\u016f\u017ee\u0161 zmen\u0161it text *\/||}||||footer p {||  margin: 0;               \/* odstran\u00ed v\u00fdchoz\u00ed svisl\u00e9 odsazen\u00ed odstavc\u016f *\/||  padding: 0;              \/* odstran\u00ed p\u0159\u00edpadn\u00e9 vnit\u0159n\u00ed odsazen\u00ed *\/||}||||.footer-company strong {||  font-size: 20px;     \/* nebo nap\u0159. 18px podle pot\u0159eby *\/||  font-weight: bold;   \/* zv\u00fdrazn\u011bn\u00ed *\/||  display: inline-block;||  margin-bottom: 0.5rem;||}||||.footer-company p {||  margin: 0.4rem 0; ||}||||.white-link {||  color: #ffffff !important;||  text-decoration: underline !important;||}&#8221; global_colors_info=&#8221;{}&#8221;]<\/p>\n<footer class=\"footer-company\"><strong class=\"company-name\">AD-IN-ONE Europe a.s.<\/strong><\/p>\n<p class=\"company-address\">F\u00fcgnerovo n\u00e1m\u011bst\u00ed 1808\/3,<br \/>Praha 2, 12000<\/p>\n<p class=\"company-contact\">Tel: <a href=\"tel:+420222551500\" class=\"white-link\">+420 222 551 500<\/a><br \/>Email: <a href=\"mailto:welcome@teamogy.com\" class=\"white-link\">welcome@teamogy.com<\/a><\/p>\n<p class=\"company-tax\">Regon: 28082869, NIP: CZ28082869<\/p>\n<p class=\"company-reg\">Registered in the Commercial Register kept by the Municipal Court in Prague, Section B, Insert No. 14840<\/p>\n<\/footer>\n<p>[\/et_pb_text][et_pb_image src=&#8221;https:\/\/www.teamogy.com\/wp-content\/uploads\/DownloadGooglePlay-1.svg&#8221; alt=&#8221;Pobierz z Google Play&#8221; title_text=&#8221;DownloadGooglePlay 1&#8243; url=&#8221;https:\/\/play.google.com\/store\/apps\/details?id=com.teamogy.app.app25504&#8243; url_new_window=&#8221;on&#8221; _builder_version=&#8221;4.27.4&#8243; _module_preset=&#8221;default&#8221; width=&#8221;150px&#8221; width_tablet=&#8221;150px&#8221; width_phone=&#8221;140px&#8221; width_last_edited=&#8221;on|phone&#8221; global_colors_info=&#8221;{}&#8221;][\/et_pb_image][et_pb_image src=&#8221;https:\/\/www.teamogy.com\/wp-content\/uploads\/DownloadAppStore-1.svg&#8221; alt=&#8221;Pobierz z App Store&#8221; title_text=&#8221;DownloadAppStore 1&#8243; url=&#8221;https:\/\/apps.apple.com\/us\/app\/teamogy\/id6470290153&#8243; url_new_window=&#8221;on&#8221; _builder_version=&#8221;4.27.4&#8243; _module_preset=&#8221;default&#8221; width=&#8221;150px&#8221; width_tablet=&#8221;150px&#8221; width_phone=&#8221;140px&#8221; width_last_edited=&#8221;on|phone&#8221; global_colors_info=&#8221;{}&#8221;][\/et_pb_image][\/et_pb_column][et_pb_column type=&#8221;1_6&#8243; _builder_version=&#8221;4.16&#8243; custom_padding=&#8221;|||&#8221; global_colors_info=&#8221;{}&#8221; custom_padding__hover=&#8221;|||&#8221;][et_pb_heading title=&#8221;O firmie&#8221; _builder_version=&#8221;4.25.1&#8243; _module_preset=&#8221;default&#8221; title_level=&#8221;h3&#8243; title_font=&#8221;&#8211;et_global_heading_font|800||on|||||&#8221; title_text_color=&#8221;#a7aeba&#8221; title_font_size=&#8221;15px&#8221; title_letter_spacing=&#8221;3px&#8221; title_line_height=&#8221;1.4em&#8221; title_font_size_tablet=&#8221;&#8221; title_font_size_phone=&#8221;&#8221; title_font_size_last_edited=&#8221;on|phone&#8221; locked=&#8221;off&#8221; global_colors_info=&#8221;{}&#8221;][\/et_pb_heading][et_pb_menu menu_id=&#8221;273&#8243; module_class=&#8221;pa-open-mobile-menu&#8221; _builder_version=&#8221;4.27.4&#8243; _module_preset=&#8221;default&#8221; menu_font=&#8221;&#8211;et_global_heading_font|600|||||||&#8221; menu_text_color=&#8221;#FFFFFF&#8221; background_enable_color=&#8221;off&#8221; custom_margin=&#8221;||||false|false&#8221; custom_margin_tablet=&#8221;-30px||||false|false&#8221; custom_margin_phone=&#8221;-30px||||false|false&#8221; custom_margin_last_edited=&#8221;on|tablet&#8221; custom_css_free_form=&#8221;.et-menu.nav li {||  display: block !important;||  margin-bottom: 10px !important;||  line-height: 1.6;||}||||.et-menu.nav {||  display: block !important;||}||||@Media (max-width: 980px) {||.pa-open-mobile-menu .et_pb_menu__menu {||display: flex!important;||}||.pa-open-mobile-menu .et_mobile_nav_menu {||display: none!important;||}||}||||.et_pb_menu&#8211;style-left_aligned .et_pb_menu__wrap {||  justify-content: flex-start !important;||}&#8221; global_colors_info=&#8221;{}&#8221;][\/et_pb_menu][\/et_pb_column][et_pb_column type=&#8221;1_6&#8243; _builder_version=&#8221;4.16&#8243; custom_padding=&#8221;|||&#8221; global_colors_info=&#8221;{}&#8221; custom_padding__hover=&#8221;|||&#8221;][et_pb_heading title=&#8221;Produkt&#8221; _builder_version=&#8221;4.25.1&#8243; _module_preset=&#8221;default&#8221; title_level=&#8221;h3&#8243; title_font=&#8221;&#8211;et_global_heading_font|800||on|||||&#8221; title_text_color=&#8221;#a7aeba&#8221; title_font_size=&#8221;15px&#8221; title_letter_spacing=&#8221;3px&#8221; title_line_height=&#8221;1.4em&#8221; title_font_size_tablet=&#8221;&#8221; title_font_size_phone=&#8221;&#8221; title_font_size_last_edited=&#8221;on|phone&#8221; locked=&#8221;off&#8221; global_colors_info=&#8221;{}&#8221;][\/et_pb_heading][et_pb_menu menu_id=&#8221;274&#8243; module_class=&#8221;pa-open-mobile-menu&#8221; _builder_version=&#8221;4.27.4&#8243; _module_preset=&#8221;default&#8221; menu_font=&#8221;&#8211;et_global_heading_font|600|||||||&#8221; menu_text_color=&#8221;#FFFFFF&#8221; background_enable_color=&#8221;off&#8221; custom_margin=&#8221;||||false|false&#8221; custom_margin_tablet=&#8221;-30px||||false|false&#8221; custom_margin_phone=&#8221;-30px||||false|false&#8221; custom_margin_last_edited=&#8221;on|tablet&#8221; global_colors_info=&#8221;{}&#8221;][\/et_pb_menu][\/et_pb_column][et_pb_column type=&#8221;1_6&#8243; _builder_version=&#8221;4.16&#8243; custom_padding=&#8221;|||&#8221; global_colors_info=&#8221;{}&#8221; custom_padding__hover=&#8221;|||&#8221;][et_pb_heading title=&#8221;\u0179r\u00f3d\u0142a&#8221; _builder_version=&#8221;4.25.1&#8243; _module_preset=&#8221;default&#8221; title_level=&#8221;h3&#8243; title_font=&#8221;&#8211;et_global_heading_font|800||on|||||&#8221; title_text_color=&#8221;#a7aeba&#8221; title_font_size=&#8221;15px&#8221; title_letter_spacing=&#8221;3px&#8221; title_line_height=&#8221;1.4em&#8221; title_font_size_tablet=&#8221;&#8221; title_font_size_phone=&#8221;&#8221; title_font_size_last_edited=&#8221;on|phone&#8221; locked=&#8221;off&#8221; global_colors_info=&#8221;{}&#8221;][\/et_pb_heading][et_pb_menu menu_id=&#8221;275&#8243; module_class=&#8221;pa-open-mobile-menu&#8221; _builder_version=&#8221;4.27.4&#8243; _module_preset=&#8221;default&#8221; menu_font=&#8221;&#8211;et_global_heading_font|600|||||||&#8221; menu_text_color=&#8221;#FFFFFF&#8221; background_enable_color=&#8221;off&#8221; custom_margin_tablet=&#8221;-30px||||false|false&#8221; custom_margin_phone=&#8221;-30px||||false|false&#8221; custom_margin_last_edited=&#8221;on|tablet&#8221; global_colors_info=&#8221;{}&#8221;][\/et_pb_menu][\/et_pb_column][\/et_pb_row][et_pb_row _builder_version=&#8221;4.27.4&#8243; _module_preset=&#8221;default&#8221; max_width=&#8221;1440px&#8221; global_colors_info=&#8221;{}&#8221;][et_pb_column type=&#8221;4_4&#8243; _builder_version=&#8221;4.25.1&#8243; _module_preset=&#8221;default&#8221; global_colors_info=&#8221;{}&#8221;][et_pb_divider color=&#8221;#999999&#8243; _builder_version=&#8221;4.25.1&#8243; _module_preset=&#8221;default&#8221; global_colors_info=&#8221;{}&#8221;][\/et_pb_divider][\/et_pb_column][\/et_pb_row][et_pb_row column_structure=&#8221;1_3,2_3&#8243; module_class=&#8221;teamogy-footer-padding&#8221; _builder_version=&#8221;4.27.4&#8243; _module_preset=&#8221;default&#8221; max_width=&#8221;1440px&#8221; custom_margin=&#8221;-40px||-50px||false|false&#8221; custom_margin_tablet=&#8221;-40px||-50px||false|false&#8221; custom_margin_phone=&#8221;-40px||-10px||false|false&#8221; custom_margin_last_edited=&#8221;on|phone&#8221; locked=&#8221;off&#8221; global_colors_info=&#8221;{}&#8221;][et_pb_column type=&#8221;1_3&#8243; _builder_version=&#8221;4.25.1&#8243; _module_preset=&#8221;default&#8221; global_colors_info=&#8221;{}&#8221;][et_pb_text _builder_version=&#8221;4.27.2&#8243; _module_preset=&#8221;default&#8221; text_text_color=&#8221;#FFFFFF&#8221; link_option_url=&#8221;https:\/\/www.ad-in-one.com\/&#8221; locked=&#8221;off&#8221; global_colors_info=&#8221;{}&#8221;]<\/p>\n<p>\u00a9 AD-IN-ONE.com<\/p>\n<p>[\/et_pb_text][\/et_pb_column][et_pb_column type=&#8221;2_3&#8243; _builder_version=&#8221;4.27.4&#8243; _module_preset=&#8221;default&#8221; custom_css_main_element=&#8221;text-align: right !important;&#8221; global_colors_info=&#8221;{}&#8221;][et_pb_text _builder_version=&#8221;4.27.2&#8243; _module_preset=&#8221;default&#8221; text_text_color=&#8221;#FFFFFF&#8221; custom_margin=&#8221;|15px||15px|false|false&#8221; custom_margin_tablet=&#8221;|15px||15px|false|false&#8221; custom_margin_phone=&#8221;|15px||15px|false|false&#8221; custom_margin_last_edited=&#8221;on|tablet&#8221; link_option_url=&#8221;https:\/\/www.teamogy.com\/en\/general-business-conditions\/&#8221; custom_css_main_element=&#8221;display: inline-block!important;&#8221; global_colors_info=&#8221;{}&#8221;]<\/p>\n<p><strong>Warunki og\u00f3lne<\/strong><\/p>\n<p>[\/et_pb_text][et_pb_text _builder_version=&#8221;4.27.2&#8243; _module_preset=&#8221;default&#8221; text_text_color=&#8221;#FFFFFF&#8221; custom_margin=&#8221;|15px||15px|false|false&#8221; custom_margin_tablet=&#8221;||||false|false&#8221; custom_margin_phone=&#8221;||||false|false&#8221; custom_margin_last_edited=&#8221;on|tablet&#8221; link_option_url=&#8221;https:\/\/www.teamogy.com\/en\/personal-data-protection\/&#8221; custom_css_main_element=&#8221;display: inline-block!important;&#8221; global_colors_info=&#8221;{}&#8221;]<\/p>\n<p><strong>Ochrona danych osobowych<\/strong><\/p>\n<p>[\/et_pb_text][et_pb_text _builder_version=&#8221;4.27.2&#8243; _module_preset=&#8221;default&#8221; text_text_color=&#8221;#FFFFFF&#8221; custom_margin=&#8221;|15px||15px|false|false&#8221; custom_margin_tablet=&#8221;||||false|false&#8221; custom_margin_phone=&#8221;||||false|false&#8221; custom_margin_last_edited=&#8221;on|tablet&#8221; link_option_url=&#8221;https:\/\/www.teamogy.com\/en\/personal-data-processing\/&#8221; custom_css_main_element=&#8221;display: inline-block!important;&#8221; global_colors_info=&#8221;{}&#8221;]<\/p>\n<p><strong>Przetwarzanie danych osobowych<\/strong><\/p>\n<p>[\/et_pb_text][\/et_pb_column][\/et_pb_row][\/et_pb_section]<\/p>\n","protected":false},"excerpt":{"rendered":"<p>Dowiedz si\u0119 wi\u0119cej o KSeF w TeamogyUm\u00f3w si\u0119 na 20-minutowe spotkanie i sprawd\u017a KSeF w akcji w TeamogyPodczas 20-minutowej rozmowy poka\u017cemy, jak dzia\u0142a KSeF w Teamogy \u2014 od tworzenia i zatwierdzania faktur po wysy\u0142anie i odbieranie faktur elektronicznych. Zobaczysz, jak to wygl\u0105da w ramach pojedynczego, kontrolowanego procesu, dzi\u0119ki czemu Twoje fakturowanie b\u0119dzie przejrzyste, zgodne z [&hellip;]<\/p>\n","protected":false},"author":39,"featured_media":0,"parent":0,"menu_order":0,"comment_status":"closed","ping_status":"closed","template":"","meta":{"_et_pb_use_builder":"on","_et_pb_old_content":"","_et_gb_content_width":"","footnotes":""},"class_list":["post-987523017","page","type-page","status-publish","hentry"],"aioseo_notices":[],"_links":{"self":[{"href":"https:\/\/www.teamogy.com\/pl\/wp-json\/wp\/v2\/pages\/987523017","targetHints":{"allow":["GET"]}}],"collection":[{"href":"https:\/\/www.teamogy.com\/pl\/wp-json\/wp\/v2\/pages"}],"about":[{"href":"https:\/\/www.teamogy.com\/pl\/wp-json\/wp\/v2\/types\/page"}],"author":[{"embeddable":true,"href":"https:\/\/www.teamogy.com\/pl\/wp-json\/wp\/v2\/users\/39"}],"replies":[{"embeddable":true,"href":"https:\/\/www.teamogy.com\/pl\/wp-json\/wp\/v2\/comments?post=987523017"}],"version-history":[{"count":4,"href":"https:\/\/www.teamogy.com\/pl\/wp-json\/wp\/v2\/pages\/987523017\/revisions"}],"predecessor-version":[{"id":987523082,"href":"https:\/\/www.teamogy.com\/pl\/wp-json\/wp\/v2\/pages\/987523017\/revisions\/987523082"}],"wp:attachment":[{"href":"https:\/\/www.teamogy.com\/pl\/wp-json\/wp\/v2\/media?parent=987523017"}],"curies":[{"name":"wp","href":"https:\/\/api.w.org\/{rel}","templated":true}]}}